{"id":1809,"date":"2015-05-18T14:28:16","date_gmt":"2015-05-18T13:28:16","guid":{"rendered":"http:\/\/www.dotnice.com\/?page_id=1809"},"modified":"2015-09-28T07:08:21","modified_gmt":"2015-09-28T06:08:21","slug":"infrastruttura-dns-enterprise","status":"publish","type":"page","link":"https:\/\/stg.dotnice.com\/it\/servizi\/infrastruttura-dns-enterprise\/","title":{"rendered":"Gestione infrastruttura DNS enterprise"},"content":{"rendered":"<p>Le basse performance delle infrastrutture DNS possono avere effetti negativi sul volume di affari di un\u2019azienda. Molte aziende oggi investono per sviluppare siti ed applicazioni complessi. La potenza e la capacit\u00e0 di queste tecnologie possono essere minate se non vengono supportati da un sistema DNS adeguato ed efficace.<br \/>\nUtilizzare il miglior <strong>servizio di gestione dei DNS<\/strong> assicura forti vantaggi ad un marchio digitale. Periodi intermittenti di indisponibilit\u00e0, scarso funzionamento del DNS e velocit\u00e0 ridotte possono creare problemi ai servizi internet istituzionali, ma anche alla brand identity e alla brand equity.<\/p>\n<p>Tutte le aziende richiedono servizi di gestione DNS sicuri, veloci ed affidabili per indirizzare velocemente gli utenti finali sul loro sito. Senza un servizio stabile ed efficiente, l\u2019azienda rischierebbe di perdere anche i clienti gi\u00e0 esistenti. dotNice fornisce una gamma completa di servizi necessari alla Gestione dell\u2019Infrastruttura DNS di livello enterprise.<\/p>\n<p>\u2022<strong> Servizio efficiente a livello globale <\/strong>&#8211; Con dotNice \u00e8 possibile accedere a centinaia di nameserver presenti in un network globale integrato<\/p>\n<p>\u2022 <strong> Tempo di risposta di risoluzione rapida <\/strong> &#8211; dotNice utilizza nameserver autoritativi su un network IP Anycast. Questo porter\u00e0 vantaggi per le attivit\u00e0 SEO ed aiuter\u00e0 ad migliorare il traffico sul sito<\/p>\n<p>\u2022 <strong> Disponibilit\u00e0 dei DNS 24\/7 <\/strong> &#8211; dotNice assicura il 100% di uptime SLA (Accordo sul Livello del Servizio)<\/p>\n<p>\u2022 <strong> Sicurezza <\/strong> &#8211; Protezione totale da contraffazioni e falsificazioni dei DNS (DNSSEC)<\/p>\n<p>\u2022 <strong> Difesa <\/strong> &#8211; Contro gli attacchi DDoS, spoofing\/fake ed attacchi di cache-poisoning<\/p>\n<p>\u2022 <strong> Customer experience di alta qualit\u00e0 <\/strong> &#8211; Garantiamo tempi di risposta inferiori a 30 millisecondi in Europa e USA<\/p>\n<p>\u2022 <strong> Supporto completo IPv6 <\/strong> &#8211; Su tutti i name server<\/p>\n<p>\u2022 <strong> Aggiornamenti istantanei dei DNS <\/strong>&#8211; A garanzia della costante efficacia del funzionamento del servizio DNS<\/p>\n<p>Avere una infrastruttura DNS affidabile e dalle alte performance \u00e8 fondamentale per il successo di una impresa. dotNice fornisce la pi\u00f9 avanzata <strong>infrastruttura DNS di livello enterprise<\/strong> disponibile nel mercato attuale. <\/p>\n","protected":false},"excerpt":{"rendered":"<p>Le basse performance delle infrastrutture DNS possono avere effetti negativi sul volume di affari di un\u2019azienda. Molte aziende oggi investono per sviluppare siti ed applicazioni complessi. La potenza e la capacit\u00e0 di queste tecnologie possono essere minate se non vengono supportati da un sistema DNS adeguato ed efficace. Utilizzare il miglior servizio di gestione dei &hellip; <a href=\"https:\/\/stg.dotnice.com\/it\/servizi\/infrastruttura-dns-enterprise\/\" class=\"more-link\">Continue reading <span class=\"screen-reader-text\">Gestione infrastruttura DNS enterprise<\/span><\/a><\/p>\n","protected":false},"author":5,"featured_media":0,"parent":1530,"menu_order":0,"comment_status":"closed","ping_status":"closed","template":"","meta":{"footnotes":""},"class_list":["post-1809","page","type-page","status-publish","hentry"],"yoast_head":"<!-- This site is optimized with the Yoast SEO plugin v27.4 - https:\/\/yoast.com\/product\/yoast-seo-wordpress\/ -->\n<title>Gestione infrastruttura DNS enterprise - dotNice<\/title>\n<meta name=\"description\" content=\"Gestione infrastruttura DNS enterprise, rete IP Anycast, IPv4, IPv6, DNSSEC, 100% uptime garantito (SLA)\" \/>\n<meta name=\"robots\" content=\"noindex, follow, max-snippet:-1, max-image-preview:large, max-video-preview:-1\" \/>\n<meta property=\"og:locale\" content=\"it_IT\" \/>\n<meta property=\"og:type\" content=\"article\" \/>\n<meta property=\"og:title\" content=\"Gestione infrastruttura DNS enterprise - dotNice\" \/>\n<meta property=\"og:description\" content=\"Gestione infrastruttura DNS enterprise, rete IP Anycast, IPv4, IPv6, DNSSEC, 100% uptime garantito (SLA)\" \/>\n<meta property=\"og:url\" content=\"https:\/\/stg.dotnice.com\/it\/servizi\/infrastruttura-dns-enterprise\/\" \/>\n<meta property=\"og:site_name\" content=\"dotNice\" \/>\n<meta property=\"article:modified_time\" content=\"2015-09-28T06:08:21+00:00\" \/>\n<meta name=\"twitter:card\" content=\"summary_large_image\" \/>\n<meta name=\"twitter:label1\" content=\"Est. reading time\" \/>\n\t<meta name=\"twitter:data1\" content=\"2 minutes\" \/>\n<script type=\"application\/ld+json\" class=\"yoast-schema-graph\">{\"@context\":\"https:\\\/\\\/schema.org\",\"@graph\":[{\"@type\":\"WebPage\",\"@id\":\"https:\\\/\\\/stg.dotnice.com\\\/it\\\/servizi\\\/infrastruttura-dns-enterprise\\\/\",\"url\":\"https:\\\/\\\/stg.dotnice.com\\\/it\\\/servizi\\\/infrastruttura-dns-enterprise\\\/\",\"name\":\"Gestione infrastruttura DNS enterprise - dotNice\",\"isPartOf\":{\"@id\":\"https:\\\/\\\/stg.dotnice.com\\\/it\\\/#website\"},\"datePublished\":\"2015-05-18T13:28:16+00:00\",\"dateModified\":\"2015-09-28T06:08:21+00:00\",\"description\":\"Gestione infrastruttura DNS enterprise, rete IP Anycast, IPv4, IPv6, DNSSEC, 100% uptime garantito (SLA)\",\"breadcrumb\":{\"@id\":\"https:\\\/\\\/stg.dotnice.com\\\/it\\\/servizi\\\/infrastruttura-dns-enterprise\\\/#breadcrumb\"},\"inLanguage\":\"it-IT\",\"potentialAction\":[{\"@type\":\"ReadAction\",\"target\":[\"https:\\\/\\\/stg.dotnice.com\\\/it\\\/servizi\\\/infrastruttura-dns-enterprise\\\/\"]}]},{\"@type\":\"BreadcrumbList\",\"@id\":\"https:\\\/\\\/stg.dotnice.com\\\/it\\\/servizi\\\/infrastruttura-dns-enterprise\\\/#breadcrumb\",\"itemListElement\":[{\"@type\":\"ListItem\",\"position\":1,\"name\":\"Home\",\"item\":\"https:\\\/\\\/www.dotnice.it\\\/\"},{\"@type\":\"ListItem\",\"position\":2,\"name\":\"Servizi Brand Protection\",\"item\":\"https:\\\/\\\/www.dotnice.it\\\/servizi\\\/\"},{\"@type\":\"ListItem\",\"position\":3,\"name\":\"Gestione infrastruttura DNS enterprise\"}]},{\"@type\":\"WebSite\",\"@id\":\"https:\\\/\\\/stg.dotnice.com\\\/it\\\/#website\",\"url\":\"https:\\\/\\\/stg.dotnice.com\\\/it\\\/\",\"name\":\"dotNice\",\"description\":\"digital brand protection\",\"potentialAction\":[{\"@type\":\"SearchAction\",\"target\":{\"@type\":\"EntryPoint\",\"urlTemplate\":\"https:\\\/\\\/stg.dotnice.com\\\/it\\\/?s=%7Bsearch_term_string%7D\"},\"query-input\":{\"@type\":\"PropertyValueSpecification\",\"valueRequired\":true,\"valueName\":\"search_term_string\"}}],\"inLanguage\":\"it-IT\"}]}<\/script>\n<!-- \/ Yoast SEO plugin. -->","yoast_head_json":{"title":"Gestione infrastruttura DNS enterprise - dotNice","description":"Gestione infrastruttura DNS enterprise, rete IP Anycast, IPv4, IPv6, DNSSEC, 100% uptime garantito (SLA)","robots":{"index":"noindex","follow":"follow","max-snippet":"max-snippet:-1","max-image-preview":"max-image-preview:large","max-video-preview":"max-video-preview:-1"},"og_locale":"it_IT","og_type":"article","og_title":"Gestione infrastruttura DNS enterprise - dotNice","og_description":"Gestione infrastruttura DNS enterprise, rete IP Anycast, IPv4, IPv6, DNSSEC, 100% uptime garantito (SLA)","og_url":"https:\/\/stg.dotnice.com\/it\/servizi\/infrastruttura-dns-enterprise\/","og_site_name":"dotNice","article_modified_time":"2015-09-28T06:08:21+00:00","twitter_card":"summary_large_image","twitter_misc":{"Est. reading time":"2 minutes"},"schema":{"@context":"https:\/\/schema.org","@graph":[{"@type":"WebPage","@id":"https:\/\/stg.dotnice.com\/it\/servizi\/infrastruttura-dns-enterprise\/","url":"https:\/\/stg.dotnice.com\/it\/servizi\/infrastruttura-dns-enterprise\/","name":"Gestione infrastruttura DNS enterprise - dotNice","isPartOf":{"@id":"https:\/\/stg.dotnice.com\/it\/#website"},"datePublished":"2015-05-18T13:28:16+00:00","dateModified":"2015-09-28T06:08:21+00:00","description":"Gestione infrastruttura DNS enterprise, rete IP Anycast, IPv4, IPv6, DNSSEC, 100% uptime garantito (SLA)","breadcrumb":{"@id":"https:\/\/stg.dotnice.com\/it\/servizi\/infrastruttura-dns-enterprise\/#breadcrumb"},"inLanguage":"it-IT","potentialAction":[{"@type":"ReadAction","target":["https:\/\/stg.dotnice.com\/it\/servizi\/infrastruttura-dns-enterprise\/"]}]},{"@type":"BreadcrumbList","@id":"https:\/\/stg.dotnice.com\/it\/servizi\/infrastruttura-dns-enterprise\/#breadcrumb","itemListElement":[{"@type":"ListItem","position":1,"name":"Home","item":"https:\/\/www.dotnice.it\/"},{"@type":"ListItem","position":2,"name":"Servizi Brand Protection","item":"https:\/\/www.dotnice.it\/servizi\/"},{"@type":"ListItem","position":3,"name":"Gestione infrastruttura DNS enterprise"}]},{"@type":"WebSite","@id":"https:\/\/stg.dotnice.com\/it\/#website","url":"https:\/\/stg.dotnice.com\/it\/","name":"dotNice","description":"digital brand protection","potentialAction":[{"@type":"SearchAction","target":{"@type":"EntryPoint","urlTemplate":"https:\/\/stg.dotnice.com\/it\/?s=%7Bsearch_term_string%7D"},"query-input":{"@type":"PropertyValueSpecification","valueRequired":true,"valueName":"search_term_string"}}],"inLanguage":"it-IT"}]}},"_links":{"self":[{"href":"https:\/\/stg.dotnice.com\/it\/wp-json\/wp\/v2\/pages\/1809","targetHints":{"allow":["GET"]}}],"collection":[{"href":"https:\/\/stg.dotnice.com\/it\/wp-json\/wp\/v2\/pages"}],"about":[{"href":"https:\/\/stg.dotnice.com\/it\/wp-json\/wp\/v2\/types\/page"}],"author":[{"embeddable":true,"href":"https:\/\/stg.dotnice.com\/it\/wp-json\/wp\/v2\/users\/5"}],"replies":[{"embeddable":true,"href":"https:\/\/stg.dotnice.com\/it\/wp-json\/wp\/v2\/comments?post=1809"}],"version-history":[{"count":0,"href":"https:\/\/stg.dotnice.com\/it\/wp-json\/wp\/v2\/pages\/1809\/revisions"}],"up":[{"embeddable":true,"href":"https:\/\/stg.dotnice.com\/it\/wp-json\/wp\/v2\/pages\/1530"}],"wp:attachment":[{"href":"https:\/\/stg.dotnice.com\/it\/wp-json\/wp\/v2\/media?parent=1809"}],"curies":[{"name":"wp","href":"https:\/\/api.w.org\/{rel}","templated":true}]}}