{"id":1489,"date":"2015-01-23T16:08:31","date_gmt":"2015-01-23T16:08:31","guid":{"rendered":"https:\/\/www.dotnice.com\/?page_id=1489"},"modified":"2015-09-28T07:07:37","modified_gmt":"2015-09-28T06:07:37","slug":"chi-ha-bisogno-della-digital-brand-protection","status":"publish","type":"page","link":"https:\/\/stg.dotnice.com\/it\/chi-ha-bisogno-della-digital-brand-protection\/","title":{"rendered":"Chi ha bisogno della digital brand protection ?"},"content":{"rendered":"<p>La concorrenza tra i brand che vendono on line e&#8217; agguerrita. \u00a0Cos\u00ec come il marchio continua a crescere di popolarit\u00e0, anche gli addetti al marketing ed i manager si concentrano su come costruire rapporti solidi con i clienti, come rafforzare la visibilit\u00e0 del brand e su come far aumentare il valore totale del marchio.<\/p>\n<p>Parallelamente a questo sviluppo, si \u00e8 certamente verificato un incremento delle violazioni della propriet\u00e0 intellettuale digitale. A questo punto, quindi, tutti possono imbattersi nei rischi che deve affrontare il proprio marchio in rete. Quotidianamente, infatti, un marchio pu\u00f2 subire attacchi di\u00a0cybersquatting, violazione del marchio registrato, phishing,\u00a0brandjacking,\u00a0typosquatting, deviazione del traffico\u00a0web e altre attivit\u00e0 fraudolente. La cosa peggiore \u00e8 che il crimine digitale riesce a rubare completamente l\u2019identit\u00e0 di qualsiasi brand. Cos\u00ec come le minacce per i brand si evolvono, cos\u00ec deve evolversi la loro strategia di protezione. La buona notizia \u00e8 che tutti questi problemi potenzialmente lesivi possono essere evitati adottando idonee misure preventive.<\/p>\n<p><strong>Ecco alcune domande da porsi:<\/strong><\/p>\n<p style=\"padding-left: 30px;\">1. Qual \u00e8 l\u2019ammontare della perdita di profitto dovuta da violazioni del marchio digitale?<\/p>\n<p style=\"padding-left: 30px;\">2. Come identificare e dare priorit\u00e0 ai rischi digitali del brand?<\/p>\n<p style=\"padding-left: 30px;\">3. Si conoscono tutti i rischi che il marchio deve affrontare online?<\/p>\n<p style=\"padding-left: 30px;\">4. Si conoscono tutte le piattaforme su cui i brand sono pi\u00f9 a rischio?<\/p>\n<p style=\"padding-left: 30px;\">5. Quali azioni attuare per assicurare la protezione del brand?<\/p>\n","protected":false},"excerpt":{"rendered":"<p>La concorrenza tra i brand che vendono on line e&#8217; agguerrita. \u00a0Cos\u00ec come il marchio continua a crescere di popolarit\u00e0, anche gli addetti al marketing ed i manager si concentrano su come costruire rapporti solidi con i clienti, come rafforzare la visibilit\u00e0 del brand e su come far aumentare il valore totale del marchio. Parallelamente &hellip; <a href=\"https:\/\/stg.dotnice.com\/it\/chi-ha-bisogno-della-digital-brand-protection\/\" class=\"more-link\">Continue reading <span class=\"screen-reader-text\">Chi ha bisogno della digital brand protection ?<\/span><\/a><\/p>\n","protected":false},"author":5,"featured_media":0,"parent":0,"menu_order":0,"comment_status":"closed","ping_status":"closed","template":"","meta":{"footnotes":""},"class_list":["post-1489","page","type-page","status-publish","hentry"],"yoast_head":"<!-- This site is optimized with the Yoast SEO plugin v27.4 - https:\/\/yoast.com\/product\/yoast-seo-wordpress\/ -->\n<title>Chi ha bisogno della digital brand protection ? - dotNice<\/title>\n<meta name=\"description\" content=\"marchio digitale, SMB, organizzazioni , imprese, aziende, marchi globali\" \/>\n<meta name=\"robots\" content=\"noindex, follow, max-snippet:-1, max-image-preview:large, max-video-preview:-1\" \/>\n<meta property=\"og:locale\" content=\"it_IT\" \/>\n<meta property=\"og:type\" content=\"article\" \/>\n<meta property=\"og:title\" content=\"Chi ha bisogno della digital brand protection ? - dotNice\" \/>\n<meta property=\"og:description\" content=\"marchio digitale, SMB, organizzazioni , imprese, aziende, marchi globali\" \/>\n<meta property=\"og:url\" content=\"https:\/\/stg.dotnice.com\/it\/chi-ha-bisogno-della-digital-brand-protection\/\" \/>\n<meta property=\"og:site_name\" content=\"dotNice\" \/>\n<meta property=\"article:modified_time\" content=\"2015-09-28T06:07:37+00:00\" \/>\n<meta name=\"twitter:card\" content=\"summary_large_image\" \/>\n<meta name=\"twitter:label1\" content=\"Est. reading time\" \/>\n\t<meta name=\"twitter:data1\" content=\"1 minute\" \/>\n<script type=\"application\/ld+json\" class=\"yoast-schema-graph\">{\"@context\":\"https:\\\/\\\/schema.org\",\"@graph\":[{\"@type\":\"WebPage\",\"@id\":\"https:\\\/\\\/stg.dotnice.com\\\/it\\\/chi-ha-bisogno-della-digital-brand-protection\\\/\",\"url\":\"https:\\\/\\\/stg.dotnice.com\\\/it\\\/chi-ha-bisogno-della-digital-brand-protection\\\/\",\"name\":\"Chi ha bisogno della digital brand protection ?-_dotNice\",\"isPartOf\":{\"@id\":\"https:\\\/\\\/stg.dotnice.com\\\/it\\\/#website\"},\"datePublished\":\"2015-01-23T16:08:31+00:00\",\"dateModified\":\"2015-09-28T06:07:37+00:00\",\"description\":\"marchio digitale, SMB, organizzazioni , imprese, aziende, marchi globali\",\"breadcrumb\":{\"@id\":\"https:\\\/\\\/stg.dotnice.com\\\/it\\\/chi-ha-bisogno-della-digital-brand-protection\\\/#breadcrumb\"},\"inLanguage\":\"it-IT\",\"potentialAction\":[{\"@type\":\"ReadAction\",\"target\":[\"https:\\\/\\\/stg.dotnice.com\\\/it\\\/chi-ha-bisogno-della-digital-brand-protection\\\/\"]}]},{\"@type\":\"BreadcrumbList\",\"@id\":\"https:\\\/\\\/stg.dotnice.com\\\/it\\\/chi-ha-bisogno-della-digital-brand-protection\\\/#breadcrumb\",\"itemListElement\":[{\"@type\":\"ListItem\",\"position\":1,\"name\":\"Home\",\"item\":\"https:\\\/\\\/www.dotnice.it\\\/\"},{\"@type\":\"ListItem\",\"position\":2,\"name\":\"Chi ha bisogno della digital brand protection ?\"}]},{\"@type\":\"WebSite\",\"@id\":\"https:\\\/\\\/stg.dotnice.com\\\/it\\\/#website\",\"url\":\"https:\\\/\\\/stg.dotnice.com\\\/it\\\/\",\"name\":\"dotNice\",\"description\":\"digital brand protection\",\"potentialAction\":[{\"@type\":\"SearchAction\",\"target\":{\"@type\":\"EntryPoint\",\"urlTemplate\":\"https:\\\/\\\/stg.dotnice.com\\\/it\\\/?s=%7Bsearch_term_string%7D\"},\"query-input\":{\"@type\":\"PropertyValueSpecification\",\"valueRequired\":true,\"valueName\":\"search_term_string\"}}],\"inLanguage\":\"it-IT\"}]}<\/script>\n<!-- \/ Yoast SEO plugin. -->","yoast_head_json":{"title":"Chi ha bisogno della digital brand protection ? - dotNice","description":"marchio digitale, SMB, organizzazioni , imprese, aziende, marchi globali","robots":{"index":"noindex","follow":"follow","max-snippet":"max-snippet:-1","max-image-preview":"max-image-preview:large","max-video-preview":"max-video-preview:-1"},"og_locale":"it_IT","og_type":"article","og_title":"Chi ha bisogno della digital brand protection ? - dotNice","og_description":"marchio digitale, SMB, organizzazioni , imprese, aziende, marchi globali","og_url":"https:\/\/stg.dotnice.com\/it\/chi-ha-bisogno-della-digital-brand-protection\/","og_site_name":"dotNice","article_modified_time":"2015-09-28T06:07:37+00:00","twitter_card":"summary_large_image","twitter_misc":{"Est. reading time":"1 minute"},"schema":{"@context":"https:\/\/schema.org","@graph":[{"@type":"WebPage","@id":"https:\/\/stg.dotnice.com\/it\/chi-ha-bisogno-della-digital-brand-protection\/","url":"https:\/\/stg.dotnice.com\/it\/chi-ha-bisogno-della-digital-brand-protection\/","name":"Chi ha bisogno della digital brand protection ?-_dotNice","isPartOf":{"@id":"https:\/\/stg.dotnice.com\/it\/#website"},"datePublished":"2015-01-23T16:08:31+00:00","dateModified":"2015-09-28T06:07:37+00:00","description":"marchio digitale, SMB, organizzazioni , imprese, aziende, marchi globali","breadcrumb":{"@id":"https:\/\/stg.dotnice.com\/it\/chi-ha-bisogno-della-digital-brand-protection\/#breadcrumb"},"inLanguage":"it-IT","potentialAction":[{"@type":"ReadAction","target":["https:\/\/stg.dotnice.com\/it\/chi-ha-bisogno-della-digital-brand-protection\/"]}]},{"@type":"BreadcrumbList","@id":"https:\/\/stg.dotnice.com\/it\/chi-ha-bisogno-della-digital-brand-protection\/#breadcrumb","itemListElement":[{"@type":"ListItem","position":1,"name":"Home","item":"https:\/\/www.dotnice.it\/"},{"@type":"ListItem","position":2,"name":"Chi ha bisogno della digital brand protection ?"}]},{"@type":"WebSite","@id":"https:\/\/stg.dotnice.com\/it\/#website","url":"https:\/\/stg.dotnice.com\/it\/","name":"dotNice","description":"digital brand protection","potentialAction":[{"@type":"SearchAction","target":{"@type":"EntryPoint","urlTemplate":"https:\/\/stg.dotnice.com\/it\/?s=%7Bsearch_term_string%7D"},"query-input":{"@type":"PropertyValueSpecification","valueRequired":true,"valueName":"search_term_string"}}],"inLanguage":"it-IT"}]}},"_links":{"self":[{"href":"https:\/\/stg.dotnice.com\/it\/wp-json\/wp\/v2\/pages\/1489","targetHints":{"allow":["GET"]}}],"collection":[{"href":"https:\/\/stg.dotnice.com\/it\/wp-json\/wp\/v2\/pages"}],"about":[{"href":"https:\/\/stg.dotnice.com\/it\/wp-json\/wp\/v2\/types\/page"}],"author":[{"embeddable":true,"href":"https:\/\/stg.dotnice.com\/it\/wp-json\/wp\/v2\/users\/5"}],"replies":[{"embeddable":true,"href":"https:\/\/stg.dotnice.com\/it\/wp-json\/wp\/v2\/comments?post=1489"}],"version-history":[{"count":0,"href":"https:\/\/stg.dotnice.com\/it\/wp-json\/wp\/v2\/pages\/1489\/revisions"}],"wp:attachment":[{"href":"https:\/\/stg.dotnice.com\/it\/wp-json\/wp\/v2\/media?parent=1489"}],"curies":[{"name":"wp","href":"https:\/\/api.w.org\/{rel}","templated":true}]}}