{"id":2184,"date":"2014-06-20T11:40:19","date_gmt":"2014-06-20T10:40:19","guid":{"rendered":"http:\/\/www.dotnice.com\/?page_id=2184"},"modified":"2015-09-28T07:57:47","modified_gmt":"2015-09-28T06:57:47","slug":"tld-generiques","status":"publish","type":"page","link":"https:\/\/stg.dotnice.com\/fr\/enregistrement-de-domaine\/tld-generiques\/","title":{"rendered":"TLD generiques"},"content":{"rendered":"<p>Les domaines de premier niveau g\u00e9n\u00e9riques (gTLD), aussi connus comme internationales, ne sont pas assign\u00e9es \u00e0 un pays en particulier\u00a0 mais se r\u00e9f\u00e8rent \u00e0 l&#8217;industrie du demandeur (entreprise, institution, etc\u2026), ou au site Web associ\u00e9, ou a une zone g\u00e9ographique.<\/p>\n<p>La principale force des TLD g\u00e9n\u00e9riques est leur mode international, ce qui les rend tr\u00e8s attrayants. Les noms de domaine peuvent \u00eatre enregistr\u00e9s par tout le monde, sans aucune restrictions particuli\u00e8res ce qui explique que le plus grand nombre d&#8217;abus se produisent avec\u00a0ces extensions.<\/p>\n<p>Les extensions de domaine g\u00e9n\u00e9riques avec un int\u00e9r\u00eat historique ont \u00e9t\u00e9 introduites en 1985 (.com et . net \u00e9tant les premi\u00e8res). Fin 2013, des centaines de nouveaux domaines de premier niveau g\u00e9n\u00e9riques ont \u00e9t\u00e9 introduits \u00e0 la suite de l&#8217;adoption du programme de nouveaux gTLD approuv\u00e9 par l&#8217;ICANN.<\/p>\n<p>Le portefeuille des extensions g\u00e9n\u00e9riques comprend un total de 22 gTLD regroup\u00e9s dans les cat\u00e9gories suivantes. De plus il existe un certain nombre de domaines de deuxi\u00e8me niveau universellement reconnus &#8211; commun\u00e9ment appel\u00e9s gTLD alternatifs &#8211; qui se caract\u00e9rises par des extensions non-officiels se rapportant \u00e0 diff\u00e9rents pays dans le monde.<\/p>\n<p>En particulier, et en fonction des besoins et des activit\u00e9s du demandeur, il peut \u00eatre utile d&#8217;envisager l&#8217;enregistrement des noms de domaine dans ces extensions pour \u00e9tendre la protection des marques d\u00e9pos\u00e9es.<\/p>\n<div id=\"box-generic\" class=\"sh-box gtld blue col-md-6\"><\/p>\n<h2><i class=\"fa fa-generic\"><\/i> INTERNATIONAL<\/h2>\n<ul>\n<li>.com<\/li>\n<li>.net<\/li>\n<li>.org<\/li>\n<li>.info<\/li>\n<li>.int<\/li>\n<li>.mil<\/li>\n<li>.gov<\/li>\n<li>.edu<\/li>\n<\/ul>\n<p><\/div>\n<div id=\"box-generic\" class=\"sh-box gtld blue col-md-6\"><\/p>\n<h2><i class=\"fa fa-generic\"><\/i>\u00a0ALTERNATIF<\/h2>\n<ul>\n<li>.ae.org<\/li>\n<li>.africa.com<\/li>\n<li>.ar.com<\/li>\n<li>.br.com<\/li>\n<li>.cn.com<\/li>\n<li>.de.com<\/li>\n<li>.eu.com<\/li>\n<li>.gb.com<\/li>\n<li>.gb.net<\/li>\n<li>.gr.com<\/li>\n<li>.hu.com<\/li>\n<li>.hu.net<\/li>\n<li>.in.net<\/li>\n<li>.jp.net<\/li>\n<li>.jpn.com<\/li>\n<li>.kr.com<\/li>\n<li>.no.com<\/li>\n<li>.qc.com<\/li>\n<li>.ru.com<\/li>\n<li>.sa.com<\/li>\n<li>.se.com<\/li>\n<li>.se.net<\/li>\n<li>.uk.com<\/li>\n<li>.uk.net<\/li>\n<li>.us.com<\/li>\n<li>.us.org<\/li>\n<li>.uy.com<\/li>\n<li>.za.com<\/li>\n<\/ul>\n<p><\/div>\n<div id=\"box-generic\" class=\"sh-box gtld blue col-md-6\"><\/p>\n<h2><i class=\"fa fa-generic\"><\/i> SPONSORISEES<\/h2>\n<ul>\n<li><b>.<\/b>aero<\/li>\n<li>.asia<\/li>\n<li>.cat<\/li>\n<li>.coop<\/li>\n<li>.edu<\/li>\n<li>.gov<\/li>\n<li>.int<\/li>\n<li>.jobs<\/li>\n<li>.mil<\/li>\n<li>.mobi<\/li>\n<li>.museum<\/li>\n<li>.tel<\/li>\n<li>.travel<\/li>\n<li>.xxx<\/li>\n<\/ul>\n<p><\/div>\n<div id=\"box-generic\" class=\"sh-box gtld blue col-md-6\"><\/p>\n<h2><i class=\"fa fa-generic\"><\/i> RESTREINT<\/h2>\n<ul>\n<li>.biz<\/li>\n<li>.name<\/li>\n<li>.pro<\/li>\n<\/ul>\n<p><\/div>\n<div id=\"box-generic\" class=\"sh-box gtld blue col-md-6\"><\/p>\n<h2><i class=\"fa fa-generic\"><\/i> INFRASTRUCTURE<\/h2>\n<ul>\n<li><b>.<\/b>arpa<\/li>\n<\/ul>\n<p><\/div>\n<p><script>\/\/ <![CDATA[\n\/\/ DOMAIN BOX LIST\njQuery(function() {\n  jQuery('.gtld h2').click(function(event) {\n    jQuery(this).next('ul').slideToggle();\n  });\n});\n\/\/ ]]><\/script><\/p>\n","protected":false},"excerpt":{"rendered":"<p>Les domaines de premier niveau g\u00e9n\u00e9riques (gTLD), aussi connus comme internationales, ne sont pas assign\u00e9es \u00e0 un pays en particulier\u00a0 mais se r\u00e9f\u00e8rent \u00e0 l&#8217;industrie du demandeur (entreprise, institution, etc\u2026), ou au site Web associ\u00e9, ou a une zone g\u00e9ographique. La principale force des TLD g\u00e9n\u00e9riques est leur mode international, ce qui les rend tr\u00e8s &hellip; <a href=\"https:\/\/stg.dotnice.com\/fr\/enregistrement-de-domaine\/tld-generiques\/\" class=\"more-link\">Continue reading <span class=\"screen-reader-text\">TLD generiques<\/span><\/a><\/p>\n","protected":false},"author":6,"featured_media":0,"parent":2186,"menu_order":0,"comment_status":"closed","ping_status":"closed","template":"","meta":{"footnotes":""},"class_list":["post-2184","page","type-page","status-publish","hentry"],"yoast_head":"<!-- This site is optimized with the Yoast SEO plugin v27.4 - https:\/\/yoast.com\/product\/yoast-seo-wordpress\/ -->\n<title>TLD generiques - dotNice<\/title>\n<meta name=\"robots\" content=\"noindex, follow, max-snippet:-1, max-image-preview:large, max-video-preview:-1\" \/>\n<meta property=\"og:locale\" content=\"fr_FR\" \/>\n<meta property=\"og:type\" content=\"article\" \/>\n<meta property=\"og:title\" content=\"TLD generiques - dotNice\" \/>\n<meta property=\"og:description\" content=\"Les domaines de premier niveau g\u00e9n\u00e9riques (gTLD), aussi connus comme internationales, ne sont pas assign\u00e9es \u00e0 un pays en particulier\u00a0 mais se r\u00e9f\u00e8rent \u00e0 l&#8217;industrie du demandeur (entreprise, institution, etc\u2026), ou au site Web associ\u00e9, ou a une zone g\u00e9ographique. La principale force des TLD g\u00e9n\u00e9riques est leur mode international, ce qui les rend tr\u00e8s &hellip; Continue reading TLD generiques\" \/>\n<meta property=\"og:url\" content=\"https:\/\/stg.dotnice.com\/fr\/enregistrement-de-domaine\/tld-generiques\/\" \/>\n<meta property=\"og:site_name\" content=\"dotNice\" \/>\n<meta property=\"article:modified_time\" content=\"2015-09-28T06:57:47+00:00\" \/>\n<meta name=\"twitter:card\" content=\"summary_large_image\" \/>\n<meta name=\"twitter:label1\" content=\"Est. reading time\" \/>\n\t<meta name=\"twitter:data1\" content=\"2 minutes\" \/>\n<script type=\"application\/ld+json\" class=\"yoast-schema-graph\">{\"@context\":\"https:\\\/\\\/schema.org\",\"@graph\":[{\"@type\":\"WebPage\",\"@id\":\"https:\\\/\\\/stg.dotnice.com\\\/fr\\\/enregistrement-de-domaine\\\/tld-generiques\\\/\",\"url\":\"https:\\\/\\\/stg.dotnice.com\\\/fr\\\/enregistrement-de-domaine\\\/tld-generiques\\\/\",\"name\":\"TLD generiques - dotNice\",\"isPartOf\":{\"@id\":\"https:\\\/\\\/stg.dotnice.com\\\/fr\\\/#website\"},\"datePublished\":\"2014-06-20T10:40:19+00:00\",\"dateModified\":\"2015-09-28T06:57:47+00:00\",\"breadcrumb\":{\"@id\":\"https:\\\/\\\/stg.dotnice.com\\\/fr\\\/enregistrement-de-domaine\\\/tld-generiques\\\/#breadcrumb\"},\"inLanguage\":\"fr-FR\",\"potentialAction\":[{\"@type\":\"ReadAction\",\"target\":[\"https:\\\/\\\/stg.dotnice.com\\\/fr\\\/enregistrement-de-domaine\\\/tld-generiques\\\/\"]}]},{\"@type\":\"BreadcrumbList\",\"@id\":\"https:\\\/\\\/stg.dotnice.com\\\/fr\\\/enregistrement-de-domaine\\\/tld-generiques\\\/#breadcrumb\",\"itemListElement\":[{\"@type\":\"ListItem\",\"position\":1,\"name\":\"Home\",\"item\":\"https:\\\/\\\/www.dotnice.fr\\\/\"},{\"@type\":\"ListItem\",\"position\":2,\"name\":\"Enregistrement de domaine\",\"item\":\"https:\\\/\\\/www.dotnice.fr\\\/enregistrement-de-domaine\\\/\"},{\"@type\":\"ListItem\",\"position\":3,\"name\":\"TLD generiques\"}]},{\"@type\":\"WebSite\",\"@id\":\"https:\\\/\\\/stg.dotnice.com\\\/fr\\\/#website\",\"url\":\"https:\\\/\\\/stg.dotnice.com\\\/fr\\\/\",\"name\":\"dotNice\",\"description\":\"digital brand protection\",\"potentialAction\":[{\"@type\":\"SearchAction\",\"target\":{\"@type\":\"EntryPoint\",\"urlTemplate\":\"https:\\\/\\\/stg.dotnice.com\\\/fr\\\/?s=%7Bsearch_term_string%7D\"},\"query-input\":{\"@type\":\"PropertyValueSpecification\",\"valueRequired\":true,\"valueName\":\"search_term_string\"}}],\"inLanguage\":\"fr-FR\"}]}<\/script>\n<!-- \/ Yoast SEO plugin. -->","yoast_head_json":{"title":"TLD generiques - dotNice","robots":{"index":"noindex","follow":"follow","max-snippet":"max-snippet:-1","max-image-preview":"max-image-preview:large","max-video-preview":"max-video-preview:-1"},"og_locale":"fr_FR","og_type":"article","og_title":"TLD generiques - dotNice","og_description":"Les domaines de premier niveau g\u00e9n\u00e9riques (gTLD), aussi connus comme internationales, ne sont pas assign\u00e9es \u00e0 un pays en particulier\u00a0 mais se r\u00e9f\u00e8rent \u00e0 l&#8217;industrie du demandeur (entreprise, institution, etc\u2026), ou au site Web associ\u00e9, ou a une zone g\u00e9ographique. La principale force des TLD g\u00e9n\u00e9riques est leur mode international, ce qui les rend tr\u00e8s &hellip; Continue reading TLD generiques","og_url":"https:\/\/stg.dotnice.com\/fr\/enregistrement-de-domaine\/tld-generiques\/","og_site_name":"dotNice","article_modified_time":"2015-09-28T06:57:47+00:00","twitter_card":"summary_large_image","twitter_misc":{"Est. reading time":"2 minutes"},"schema":{"@context":"https:\/\/schema.org","@graph":[{"@type":"WebPage","@id":"https:\/\/stg.dotnice.com\/fr\/enregistrement-de-domaine\/tld-generiques\/","url":"https:\/\/stg.dotnice.com\/fr\/enregistrement-de-domaine\/tld-generiques\/","name":"TLD generiques - dotNice","isPartOf":{"@id":"https:\/\/stg.dotnice.com\/fr\/#website"},"datePublished":"2014-06-20T10:40:19+00:00","dateModified":"2015-09-28T06:57:47+00:00","breadcrumb":{"@id":"https:\/\/stg.dotnice.com\/fr\/enregistrement-de-domaine\/tld-generiques\/#breadcrumb"},"inLanguage":"fr-FR","potentialAction":[{"@type":"ReadAction","target":["https:\/\/stg.dotnice.com\/fr\/enregistrement-de-domaine\/tld-generiques\/"]}]},{"@type":"BreadcrumbList","@id":"https:\/\/stg.dotnice.com\/fr\/enregistrement-de-domaine\/tld-generiques\/#breadcrumb","itemListElement":[{"@type":"ListItem","position":1,"name":"Home","item":"https:\/\/www.dotnice.fr\/"},{"@type":"ListItem","position":2,"name":"Enregistrement de domaine","item":"https:\/\/www.dotnice.fr\/enregistrement-de-domaine\/"},{"@type":"ListItem","position":3,"name":"TLD generiques"}]},{"@type":"WebSite","@id":"https:\/\/stg.dotnice.com\/fr\/#website","url":"https:\/\/stg.dotnice.com\/fr\/","name":"dotNice","description":"digital brand protection","potentialAction":[{"@type":"SearchAction","target":{"@type":"EntryPoint","urlTemplate":"https:\/\/stg.dotnice.com\/fr\/?s=%7Bsearch_term_string%7D"},"query-input":{"@type":"PropertyValueSpecification","valueRequired":true,"valueName":"search_term_string"}}],"inLanguage":"fr-FR"}]}},"_links":{"self":[{"href":"https:\/\/stg.dotnice.com\/fr\/wp-json\/wp\/v2\/pages\/2184","targetHints":{"allow":["GET"]}}],"collection":[{"href":"https:\/\/stg.dotnice.com\/fr\/wp-json\/wp\/v2\/pages"}],"about":[{"href":"https:\/\/stg.dotnice.com\/fr\/wp-json\/wp\/v2\/types\/page"}],"author":[{"embeddable":true,"href":"https:\/\/stg.dotnice.com\/fr\/wp-json\/wp\/v2\/users\/6"}],"replies":[{"embeddable":true,"href":"https:\/\/stg.dotnice.com\/fr\/wp-json\/wp\/v2\/comments?post=2184"}],"version-history":[{"count":0,"href":"https:\/\/stg.dotnice.com\/fr\/wp-json\/wp\/v2\/pages\/2184\/revisions"}],"up":[{"embeddable":true,"href":"https:\/\/stg.dotnice.com\/fr\/wp-json\/wp\/v2\/pages\/2186"}],"wp:attachment":[{"href":"https:\/\/stg.dotnice.com\/fr\/wp-json\/wp\/v2\/media?parent=2184"}],"curies":[{"name":"wp","href":"https:\/\/api.w.org\/{rel}","templated":true}]}}