{"id":2161,"date":"2014-06-09T20:13:48","date_gmt":"2014-06-09T19:13:48","guid":{"rendered":"http:\/\/www.dotnice.com\/?page_id=2161"},"modified":"2015-09-28T07:05:08","modified_gmt":"2015-09-28T06:05:08","slug":"nouveau-gtld","status":"publish","type":"page","link":"https:\/\/stg.dotnice.com\/fr\/enregistrement-de-domaine\/nouveau-gtld\/","title":{"rendered":"Nouveaux gTLD"},"content":{"rendered":"<p>A partir de\u00a0fin 2013, des centaines de nouvelles extensions g\u00e9n\u00e9riques seront introduites \u00e0 la suite du programme sur les nouveaux gTLD approuv\u00e9s par l&#8217;ICANN. Au cours de 2014 et 2015, plus d&#8217;un millier de nouveaux domaines de premier niveau g\u00e9n\u00e9riques seront lanc\u00e9s et disponible.<\/p>\n<p>La caract\u00e9ristique commune \u00e0 toutes ces nouvelles extensions en cours de lancement par l&#8217;ICANN est qu&#8217;ils peuvent \u00eatre pr\u00e9-enregistr\u00e9s par des titulaires de marques d\u00e9pos\u00e9es dans le TMCH, en suivant un cours de proc\u00e9dure sp\u00e9cifique.<\/p>\n<div id=\"box-commerce\" class=\"sh-box gtld blue col-md-6\"><\/p>\n<h2><i class=\"fa fa-money\"><\/i> COMMERCE<\/h2>\n<ul>\n<li>.toys<\/li>\n<li>.capital<\/li>\n<li>.services<\/li>\n<li>.rocks<\/li>\n<li>.trade<\/li>\n<li>.qpon<\/li>\n<li>.kaufen<\/li>\n<li>.limo<\/li>\n<li>.tienda<\/li>\n<li>.reviews<\/li>\n<li>.expert<\/li>\n<li>.supplies<\/li>\n<li>.supply<\/li>\n<li>.report<\/li>\n<li>.parts<\/li>\n<li>.best<\/li>\n<li>.productions<\/li>\n<li>.flights<\/li>\n<li>.pub<\/li>\n<li>.foundation<\/li>\n<li>.bid<\/li>\n<li>.center<\/li>\n<li>.cab<\/li>\n<li>.cash<\/li>\n<li>.shoes<\/li>\n<li>.limo<\/li>\n<li>.clothing<\/li>\n<li>.ventures<\/li>\n<li>.equipment<\/li>\n<li>.diamonds<\/li>\n<li>.estate<\/li>\n<li>.voyage<\/li>\n<li>.enterprises<\/li>\n<li>.company<\/li>\n<li>.solutions<\/li>\n<li>.repair<\/li>\n<li>.onl<\/li>\n<li>.gift<\/li>\n<li>.cheap<\/li>\n<li>.viajes<\/li>\n<li>.zone<\/li>\n<li>.bargains<\/li>\n<li>.boutique<\/li>\n<li>.agency<\/li>\n<li>.blackfriday<\/li>\n<li>.claims<\/li>\n<li>.credit<\/li>\n<li>.creditcard<\/li>\n<li>.exchange<\/li>\n<li>.finance<\/li>\n<li>.financial<\/li>\n<li>.fund<\/li>\n<li>.discount<\/li>\n<li>.gratis<\/li>\n<li>.guide<\/li>\n<li>.loans<\/li>\n<li>.market<\/li>\n<li>.mortgage<\/li>\n<li>.tax<\/li>\n<li>.tips<\/li>\n<li>.forsale<\/li>\n<li>.blackfriday<\/li>\n<li>.auction<\/li>\n<li>.ecom<\/li>\n<li>.limited<\/li>\n<li>.agency<\/li>\n<li>.business<\/li>\n<li>.corp<\/li>\n<li>.ltd<\/li>\n<li>.inc<\/li>\n<li>.buy<\/li>\n<\/ul>\n<p><\/div>\n<div id=\"box-culture\" class=\"sh-box gtld blue col-md-6\"><\/p>\n<h2><i class=\"fa fa-book\"><\/i>\u00a0CULTURE<\/h2>\n<ul>\n<li>.town<\/li>\n<li>.country<\/li>\n<li>.moe<\/li>\n<li>.ruhr<\/li>\n<li>.kim<\/li>\n<li>.buzz<\/li>\n<li>.hiphop<\/li>\n<li>.kiwi<\/li>\n<li>.church<\/li>\n<li>.christmas<\/li>\n<li>.community<\/li>\n<li>.world<\/li>\n<li>.book<\/li>\n<li>.theatre<\/li>\n<li>.art<\/li>\n<li>.broadway<\/li>\n<li>.music<\/li>\n<li>.film<\/li>\n<li>.gallery<\/li>\n<li>.photography<\/li>\n<li>.show<\/li>\n<\/ul>\n<p><\/div>\n<div id=\"box-education\" class=\"sh-box gtld blue col-md-6\"><\/p>\n<h2><i class=\"fa fa-university\"><\/i> EDUCATION<\/h2>\n<ul>\n<li>.university<\/li>\n<li>.academy<\/li>\n<li>.education<\/li>\n<li>.institute<\/li>\n<li>.SHIKSHA<\/li>\n<li>.degree<\/li>\n<li>.schule<\/li>\n<li>.courses<\/li>\n<li>.phd<\/li>\n<li>.science<\/li>\n<li>.prof<\/li>\n<li>.training<\/li>\n<li>.scholarships<\/li>\n<li>.mba<\/li>\n<li>.school<\/li>\n<\/ul>\n<p><\/div>\n<div id=\"box-food\" class=\"sh-box gtld blue col-md-6\"><\/p>\n<h2><i class=\"fa fa-glass\"><\/i>\u00a0NOURRITURE &amp; BOISSON<\/h2>\n<ul>\n<li>.vodka<\/li>\n<li>.cooking<\/li>\n<li>.rest<\/li>\n<li>.bar<\/li>\n<li>.menu<\/li>\n<li>.recipes<\/li>\n<li>.coffee<\/li>\n<li>.beer<\/li>\n<li>.restaurant<\/li>\n<li>.pizza<\/li>\n<li>.soy<\/li>\n<li>.cafe<\/li>\n<li>.eat<\/li>\n<li>.pub<\/li>\n<li>catering<\/li>\n<li>.food<\/li>\n<li>.recipes<\/li>\n<li>.wine<\/li>\n<li>.cityeats<\/li>\n<li>.kitchen<\/li>\n<li>.organic<\/li>\n<\/ul>\n<p><\/div>\n<div id=\"box-geo\" class=\"sh-box gtld blue col-md-6\"><\/p>\n<h2><i class=\"fa fa-globe\"><\/i>\u00a0TLD GEOGRAPHIQUE<\/h2>\n<ul>\n<li>.london<\/li>\n<li>.tokyo<\/li>\n<li>.berlin<\/li>\n<li>.wien<\/li>\n<li>.gop<\/li>\n<li>.nyc<\/li>\n<li>.cologne<\/li>\n<li>.xn--czru2d<\/li>\n<li>.xn--rhqv96g<\/li>\n<li>.xn--d1acj3b<\/li>\n<li>.koeln<\/li>\n<li>.xn--i1b6b1a6a2e<\/li>\n<li>.xn--nqv7f<\/li>\n<li>xn--c1avg<\/li>\n<li>xn\u2014q9jyb4c<\/li>\n<li>xn\u2014ngbc5azd<\/li>\n<li>nagoya<\/li>\n<li>xn\u20146frz82g<\/li>\n<li>.africa<\/li>\n<li>.irish<\/li>\n<li>.frl<\/li>\n<li>.thai<\/li>\n<li>.quebec<\/li>\n<li>.alsace<\/li>\n<li>.arab<\/li>\n<li>.bayern<\/li>\n<li>.catalonia<\/li>\n<li>.cymru<\/li>\n<li>.earth<\/li>\n<li>.desi<\/li>\n<li>.global<\/li>\n<li>.eus<\/li>\n<li>.okinawa<\/li>\n<li>.swiss<\/li>\n<li>.tartar<\/li>\n<li>.wales<\/li>\n<li>.tirol<\/li>\n<li>.ryukyu<\/li>\n<li>.place<\/li>\n<li>.islam<\/li>\n<li>.latino<\/li>\n<li>.indians<\/li>\n<li>.scot<\/li>\n<li>.amsterdam<\/li>\n<li>.barcelona<\/li>\n<li>.boston<\/li>\n<li>.brussels<\/li>\n<li>.budapest<\/li>\n<li>.bzh<\/li>\n<li>.capetown<\/li>\n<li>.city<\/li>\n<li>.hamburg<\/li>\n<li>.helsinki<\/li>\n<li>.istanbul<\/li>\n<li>.joburg<\/li>\n<li>.kyoto<\/li>\n<li>.melbourne<\/li>\n<li>.madrid<\/li>\n<li>.miami<\/li>\n<li>.moscow<\/li>\n<li>.osaka<\/li>\n<li>.paris<\/li>\n<li>roma<\/li>\n<li>.sydney<\/li>\n<li>.stockholm<\/li>\n<li>.taipei<\/li>\n<li>.wien<\/li>\n<li>.yokohama<\/li>\n<li>.zuerich<\/li>\n<\/ul>\n<p><\/div>\n<div id=\"box-government\" class=\"sh-box gtld blue col-md-6\"><\/p>\n<h2><i class=\"fa fa-institution\"><\/i> GOUVERNEMENT<\/h2>\n<ul>\n<li>.democrat<\/li>\n<li>.airforce<\/li>\n<li>\n<div class=\"\">.republican<\/div>\n<\/li>\n<li>\n<div class=\"\">.voting<\/div>\n<\/li>\n<li>\n<div class=\"\">.vote<\/div>\n<\/li>\n<\/ul>\n<p><\/div>\n<div id=\"box-health\" class=\"sh-box gtld blue col-md-6\"><\/p>\n<h2><i class=\"fa fa-plus-square\"><\/i> SANTE<\/h2>\n<ul>\n<li>.hiv<\/li>\n<li>.fitness<\/li>\n<li>.clinic<\/li>\n<li>.dentist<\/li>\n<li>.dental<\/li>\n<li>.surgery<\/li>\n<li>.bio<\/li>\n<li>.diet<\/li>\n<li>.fit<\/li>\n<li>.health<\/li>\n<li>.heart<\/li>\n<li>.life<\/li>\n<li>.lifestyle<\/li>\n<li>.live<\/li>\n<li>.physio<\/li>\n<li>.hospital<\/li>\n<li>.medical<\/li>\n<li>.rehab<\/li>\n<\/ul>\n<p><\/div>\n<div id=\"box-industry\" class=\"sh-box gtld blue col-md-6\"><\/p>\n<h2><i class=\"fa fa-truck\"><\/i> INDUSTRIE<\/h2>\n<ul>\n<li>.engineering<\/li>\n<li>.reise<\/li>\n<li>.moda<\/li>\n<li>.industries<\/li>\n<li>.ink<\/li>\n<li>.cleaning<\/li>\n<li>.catering<\/li>\n<li>.vacations<\/li>\n<li>.cruises<\/li>\n<li>.tattoo<\/li>\n<li>.plumbing<\/li>\n<li>.construction<\/li>\n<li>.build<\/li>\n<li>.glass<\/li>\n<li>.solar<\/li>\n<li>.florist<\/li>\n<li>.insure<\/li>\n<li>.international<\/li>\n<li>.farm<\/li>\n<li>.furniture<\/li>\n<li>.bio<\/li>\n<li>.autos<\/li>\n<li>.limited<\/li>\n<li>.versicherung<\/li>\n<li>.clothing<\/li>\n<li>.energy<\/li>\n<li>.equipment<\/li>\n<li>.lighting<\/li>\n<li>.shoes<\/li>\n<li>.work<\/li>\n<li>.wedding<\/li>\n<li>.fashion<\/li>\n<li>.auto<\/li>\n<li>.beauty<\/li>\n<li>.catering<\/li>\n<li>.delivery<\/li>\n<\/ul>\n<p><\/div>\n<div id=\"box-lifestyle\" class=\"sh-box gtld blue col-md-6\"><\/p>\n<h2><i class=\"fa fa-weixin\"><\/i> QUOTIDIEN<\/h2>\n<ul>\n<li>.horse<\/li>\n<li>.voting<\/li>\n<li>.voto<\/li>\n<li>.vote<\/li>\n<li>.jetzt<\/li>\n<li>.works<\/li>\n<li>.cool<\/li>\n<li>.social<\/li>\n<li>.tools<\/li>\n<li>.xyz<\/li>\n<li>.cards<\/li>\n<li>.dating<\/li>\n<li>.events<\/li>\n<li>.sexy<\/li>\n<li>.uno<\/li>\n<li>.singles<\/li>\n<li>.tips<\/li>\n<li>.kitchen<\/li>\n<li>.training<\/li>\n<li>.luxury<\/li>\n<li>.blue<\/li>\n<li>.red<\/li>\n<li>.rich<\/li>\n<li>.camp<\/li>\n<li>.holiday<\/li>\n<li>.guitars<\/li>\n<li>.club<\/li>\n<li>.pink<\/li>\n<li>.wed<\/li>\n<li>.juegos<\/li>\n<li>.care<\/li>\n<li>.life<\/li>\n<li>.luxe<\/li>\n<li>.soy<\/li>\n<li>.today<\/li>\n<li>.yachts<\/li>\n<li>.active<\/li>\n<li>.beauty<\/li>\n<li>.church<\/li>\n<li>.faith<\/li>\n<li>.fit<\/li>\n<li>.fitness<\/li>\n<li>.gay<\/li>\n<li>.lgbt<\/li>\n<li>.fans<\/li>\n<li>.group<\/li>\n<li>.lifestyle<\/li>\n<li>.style<\/li>\n<li>.yoga<\/li>\n<li>.charity<\/li>\n<li>.eco<\/li>\n<li>.forum<\/li>\n<li>.vacation<\/li>\n<li>.casino<\/li>\n<li>.cruises<\/li>\n<li>.bingo<\/li>\n<li>.fishing<\/li>\n<li>.games<\/li>\n<li>.spa<\/li>\n<li>.party<\/li>\n<li>.surf<\/li>\n<li>.tour<\/li>\n<li>.voyage<\/li>\n<li>.bet<\/li>\n<li>.kids<\/li>\n<li>.mom<\/li>\n<li>.dad<\/li>\n<li>.mormon<\/li>\n<\/ul>\n<p><\/div>\n<div id=\"box-media\" class=\"sh-box gtld blue col-md-6\"><\/p>\n<h2><i class=\"fa fa-video-camera\"><\/i>\u00a0MEDIA<\/h2>\n<ul>\n<li>.media<\/li>\n<li>.pictures<\/li>\n<li>.exposed<\/li>\n<li>.photos<\/li>\n<li>.photography<\/li>\n<li>.gallery<\/li>\n<li>.pics<\/li>\n<li>.photo<\/li>\n<li>.community<\/li>\n<li>.audio<\/li>\n<li>.press<\/li>\n<\/ul>\n<p><\/div>\n<div id=\"box-professional\" class=\"sh-box gtld blue col-md-6\"><\/p>\n<h2><i class=\"fa fa-user\"><\/i> PROFESSIONNEL<\/h2>\n<ul>\n<li>.associates<\/li>\n<li>.consulting<\/li>\n<li>.archi<\/li>\n<li>.partners<\/li>\n<li>.actor<\/li>\n<li>.careers<\/li>\n<li>.management<\/li>\n<li>.holdings<\/li>\n<li>.CEO<\/li>\n<li>.contractors<\/li>\n<li>.lighting<\/li>\n<li>.builders<\/li>\n<li>.marketing<\/li>\n<li>.investments<\/li>\n<li>.accountants<\/li>\n<li>.attorney<\/li>\n<li>.lawyer<\/li>\n<li>.vet<\/li>\n<li>.actor<\/li>\n<li>.agency<\/li>\n<li>.architects<\/li>\n<li>.broker<\/li>\n<li>.claims<\/li>\n<li>.construction<\/li>\n<li>.creditunion<\/li>\n<li>.dental<\/li>\n<li>.dentist<\/li>\n<li>.doctor<\/li>\n<li>.finance<\/li>\n<li>.financial<\/li>\n<li>.financialaid<\/li>\n<li>.guide<\/li>\n<li>.insurance<\/li>\n<li>.legal<\/li>\n<li>.law<\/li>\n<li>.lawyer<\/li>\n<li>.marketing<\/li>\n<li>.medical<\/li>\n<li>insurance<\/li>\n<li>.insure<\/li>\n<li>.security<\/li>\n<li>.services<\/li>\n<li>.realtor<\/li>\n<\/ul>\n<p><\/div>\n<div id=\"box-real-estate\" class=\"sh-box gtld blue col-md-6\"><\/p>\n<h2><i class=\"fa fa-building\"><\/i>\u00a0IMMOBILIER<\/h2>\n<ul>\n<li>.lease<\/li>\n<li>.haus<\/li>\n<li>.rentals<\/li>\n<li>.maison<\/li>\n<li>.properties<\/li>\n<li>.condos<\/li>\n<li>.villas<\/li>\n<li>.land<\/li>\n<li>.house<\/li>\n<li>.immobilien<\/li>\n<li>.homes<\/li>\n<li>.apartments<\/li>\n<li>.build<\/li>\n<li>.builders<\/li>\n<li>.contractors<\/li>\n<li>.casa<\/li>\n<li>.condos<\/li>\n<li>.forsale<\/li>\n<li>.property<\/li>\n<li>.mis<\/li>\n<li>.realestate<\/li>\n<li>.realty<\/li>\n<li>.rent<\/li>\n<\/ul>\n<p><\/div>\n<div id=\"box-sport\" class=\"sh-box gtld blue col-md-6\"><\/p>\n<h2><i class=\"fa fa-smile-o\"><\/i>\u00a0SPORT<\/h2>\n<ul>\n<li>.rodeo<\/li>\n<li>.fishing<\/li>\n<li>.futbol<\/li>\n<li>.fish<\/li>\n<li>.bike<\/li>\n<li>.dance<\/li>\n<li>.motorcycles<\/li>\n<li>.Baseball<\/li>\n<li>.basketball<\/li>\n<li>.golf<\/li>\n<li>.bike<\/li>\n<li>.coach<\/li>\n<li>.criket<\/li>\n<li>.fan<\/li>\n<li>.fans<\/li>\n<li>.football<\/li>\n<li>.futbol<\/li>\n<li>.moto<\/li>\n<li>.racing<\/li>\n<li>.run<\/li>\n<li>.rugby<\/li>\n<li>.ski<\/li>\n<li>.soccer<\/li>\n<li>.team<\/li>\n<li>.run<\/li>\n<li>.sport<\/li>\n<li>.sports<\/li>\n<li>.tennis<\/li>\n<li>.yoga<\/li>\n<\/ul>\n<p><\/div>\n<div id=\"box-technology\" class=\"sh-box gtld blue col-md-6\">\n<h2><i class=\"fa fa-laptop\"><\/i> TECHNOLOGIE<\/h2>\n<ul>\n<li>.gripe<\/li>\n<li>.webcam<\/li>\n<li>.wiki<\/li>\n<li>.watch<\/li>\n<li>.vision<\/li>\n<li>.wang<\/li>\n<li>.computer<\/li>\n<li>.domains<\/li>\n<li>.systems<\/li>\n<li>.guru<\/li>\n<li>.camera<\/li>\n<li>.graphics<\/li>\n<li>.technology<\/li>\n<li>.directory<\/li>\n<li>.support<\/li>\n<li>.email<\/li>\n<li>.ninja<\/li>\n<li>.codes<\/li>\n<li>.link<\/li>\n<li>.host<\/li>\n<li>.fail<\/li>\n<li>.digital<\/li>\n<li>.foo<\/li>\n<li>.software<\/li>\n<li>.space<\/li>\n<li>.website<\/li>\n<li>.wtf<\/li>\n<li>.analytics<\/li>\n<li>.app<\/li>\n<li>.blog<\/li>\n<li>.click<\/li>\n<li>.cloud<\/li>\n<li>.docs<\/li>\n<li>.data<\/li>\n<li>.download<\/li>\n<li>.email<\/li>\n<li>.epost<\/li>\n<li>.host<\/li>\n<li>.hosting<\/li>\n<li>.idn<\/li>\n<li>.mail<\/li>\n<li>.mobile<\/li>\n<li>.network<\/li>\n<li>.online<\/li>\n<li>.search<\/li>\n<li>.site<\/li>\n<li>.web<\/li>\n<\/ul>\n<p><\/div><br \/>\n<script>\/\/ <![CDATA[\njQuery(function() {   jQuery('.gtld h2').click(function(event) {     jQuery(this).next('ul').slideToggle();   }); });\n\/\/ ]]><\/script><\/p>\n","protected":false},"excerpt":{"rendered":"<p>A partir de\u00a0fin 2013, des centaines de nouvelles extensions g\u00e9n\u00e9riques seront introduites \u00e0 la suite du programme sur les nouveaux gTLD approuv\u00e9s par l&#8217;ICANN. Au cours de 2014 et 2015, plus d&#8217;un millier de nouveaux domaines de premier niveau g\u00e9n\u00e9riques seront lanc\u00e9s et disponible. La caract\u00e9ristique commune \u00e0 toutes ces nouvelles extensions en cours de &hellip; <a href=\"https:\/\/stg.dotnice.com\/fr\/enregistrement-de-domaine\/nouveau-gtld\/\" class=\"more-link\">Continue reading <span class=\"screen-reader-text\">Nouveaux gTLD<\/span><\/a><\/p>\n","protected":false},"author":6,"featured_media":0,"parent":2186,"menu_order":0,"comment_status":"closed","ping_status":"closed","template":"","meta":{"footnotes":""},"class_list":["post-2161","page","type-page","status-publish","hentry"],"yoast_head":"<!-- This site is optimized with the Yoast SEO plugin v27.4 - https:\/\/yoast.com\/product\/yoast-seo-wordpress\/ -->\n<title>Nouveaux gTLD - dotNice<\/title>\n<meta name=\"robots\" content=\"noindex, follow, max-snippet:-1, max-image-preview:large, max-video-preview:-1\" \/>\n<meta property=\"og:locale\" content=\"fr_FR\" \/>\n<meta property=\"og:type\" content=\"article\" \/>\n<meta property=\"og:title\" content=\"Nouveaux gTLD - dotNice\" \/>\n<meta property=\"og:description\" content=\"A partir de\u00a0fin 2013, des centaines de nouvelles extensions g\u00e9n\u00e9riques seront introduites \u00e0 la suite du programme sur les nouveaux gTLD approuv\u00e9s par l&#8217;ICANN. Au cours de 2014 et 2015, plus d&#8217;un millier de nouveaux domaines de premier niveau g\u00e9n\u00e9riques seront lanc\u00e9s et disponible. La caract\u00e9ristique commune \u00e0 toutes ces nouvelles extensions en cours de &hellip; Continue reading Nouveaux gTLD\" \/>\n<meta property=\"og:url\" content=\"https:\/\/stg.dotnice.com\/fr\/enregistrement-de-domaine\/nouveau-gtld\/\" \/>\n<meta property=\"og:site_name\" content=\"dotNice\" \/>\n<meta property=\"article:modified_time\" content=\"2015-09-28T06:05:08+00:00\" \/>\n<meta name=\"twitter:card\" content=\"summary_large_image\" \/>\n<meta name=\"twitter:label1\" content=\"Est. reading time\" \/>\n\t<meta name=\"twitter:data1\" content=\"4 minutes\" \/>\n<script type=\"application\/ld+json\" class=\"yoast-schema-graph\">{\"@context\":\"https:\\\/\\\/schema.org\",\"@graph\":[{\"@type\":\"WebPage\",\"@id\":\"https:\\\/\\\/stg.dotnice.com\\\/fr\\\/enregistrement-de-domaine\\\/nouveau-gtld\\\/\",\"url\":\"https:\\\/\\\/stg.dotnice.com\\\/fr\\\/enregistrement-de-domaine\\\/nouveau-gtld\\\/\",\"name\":\"Nouveaux gTLD - dotNice\",\"isPartOf\":{\"@id\":\"https:\\\/\\\/stg.dotnice.com\\\/fr\\\/#website\"},\"datePublished\":\"2014-06-09T19:13:48+00:00\",\"dateModified\":\"2015-09-28T06:05:08+00:00\",\"breadcrumb\":{\"@id\":\"https:\\\/\\\/stg.dotnice.com\\\/fr\\\/enregistrement-de-domaine\\\/nouveau-gtld\\\/#breadcrumb\"},\"inLanguage\":\"fr-FR\",\"potentialAction\":[{\"@type\":\"ReadAction\",\"target\":[\"https:\\\/\\\/stg.dotnice.com\\\/fr\\\/enregistrement-de-domaine\\\/nouveau-gtld\\\/\"]}]},{\"@type\":\"BreadcrumbList\",\"@id\":\"https:\\\/\\\/stg.dotnice.com\\\/fr\\\/enregistrement-de-domaine\\\/nouveau-gtld\\\/#breadcrumb\",\"itemListElement\":[{\"@type\":\"ListItem\",\"position\":1,\"name\":\"Home\",\"item\":\"https:\\\/\\\/www.dotnice.fr\\\/\"},{\"@type\":\"ListItem\",\"position\":2,\"name\":\"Enregistrement de domaine\",\"item\":\"https:\\\/\\\/www.dotnice.fr\\\/enregistrement-de-domaine\\\/\"},{\"@type\":\"ListItem\",\"position\":3,\"name\":\"Nouveaux gTLD\"}]},{\"@type\":\"WebSite\",\"@id\":\"https:\\\/\\\/stg.dotnice.com\\\/fr\\\/#website\",\"url\":\"https:\\\/\\\/stg.dotnice.com\\\/fr\\\/\",\"name\":\"dotNice\",\"description\":\"digital brand protection\",\"potentialAction\":[{\"@type\":\"SearchAction\",\"target\":{\"@type\":\"EntryPoint\",\"urlTemplate\":\"https:\\\/\\\/stg.dotnice.com\\\/fr\\\/?s=%7Bsearch_term_string%7D\"},\"query-input\":{\"@type\":\"PropertyValueSpecification\",\"valueRequired\":true,\"valueName\":\"search_term_string\"}}],\"inLanguage\":\"fr-FR\"}]}<\/script>\n<!-- \/ Yoast SEO plugin. -->","yoast_head_json":{"title":"Nouveaux gTLD - dotNice","robots":{"index":"noindex","follow":"follow","max-snippet":"max-snippet:-1","max-image-preview":"max-image-preview:large","max-video-preview":"max-video-preview:-1"},"og_locale":"fr_FR","og_type":"article","og_title":"Nouveaux gTLD - dotNice","og_description":"A partir de\u00a0fin 2013, des centaines de nouvelles extensions g\u00e9n\u00e9riques seront introduites \u00e0 la suite du programme sur les nouveaux gTLD approuv\u00e9s par l&#8217;ICANN. Au cours de 2014 et 2015, plus d&#8217;un millier de nouveaux domaines de premier niveau g\u00e9n\u00e9riques seront lanc\u00e9s et disponible. La caract\u00e9ristique commune \u00e0 toutes ces nouvelles extensions en cours de &hellip; Continue reading Nouveaux gTLD","og_url":"https:\/\/stg.dotnice.com\/fr\/enregistrement-de-domaine\/nouveau-gtld\/","og_site_name":"dotNice","article_modified_time":"2015-09-28T06:05:08+00:00","twitter_card":"summary_large_image","twitter_misc":{"Est. reading time":"4 minutes"},"schema":{"@context":"https:\/\/schema.org","@graph":[{"@type":"WebPage","@id":"https:\/\/stg.dotnice.com\/fr\/enregistrement-de-domaine\/nouveau-gtld\/","url":"https:\/\/stg.dotnice.com\/fr\/enregistrement-de-domaine\/nouveau-gtld\/","name":"Nouveaux gTLD - dotNice","isPartOf":{"@id":"https:\/\/stg.dotnice.com\/fr\/#website"},"datePublished":"2014-06-09T19:13:48+00:00","dateModified":"2015-09-28T06:05:08+00:00","breadcrumb":{"@id":"https:\/\/stg.dotnice.com\/fr\/enregistrement-de-domaine\/nouveau-gtld\/#breadcrumb"},"inLanguage":"fr-FR","potentialAction":[{"@type":"ReadAction","target":["https:\/\/stg.dotnice.com\/fr\/enregistrement-de-domaine\/nouveau-gtld\/"]}]},{"@type":"BreadcrumbList","@id":"https:\/\/stg.dotnice.com\/fr\/enregistrement-de-domaine\/nouveau-gtld\/#breadcrumb","itemListElement":[{"@type":"ListItem","position":1,"name":"Home","item":"https:\/\/www.dotnice.fr\/"},{"@type":"ListItem","position":2,"name":"Enregistrement de domaine","item":"https:\/\/www.dotnice.fr\/enregistrement-de-domaine\/"},{"@type":"ListItem","position":3,"name":"Nouveaux gTLD"}]},{"@type":"WebSite","@id":"https:\/\/stg.dotnice.com\/fr\/#website","url":"https:\/\/stg.dotnice.com\/fr\/","name":"dotNice","description":"digital brand protection","potentialAction":[{"@type":"SearchAction","target":{"@type":"EntryPoint","urlTemplate":"https:\/\/stg.dotnice.com\/fr\/?s=%7Bsearch_term_string%7D"},"query-input":{"@type":"PropertyValueSpecification","valueRequired":true,"valueName":"search_term_string"}}],"inLanguage":"fr-FR"}]}},"_links":{"self":[{"href":"https:\/\/stg.dotnice.com\/fr\/wp-json\/wp\/v2\/pages\/2161","targetHints":{"allow":["GET"]}}],"collection":[{"href":"https:\/\/stg.dotnice.com\/fr\/wp-json\/wp\/v2\/pages"}],"about":[{"href":"https:\/\/stg.dotnice.com\/fr\/wp-json\/wp\/v2\/types\/page"}],"author":[{"embeddable":true,"href":"https:\/\/stg.dotnice.com\/fr\/wp-json\/wp\/v2\/users\/6"}],"replies":[{"embeddable":true,"href":"https:\/\/stg.dotnice.com\/fr\/wp-json\/wp\/v2\/comments?post=2161"}],"version-history":[{"count":0,"href":"https:\/\/stg.dotnice.com\/fr\/wp-json\/wp\/v2\/pages\/2161\/revisions"}],"up":[{"embeddable":true,"href":"https:\/\/stg.dotnice.com\/fr\/wp-json\/wp\/v2\/pages\/2186"}],"wp:attachment":[{"href":"https:\/\/stg.dotnice.com\/fr\/wp-json\/wp\/v2\/media?parent=2161"}],"curies":[{"name":"wp","href":"https:\/\/api.w.org\/{rel}","templated":true}]}}