{"id":1816,"date":"2015-05-18T14:28:16","date_gmt":"2015-05-18T13:28:16","guid":{"rendered":"http:\/\/www.dotnice.com\/?page_id=1816"},"modified":"2015-09-28T07:56:22","modified_gmt":"2015-09-28T06:56:22","slug":"gestion-de-linfrastructure-du-dns","status":"publish","type":"page","link":"https:\/\/stg.dotnice.com\/fr\/services\/gestion-de-linfrastructure-du-dns\/","title":{"rendered":"Gestion de l&#8217;infrastructure du DNS"},"content":{"rendered":"<p>Une mauvaise performance de votre DNS peut affecter n\u00e9gativement votre entreprise. De nos jours de nombreuses entreprises investissent et d\u00e9veloppent des sites web complexes et de tr\u00e8s haute qualit\u00e9. Cependant la puissance et la capacit\u00e9 de ces technologies peuvent \u00eatre compromises si elles sont trop expos\u00e9es aux attaques \u00e0 cause d\u2019un faible ou d\u2019un insuffisant syst\u00e8me de nom de domaine.<\/p>\n<p>Utiliser le meilleur <strong>service de gestion de DNS<\/strong> profitera \u00e0 votre marque. Les temps d&#8217;arr\u00eat intermittents, le mauvais fonctionnement du DNS et un fonctionnement lent de votre site web peuvent \u00eatre pr\u00e9judiciable \u00e0 votre site web mais aussi \u00e0 l\u2019identit\u00e9 et l\u2019\u00e9quit\u00e9 de votre marque.<\/p>\n<p>Toutes les entreprises ont besoin d\u2019un DNS rapide, s\u00e9curis\u00e9 et donnant un acc\u00e8s direct et rapide \u00e0 leur site web. En l\u2019absence d\u2019un service stable et r\u00e9ceptif votre entreprise risque de perdre des clients potentiels.<\/p>\n<p><strong>Service mondial<\/strong> : avec dotNice vous avez acces \u00e0 une centaine de serveurs de noms dans lequel est int\u00e9gr\u00e9 un r\u00e9seau mondial.<\/p>\n<p><strong>Un temps de r\u00e9ponse rapide<\/strong> : nous utilisons des serveurs de noms fiables avec un r\u00e9seau IP Anycast.<\/p>\n<p><strong>Disponibilit\u00e9<\/strong> : Nous assurons le fonctionnement du Service Level Agreement (SLA) \u00e0 100% 7\/7j et 24\/24h<\/p>\n<p><strong>S\u00e9curit\u00e9<\/strong> : protection totale contre la falsification et la contrefacon de votre DNS (DNSSEC)<\/p>\n<p><strong>D\u00e9fense<\/strong> : contre les attaques DDoS, le spoofing et les attaques de la m\u00e9moire CACHE<\/p>\n<p><strong>Bonne exp\u00e9rience pour vos clients<\/strong> : nous promettons un d\u00e9lais de r\u00e9ponse de moins de 30 millisecondes en Europe et aux Etats Unis<\/p>\n<p><strong>Support de IPv6 complet<\/strong> : pour tous les serveurs de noms<\/p>\n<p><strong>Fonctionnement instantan\u00e9 du serveur de DNS<\/strong> : cela garantie que nos serveurs fonctionnent \u00e0 leur maximum tout le temps<\/p>\n<p>Avoir un DNS fiable, et avec une bonne performance est un point essentiel pour le succ\u00e8s de votre entreprise. dotNice fournit l\u2019infrastructure de DNS la plus avanc\u00e9e sur le march\u00e9 actuel.<\/p>\n","protected":false},"excerpt":{"rendered":"<p>Une mauvaise performance de votre DNS peut affecter n\u00e9gativement votre entreprise. De nos jours de nombreuses entreprises investissent et d\u00e9veloppent des sites web complexes et de tr\u00e8s haute qualit\u00e9. Cependant la puissance et la capacit\u00e9 de ces technologies peuvent \u00eatre compromises si elles sont trop expos\u00e9es aux attaques \u00e0 cause d\u2019un faible ou d\u2019un insuffisant &hellip; <a href=\"https:\/\/stg.dotnice.com\/fr\/services\/gestion-de-linfrastructure-du-dns\/\" class=\"more-link\">Continue reading <span class=\"screen-reader-text\">Gestion de l&#8217;infrastructure du DNS<\/span><\/a><\/p>\n","protected":false},"author":6,"featured_media":0,"parent":2169,"menu_order":0,"comment_status":"closed","ping_status":"closed","template":"","meta":{"footnotes":""},"class_list":["post-1816","page","type-page","status-publish","hentry"],"yoast_head":"<!-- This site is optimized with the Yoast SEO plugin v27.4 - https:\/\/yoast.com\/product\/yoast-seo-wordpress\/ -->\n<title>Gestion de l&#039;infrastructure du DNS - dotNice<\/title>\n<meta name=\"robots\" content=\"noindex, follow, max-snippet:-1, max-image-preview:large, max-video-preview:-1\" \/>\n<meta property=\"og:locale\" content=\"fr_FR\" \/>\n<meta property=\"og:type\" content=\"article\" \/>\n<meta property=\"og:title\" content=\"Gestion de l&#039;infrastructure du DNS - dotNice\" \/>\n<meta property=\"og:description\" content=\"Une mauvaise performance de votre DNS peut affecter n\u00e9gativement votre entreprise. De nos jours de nombreuses entreprises investissent et d\u00e9veloppent des sites web complexes et de tr\u00e8s haute qualit\u00e9. Cependant la puissance et la capacit\u00e9 de ces technologies peuvent \u00eatre compromises si elles sont trop expos\u00e9es aux attaques \u00e0 cause d\u2019un faible ou d\u2019un insuffisant &hellip; Continue reading Gestion de l&#8217;infrastructure du DNS\" \/>\n<meta property=\"og:url\" content=\"https:\/\/stg.dotnice.com\/fr\/services\/gestion-de-linfrastructure-du-dns\/\" \/>\n<meta property=\"og:site_name\" content=\"dotNice\" \/>\n<meta property=\"article:modified_time\" content=\"2015-09-28T06:56:22+00:00\" \/>\n<meta name=\"twitter:card\" content=\"summary_large_image\" \/>\n<meta name=\"twitter:label1\" content=\"Est. reading time\" \/>\n\t<meta name=\"twitter:data1\" content=\"2 minutes\" \/>\n<script type=\"application\/ld+json\" class=\"yoast-schema-graph\">{\"@context\":\"https:\\\/\\\/schema.org\",\"@graph\":[{\"@type\":\"WebPage\",\"@id\":\"https:\\\/\\\/stg.dotnice.com\\\/fr\\\/services\\\/gestion-de-linfrastructure-du-dns\\\/\",\"url\":\"https:\\\/\\\/stg.dotnice.com\\\/fr\\\/services\\\/gestion-de-linfrastructure-du-dns\\\/\",\"name\":\"Gestion de l'infrastructure du DNS - dotNice\",\"isPartOf\":{\"@id\":\"https:\\\/\\\/stg.dotnice.com\\\/fr\\\/#website\"},\"datePublished\":\"2015-05-18T13:28:16+00:00\",\"dateModified\":\"2015-09-28T06:56:22+00:00\",\"breadcrumb\":{\"@id\":\"https:\\\/\\\/stg.dotnice.com\\\/fr\\\/services\\\/gestion-de-linfrastructure-du-dns\\\/#breadcrumb\"},\"inLanguage\":\"fr-FR\",\"potentialAction\":[{\"@type\":\"ReadAction\",\"target\":[\"https:\\\/\\\/stg.dotnice.com\\\/fr\\\/services\\\/gestion-de-linfrastructure-du-dns\\\/\"]}]},{\"@type\":\"BreadcrumbList\",\"@id\":\"https:\\\/\\\/stg.dotnice.com\\\/fr\\\/services\\\/gestion-de-linfrastructure-du-dns\\\/#breadcrumb\",\"itemListElement\":[{\"@type\":\"ListItem\",\"position\":1,\"name\":\"Home\",\"item\":\"https:\\\/\\\/www.dotnice.fr\\\/\"},{\"@type\":\"ListItem\",\"position\":2,\"name\":\"Services\",\"item\":\"https:\\\/\\\/www.dotnice.fr\\\/services\\\/\"},{\"@type\":\"ListItem\",\"position\":3,\"name\":\"Gestion de l&rsquo;infrastructure du DNS\"}]},{\"@type\":\"WebSite\",\"@id\":\"https:\\\/\\\/stg.dotnice.com\\\/fr\\\/#website\",\"url\":\"https:\\\/\\\/stg.dotnice.com\\\/fr\\\/\",\"name\":\"dotNice\",\"description\":\"digital brand protection\",\"potentialAction\":[{\"@type\":\"SearchAction\",\"target\":{\"@type\":\"EntryPoint\",\"urlTemplate\":\"https:\\\/\\\/stg.dotnice.com\\\/fr\\\/?s=%7Bsearch_term_string%7D\"},\"query-input\":{\"@type\":\"PropertyValueSpecification\",\"valueRequired\":true,\"valueName\":\"search_term_string\"}}],\"inLanguage\":\"fr-FR\"}]}<\/script>\n<!-- \/ Yoast SEO plugin. -->","yoast_head_json":{"title":"Gestion de l'infrastructure du DNS - dotNice","robots":{"index":"noindex","follow":"follow","max-snippet":"max-snippet:-1","max-image-preview":"max-image-preview:large","max-video-preview":"max-video-preview:-1"},"og_locale":"fr_FR","og_type":"article","og_title":"Gestion de l'infrastructure du DNS - dotNice","og_description":"Une mauvaise performance de votre DNS peut affecter n\u00e9gativement votre entreprise. De nos jours de nombreuses entreprises investissent et d\u00e9veloppent des sites web complexes et de tr\u00e8s haute qualit\u00e9. Cependant la puissance et la capacit\u00e9 de ces technologies peuvent \u00eatre compromises si elles sont trop expos\u00e9es aux attaques \u00e0 cause d\u2019un faible ou d\u2019un insuffisant &hellip; Continue reading Gestion de l&#8217;infrastructure du DNS","og_url":"https:\/\/stg.dotnice.com\/fr\/services\/gestion-de-linfrastructure-du-dns\/","og_site_name":"dotNice","article_modified_time":"2015-09-28T06:56:22+00:00","twitter_card":"summary_large_image","twitter_misc":{"Est. reading time":"2 minutes"},"schema":{"@context":"https:\/\/schema.org","@graph":[{"@type":"WebPage","@id":"https:\/\/stg.dotnice.com\/fr\/services\/gestion-de-linfrastructure-du-dns\/","url":"https:\/\/stg.dotnice.com\/fr\/services\/gestion-de-linfrastructure-du-dns\/","name":"Gestion de l'infrastructure du DNS - dotNice","isPartOf":{"@id":"https:\/\/stg.dotnice.com\/fr\/#website"},"datePublished":"2015-05-18T13:28:16+00:00","dateModified":"2015-09-28T06:56:22+00:00","breadcrumb":{"@id":"https:\/\/stg.dotnice.com\/fr\/services\/gestion-de-linfrastructure-du-dns\/#breadcrumb"},"inLanguage":"fr-FR","potentialAction":[{"@type":"ReadAction","target":["https:\/\/stg.dotnice.com\/fr\/services\/gestion-de-linfrastructure-du-dns\/"]}]},{"@type":"BreadcrumbList","@id":"https:\/\/stg.dotnice.com\/fr\/services\/gestion-de-linfrastructure-du-dns\/#breadcrumb","itemListElement":[{"@type":"ListItem","position":1,"name":"Home","item":"https:\/\/www.dotnice.fr\/"},{"@type":"ListItem","position":2,"name":"Services","item":"https:\/\/www.dotnice.fr\/services\/"},{"@type":"ListItem","position":3,"name":"Gestion de l&rsquo;infrastructure du DNS"}]},{"@type":"WebSite","@id":"https:\/\/stg.dotnice.com\/fr\/#website","url":"https:\/\/stg.dotnice.com\/fr\/","name":"dotNice","description":"digital brand protection","potentialAction":[{"@type":"SearchAction","target":{"@type":"EntryPoint","urlTemplate":"https:\/\/stg.dotnice.com\/fr\/?s=%7Bsearch_term_string%7D"},"query-input":{"@type":"PropertyValueSpecification","valueRequired":true,"valueName":"search_term_string"}}],"inLanguage":"fr-FR"}]}},"_links":{"self":[{"href":"https:\/\/stg.dotnice.com\/fr\/wp-json\/wp\/v2\/pages\/1816","targetHints":{"allow":["GET"]}}],"collection":[{"href":"https:\/\/stg.dotnice.com\/fr\/wp-json\/wp\/v2\/pages"}],"about":[{"href":"https:\/\/stg.dotnice.com\/fr\/wp-json\/wp\/v2\/types\/page"}],"author":[{"embeddable":true,"href":"https:\/\/stg.dotnice.com\/fr\/wp-json\/wp\/v2\/users\/6"}],"replies":[{"embeddable":true,"href":"https:\/\/stg.dotnice.com\/fr\/wp-json\/wp\/v2\/comments?post=1816"}],"version-history":[{"count":0,"href":"https:\/\/stg.dotnice.com\/fr\/wp-json\/wp\/v2\/pages\/1816\/revisions"}],"up":[{"embeddable":true,"href":"https:\/\/stg.dotnice.com\/fr\/wp-json\/wp\/v2\/pages\/2169"}],"wp:attachment":[{"href":"https:\/\/stg.dotnice.com\/fr\/wp-json\/wp\/v2\/media?parent=1816"}],"curies":[{"name":"wp","href":"https:\/\/api.w.org\/{rel}","templated":true}]}}