{"id":1801,"date":"2015-03-02T19:17:37","date_gmt":"2015-03-02T19:17:37","guid":{"rendered":"http:\/\/www.dotnice.com\/?page_id=1801"},"modified":"2015-09-28T07:04:44","modified_gmt":"2015-09-28T06:04:44","slug":"faq","status":"publish","type":"page","link":"https:\/\/stg.dotnice.com\/fr\/banque-dinformations\/faq\/","title":{"rendered":"FAQ"},"content":{"rendered":"<p><b>Qu\u2019est ce que la protection num\u00e9rique des marques ?<\/b><\/p>\n<p>La protection num\u00e9rique des marques consiste\u00a0\u00e0\u00a0d\u00e9fendre pr\u00e9ventivement votre marque. Elle va \u00e9viter une utilisation ill\u00e9gale de votre marque, une violation de votre propri\u00e9t\u00e9 intellectuelle gr\u00e2ce\u00a0\u00e0\u00a0la cr\u00e9ation d\u2019une strat\u00e9gie de protection num\u00e9rique solide et par le biais d\u2019une surveillance continue de toutes les donn\u00e9es circulant sur internet. La strat\u00e9gie de protection num\u00e9rique de votre marque exige une gestion de votre portefeuille de nom de domaine gr\u00e2ce \u00e0\u00a0un enregistrement, une r\u00e9cup\u00e9ration et une acquisition de nouveaux noms de domaine pour renforcer votre portefeuille, votre identit\u00e9 et votre visibilit\u00e9. Une ex\u00e9cution efficace d\u2019une bonne strat\u00e9gie de protection num\u00e9rique \u00e9vite de nombreux litiges couteux.<\/p>\n<p><b>Pourquoi la protection num\u00e9rique des marques est-elle n\u00e9cessaire ?<\/b><\/p>\n<p>Appliquer une strat\u00e9gie de protection num\u00e9rique des marques vous permet de prot\u00e9ger votre marque de diff\u00e9rentes attaques en ligne sur de multiples plateformes num\u00e9riques tel que l\u2019occupation intempestive de votre site ou de votre domaine, la contrefa\u00e7on de votre marque d\u00e9pos\u00e9e, l\u2019usurpation de votre identit\u00e9 sur le net, le d\u00e9tournement de votre site web, la diffamation ou toutes autres activit\u00e9s frauduleuses ou ill\u00e9gales. Certaines attaques en ligne peuvent \u00e0\u00a0terme avoir un impact sur votre chiffre d\u2019affaire. La protection num\u00e9rique de votre marque permet d\u2019augmenter votre capacit\u00e9 a prot\u00e9ger l\u2019identit\u00e9 de votre marque en ligne et d\u2019optimiser sa pr\u00e9sence sur le march\u00e9 mondial.<\/p>\n<p><b>Qui a besoin d\u2019une protection num\u00e9rique ?<\/b><\/p>\n<p>Toutes les entreprises, les PME comme les entreprises multinationales. Avoir une pr\u00e9sence dans le monde num\u00e9rique n\u00e9cessite une protection de votre marque. Sauvegarder vos atouts en ligne (noms de domaines, r\u00e9seaux sociaux et m\u00e9dias, identit\u00e9 de la marque, site web) est essentiel dans le monde num\u00e9rique de nos jours, pour le succ\u00e8s de votre entreprise.<\/p>\n<p><b>dotNice peut elle apportait une strat\u00e9gie de protection num\u00e9rique a mon entreprise ?<\/b><\/p>\n<p>Oui. dotNice fournit un ensemble de services de protection num\u00e9rique. Nous fournissons des services de gestion et de conseil d&#8217;experts pour nos clients souhaitant sauvegarder leurs atouts num\u00e9riques.<\/p>\n<p><b>Qu\u2019est ce que la gestion du portefeuille de nom de domaine ?<\/b><\/p>\n<p>La gestion du portefeuille de nom de domaine consiste \u00e0\u00a0pr\u00e9ventivement s\u00e9curiser, d\u00e9velopper et optimiser le portefeuille de nom de domaine d\u2019une entreprise en utilisant l\u2019enregistrement, la r\u00e9cup\u00e9ration, le transfert et l\u2019acquisition de noms de domaines. La gestion du portefeuille de nom de domaine n\u00e9cessite une analyse et une gestion quotidienne afin de garantir la protection et la sauvegarde des atouts num\u00e9riques d\u2019une marque.<\/p>\n<p><b>Qu\u2019est ce que l\u2019ICANN ?<\/b><\/p>\n<p>L\u2019ICANN est une soci\u00e9t\u00e9 qui agit pour l&#8217;attribution des noms de domaine et des num\u00e9ros sur internet. C\u2019est un organisme gouvernemental qui r\u00e9gule l\u2019attribution des noms de domaines dans l\u2019espace nominatif d\u2019internet. L\u2019ICANN est l\u2019organisme de r\u00e9gulation qui a introduit les nouveaux domaines de premier niveau g\u00e9n\u00e9rique.<\/p>\n<p><b>\u00a0Qu\u2019est ce que les domaines de premier niveau g\u00e9n\u00e9rique ?<\/b><\/p>\n<p>Un domaine de premier niveau g\u00e9n\u00e9rique est une extension a la fin du nom de domaine. Depuis le 12 Janvier 2012, l\u2019ICANN a cr\u00e9ait des s\u00e9ries de nouveaux domaines de premier niveau. Avant cette date il existait seulement un petit nombre de domaine de premier niveau sur internet (.com, .org, .net).<\/p>\n<p><b>Combien coute les domaines de premier niveau g\u00e9n\u00e9rique ?<\/b><\/p>\n<p>Le prix d\u2019un domaine de premier niveau g\u00e9n\u00e9rique en particulier varie selon le prix \u00e9tablit par le registre en question.<\/p>\n<p><b>Qu\u2019est ce que les domaines de premier niveaux nationaux ?<\/b><\/p>\n<p>Les domaines de premier niveau nationaux sont utilis\u00e9s pour un pays ou une zone g\u00e9ographique en particulier. Par exemple .fr (France), .ie (Irlande) or .uk (United Kingdom).<\/p>\n<p><b>Qu\u2019est ce que les noms de domaines internationaux ?<\/b><\/p>\n<p>Les noms de domaines internationaux sont des noms de domaine sur internet qui sont \u00e9crient dans une langue ou un alphabet sp\u00e9cifique. Par exemple le Chinois, l\u2019H\u00e9breu ou l\u2019Arabe<\/p>\n<p><b>Quels sont les \u00e9tapes que mon entreprise doit entreprendre pour b\u00e9n\u00e9ficier d\u2019un programme de nouveaux domaines de premier niveau g\u00e9n\u00e9rique ?<\/b><\/p>\n<p>Pour optimiser le portefeuille de nom de domaine de votre marque dotNice recommande d\u2019accomplir les \u00e9tapes suivantes :<\/p>\n<p>1. Lister et enregistrer toutes vos marques avec la chambre de compensation pour marques d\u00e9pos\u00e9es.<\/p>\n<p>2. Examiner tous les domaines de premier niveau g\u00e9n\u00e9rique enregistr\u00e9.<\/p>\n<p>3. Revoir et analyser votre portefeuille de nom de domaine actuel. Confirmer que votre entreprise est en r\u00e8gle avec toutes les politiques actuelles de nom de domaine des organismes de r\u00e9gulation.<\/p>\n<p>4. Analyser votre strat\u00e9gie de d\u00e9fense d\u2019enregistrement. Developper votre strat\u00e9gie de d\u00e9fense d\u2019enregistrement.<\/p>\n<p>5. D\u00e9tecter si une contrefa\u00e7on est en cours, si c\u2019est le cas chercher ou et poursuivre les parties concern\u00e9es avec l\u2019URS et l\u2019UDRP.<\/p>\n<p><b>Quelle devrait \u00eatre notre strat\u00e9gie de d\u00e9fense ?<\/b><\/p>\n<p>Prot\u00e9ger votre marque d\u00e9pos\u00e9e est essentielle pour le succ\u00e8s de votre entreprise. Avec l\u2019introduction de milliers de nouveaux domaines de premier niveau g\u00e9n\u00e9rique par l\u2019ICANN, il est fortement recommand\u00e9 de developper votre strat\u00e9gie de portefeuille de nom de domaine. Enregistrer pr\u00e9ventivement vos nouveaux noms de domaine est un moyen efficace pour sauvegarder compl\u00e8tement votre marque et vous prot\u00e9gez contre de futures potentielles occupations intempestives de votre site ou de votre domaine qui profiteraient de votre marque d\u00e9pos\u00e9e.<\/p>\n<p><b>dotNice peut-elle enregistrer ma marque dans tous les nouveaux domaines de premier niveau g\u00e9n\u00e9rique ?<\/b><\/p>\n<p>Oui. dotNice fournit tous les services d&#8217;enregistrement connexes dans tous les registres de domaines de premier niveau g\u00e9n\u00e9rique internationaux<\/p>\n<p><b>Qu\u2019est ce que la chambre de compensation pour marques d\u00e9pos\u00e9es ?<\/b><\/p>\n<p>La chambre de compensation pour marques d\u00e9pos\u00e9es est une base de donn\u00e9e qui centralise toutes les marques d\u00e9pos\u00e9es afin de permettre \u00e0\u00a0un propri\u00e9taire l\u00e9gale d\u2019une marque de la prot\u00e9ger. Durant les p\u00e9riodes de sunrise, les titulaires de marques ou des personnes priv\u00e9es peuvent d\u00e9poser leurs marques comme noms de domaine . A chaque fois qu\u2019une r\u00e9plique de ce nom de domaine est faite, une alerte est envoy\u00e9e au propri\u00e9taire l\u00e9gale de celui-ci. La chambre de compensation pour marques d\u00e9pos\u00e9es se concentre sur la protection de la propri\u00e9t\u00e9 intellectuelle des propri\u00e9taires de marques .<\/p>\n<p><b>dotNice peut-elle g\u00e9rer tous mes noms de domaines dans la chambre de compensation pour marques d\u00e9pos\u00e9es ?<\/b><\/p>\n<p>Oui. dotNice fournit une gestion compl\u00e8te de toute l\u2019administration n\u00e9cessaire en lien avec la chambre de compensation pour marques d\u00e9pos\u00e9es.<\/p>\n<p><b>Pourquoi mon entreprise doit consid\u00e9rer la prestation des marques a la chambre de compensation pour marques d\u00e9pos\u00e9es ?<\/b><\/p>\n<p>En enregistrant votre marque avec la chambre de compensation pour marques d\u00e9pos\u00e9es, vous recevrez des alertes et des notifications \u00e0 chaque fois qu&#8217;un domaine d\u00e9j\u00e0 connect\u00e9 avec votre marque d\u00e9pos\u00e9e sera enregistr\u00e9. Cela permet aux propri\u00e9taires de marques de surveiller de pr\u00e8s leurs marques et de pr\u00e9venir de potentielles violations.<\/p>\n<p><b>Qu\u2019est ce que le syst\u00e8me de suspension rapide uniforme (URS) ?<\/b><\/p>\n<p>Le syst\u00e8me de suspension rapide uniforme fournit un soutien simplifi\u00e9 pour les propri\u00e9taires de marques qui peut en cas de violation suspendre un nom de domaine particulier. En cas de violation av\u00e9r\u00e9e et sans ambigu\u00eft\u00e9, les URS fournissent un service de r\u00e9solution efficace,rentable et rapide. En cas d&#8217;abus et de violation de marque ambigu\u00eb, les propri\u00e9taires de marques doivent porter plainte avec les\u00a0principes directeurs pour un r\u00e8glement uniforme des litiges relatifs aux noms de domaine (UDRP).<\/p>\n<p><b>Qu\u2019est ce que la proc\u00e9dure de r\u00e8glement de litiges apr\u00e8s d\u00e9l\u00e9gation relatifs \u00e0 des marques (PDDRP) ?<\/b><\/p>\n<p>La Proc\u00e9dure de r\u00e8glement de litiges apr\u00e8s d\u00e9l\u00e9gation relatifs \u00e0 des marques (PDDRP) prot\u00e8ge les titulaires de droits ou les propri\u00e9taires de marques contre l&#8217;inconduite et la faute professionnelle d\u2019un op\u00e9rateur de registre. Il sert de plate-forme pour porter plainte contre divers registres.<\/p>\n<p><b>Est-ce que dotNice propose une aide contre la violation et l\u2019abus des domaines de premier niveau g\u00e9n\u00e9rique ?<\/b><\/p>\n<p><b> <\/b>Oui. dotNice fournit tous les services n\u00e9cessaire a votre protection contre la contrefa\u00e7on de votre marque d\u00e9pos\u00e9e et la violation ou l\u2019abus de votre nom de domaine.<\/p>\n","protected":false},"excerpt":{"rendered":"<p>Qu\u2019est ce que la protection num\u00e9rique des marques ? La protection num\u00e9rique des marques consiste\u00a0\u00e0\u00a0d\u00e9fendre pr\u00e9ventivement votre marque. Elle va \u00e9viter une utilisation ill\u00e9gale de votre marque, une violation de votre propri\u00e9t\u00e9 intellectuelle gr\u00e2ce\u00a0\u00e0\u00a0la cr\u00e9ation d\u2019une strat\u00e9gie de protection num\u00e9rique solide et par le biais d\u2019une surveillance continue de toutes les donn\u00e9es circulant sur internet. &hellip; <a href=\"https:\/\/stg.dotnice.com\/fr\/banque-dinformations\/faq\/\" class=\"more-link\">Continue reading <span class=\"screen-reader-text\">FAQ<\/span><\/a><\/p>\n","protected":false},"author":6,"featured_media":0,"parent":2190,"menu_order":0,"comment_status":"closed","ping_status":"closed","template":"","meta":{"footnotes":""},"class_list":["post-1801","page","type-page","status-publish","hentry"],"yoast_head":"<!-- This site is optimized with the Yoast SEO plugin v27.4 - https:\/\/yoast.com\/product\/yoast-seo-wordpress\/ -->\n<title>FAQ - dotNice<\/title>\n<meta name=\"robots\" content=\"noindex, follow, max-snippet:-1, max-image-preview:large, max-video-preview:-1\" \/>\n<meta property=\"og:locale\" content=\"fr_FR\" \/>\n<meta property=\"og:type\" content=\"article\" \/>\n<meta property=\"og:title\" content=\"FAQ - dotNice\" \/>\n<meta property=\"og:description\" content=\"Qu\u2019est ce que la protection num\u00e9rique des marques ? La protection num\u00e9rique des marques consiste\u00a0\u00e0\u00a0d\u00e9fendre pr\u00e9ventivement votre marque. Elle va \u00e9viter une utilisation ill\u00e9gale de votre marque, une violation de votre propri\u00e9t\u00e9 intellectuelle gr\u00e2ce\u00a0\u00e0\u00a0la cr\u00e9ation d\u2019une strat\u00e9gie de protection num\u00e9rique solide et par le biais d\u2019une surveillance continue de toutes les donn\u00e9es circulant sur internet. &hellip; Continue reading FAQ\" \/>\n<meta property=\"og:url\" content=\"https:\/\/stg.dotnice.com\/fr\/banque-dinformations\/faq\/\" \/>\n<meta property=\"og:site_name\" content=\"dotNice\" \/>\n<meta property=\"article:modified_time\" content=\"2015-09-28T06:04:44+00:00\" \/>\n<meta name=\"twitter:card\" content=\"summary_large_image\" \/>\n<meta name=\"twitter:label1\" content=\"Est. reading time\" \/>\n\t<meta name=\"twitter:data1\" content=\"7 minutes\" \/>\n<script type=\"application\/ld+json\" class=\"yoast-schema-graph\">{\"@context\":\"https:\\\/\\\/schema.org\",\"@graph\":[{\"@type\":\"WebPage\",\"@id\":\"https:\\\/\\\/stg.dotnice.com\\\/fr\\\/banque-dinformations\\\/faq\\\/\",\"url\":\"https:\\\/\\\/stg.dotnice.com\\\/fr\\\/banque-dinformations\\\/faq\\\/\",\"name\":\"FAQ - dotNice\",\"isPartOf\":{\"@id\":\"https:\\\/\\\/stg.dotnice.com\\\/fr\\\/#website\"},\"datePublished\":\"2015-03-02T19:17:37+00:00\",\"dateModified\":\"2015-09-28T06:04:44+00:00\",\"breadcrumb\":{\"@id\":\"https:\\\/\\\/stg.dotnice.com\\\/fr\\\/banque-dinformations\\\/faq\\\/#breadcrumb\"},\"inLanguage\":\"fr-FR\",\"potentialAction\":[{\"@type\":\"ReadAction\",\"target\":[\"https:\\\/\\\/stg.dotnice.com\\\/fr\\\/banque-dinformations\\\/faq\\\/\"]}]},{\"@type\":\"BreadcrumbList\",\"@id\":\"https:\\\/\\\/stg.dotnice.com\\\/fr\\\/banque-dinformations\\\/faq\\\/#breadcrumb\",\"itemListElement\":[{\"@type\":\"ListItem\",\"position\":1,\"name\":\"Home\",\"item\":\"https:\\\/\\\/www.dotnice.fr\\\/\"},{\"@type\":\"ListItem\",\"position\":2,\"name\":\"Banque d&rsquo;informations\",\"item\":\"https:\\\/\\\/www.dotnice.fr\\\/banque-dinformations\\\/\"},{\"@type\":\"ListItem\",\"position\":3,\"name\":\"FAQ\"}]},{\"@type\":\"WebSite\",\"@id\":\"https:\\\/\\\/stg.dotnice.com\\\/fr\\\/#website\",\"url\":\"https:\\\/\\\/stg.dotnice.com\\\/fr\\\/\",\"name\":\"dotNice\",\"description\":\"digital brand protection\",\"potentialAction\":[{\"@type\":\"SearchAction\",\"target\":{\"@type\":\"EntryPoint\",\"urlTemplate\":\"https:\\\/\\\/stg.dotnice.com\\\/fr\\\/?s=%7Bsearch_term_string%7D\"},\"query-input\":{\"@type\":\"PropertyValueSpecification\",\"valueRequired\":true,\"valueName\":\"search_term_string\"}}],\"inLanguage\":\"fr-FR\"}]}<\/script>\n<!-- \/ Yoast SEO plugin. -->","yoast_head_json":{"title":"FAQ - dotNice","robots":{"index":"noindex","follow":"follow","max-snippet":"max-snippet:-1","max-image-preview":"max-image-preview:large","max-video-preview":"max-video-preview:-1"},"og_locale":"fr_FR","og_type":"article","og_title":"FAQ - dotNice","og_description":"Qu\u2019est ce que la protection num\u00e9rique des marques ? La protection num\u00e9rique des marques consiste\u00a0\u00e0\u00a0d\u00e9fendre pr\u00e9ventivement votre marque. Elle va \u00e9viter une utilisation ill\u00e9gale de votre marque, une violation de votre propri\u00e9t\u00e9 intellectuelle gr\u00e2ce\u00a0\u00e0\u00a0la cr\u00e9ation d\u2019une strat\u00e9gie de protection num\u00e9rique solide et par le biais d\u2019une surveillance continue de toutes les donn\u00e9es circulant sur internet. &hellip; Continue reading FAQ","og_url":"https:\/\/stg.dotnice.com\/fr\/banque-dinformations\/faq\/","og_site_name":"dotNice","article_modified_time":"2015-09-28T06:04:44+00:00","twitter_card":"summary_large_image","twitter_misc":{"Est. reading time":"7 minutes"},"schema":{"@context":"https:\/\/schema.org","@graph":[{"@type":"WebPage","@id":"https:\/\/stg.dotnice.com\/fr\/banque-dinformations\/faq\/","url":"https:\/\/stg.dotnice.com\/fr\/banque-dinformations\/faq\/","name":"FAQ - dotNice","isPartOf":{"@id":"https:\/\/stg.dotnice.com\/fr\/#website"},"datePublished":"2015-03-02T19:17:37+00:00","dateModified":"2015-09-28T06:04:44+00:00","breadcrumb":{"@id":"https:\/\/stg.dotnice.com\/fr\/banque-dinformations\/faq\/#breadcrumb"},"inLanguage":"fr-FR","potentialAction":[{"@type":"ReadAction","target":["https:\/\/stg.dotnice.com\/fr\/banque-dinformations\/faq\/"]}]},{"@type":"BreadcrumbList","@id":"https:\/\/stg.dotnice.com\/fr\/banque-dinformations\/faq\/#breadcrumb","itemListElement":[{"@type":"ListItem","position":1,"name":"Home","item":"https:\/\/www.dotnice.fr\/"},{"@type":"ListItem","position":2,"name":"Banque d&rsquo;informations","item":"https:\/\/www.dotnice.fr\/banque-dinformations\/"},{"@type":"ListItem","position":3,"name":"FAQ"}]},{"@type":"WebSite","@id":"https:\/\/stg.dotnice.com\/fr\/#website","url":"https:\/\/stg.dotnice.com\/fr\/","name":"dotNice","description":"digital brand protection","potentialAction":[{"@type":"SearchAction","target":{"@type":"EntryPoint","urlTemplate":"https:\/\/stg.dotnice.com\/fr\/?s=%7Bsearch_term_string%7D"},"query-input":{"@type":"PropertyValueSpecification","valueRequired":true,"valueName":"search_term_string"}}],"inLanguage":"fr-FR"}]}},"_links":{"self":[{"href":"https:\/\/stg.dotnice.com\/fr\/wp-json\/wp\/v2\/pages\/1801","targetHints":{"allow":["GET"]}}],"collection":[{"href":"https:\/\/stg.dotnice.com\/fr\/wp-json\/wp\/v2\/pages"}],"about":[{"href":"https:\/\/stg.dotnice.com\/fr\/wp-json\/wp\/v2\/types\/page"}],"author":[{"embeddable":true,"href":"https:\/\/stg.dotnice.com\/fr\/wp-json\/wp\/v2\/users\/6"}],"replies":[{"embeddable":true,"href":"https:\/\/stg.dotnice.com\/fr\/wp-json\/wp\/v2\/comments?post=1801"}],"version-history":[{"count":0,"href":"https:\/\/stg.dotnice.com\/fr\/wp-json\/wp\/v2\/pages\/1801\/revisions"}],"up":[{"embeddable":true,"href":"https:\/\/stg.dotnice.com\/fr\/wp-json\/wp\/v2\/pages\/2190"}],"wp:attachment":[{"href":"https:\/\/stg.dotnice.com\/fr\/wp-json\/wp\/v2\/media?parent=1801"}],"curies":[{"name":"wp","href":"https:\/\/api.w.org\/{rel}","templated":true}]}}