{"id":1796,"date":"2015-02-25T12:06:55","date_gmt":"2015-02-25T12:06:55","guid":{"rendered":"http:\/\/www.dotnice.com\/?page_id=1796"},"modified":"2015-09-28T07:55:57","modified_gmt":"2015-09-28T06:55:57","slug":"gestion-du-portefeuille-de-nom-de-domaine","status":"publish","type":"page","link":"https:\/\/stg.dotnice.com\/fr\/services\/gestion-du-portefeuille-de-nom-de-domaine\/","title":{"rendered":"Gestion du portefeuille de nom de domaine"},"content":{"rendered":"<p>Nous identifions, d\u00e9veloppons et prodiguons une <strong>strat\u00e9gie de nom de domaine adapt\u00e9e<\/strong> a chaque marque. Nous prot\u00e9geons pr\u00e9ventivement votre portefeuille de nom de domaine d\u2019une potentielle occupation intempestive, nous renfor\u00e7ons votre visibilit\u00e9 sur les march\u00e9s actuels et potentiels et nous renfor\u00e7ons l&#8217;empreinte num\u00e9rique de votre marque.<\/p>\n<p>Nos sp\u00e9cialistes fournissent \u00e0 nos clients des <strong>services de gestion de grande qualit\u00e9<\/strong> en utilisant une technologie de pointe. Nos strat\u00e9gies personnalis\u00e9es assurent la visibilit\u00e9 de votre marque et garantissent votre pr\u00e9sence en ligne. dotNice fournit les solutions n\u00e9cessaires pour veiller \u00e0 ce que votre marque reste prot\u00e9g\u00e9e.<\/p>\n<p><strong>Notre service de gestion du portefeuille de nom de domaine inclut<\/strong> :<\/p>\n<p>\u2022 <strong>Services de gestion<\/strong> de toutes les acquisitions, enregistrements, renouvellements et courtage de domaines<\/p>\n<p>\u2022 Analyse, v\u00e9rification, optimisation et <strong>conseils d\u2019experts<\/strong> sur le portefeuille de nom de domaine existant<\/p>\n<p>\u2022 <strong>Strat\u00e9gie de portefeuille de nom de domaine<\/strong> personnalis\u00e9e pour les domaines de premier niveaux g\u00e9n\u00e9riques, les domaines de premier niveau national et les noms de domaine internationaux<\/p>\n<p>\u2022 <strong>Surveillance de domaine et des serveurs de noms<\/strong> comprenant une alerte pour une utilisation non autoris\u00e9es, ou l\u2019expiration de vos noms de domaine<\/p>\n<p>\u2022 Analyse et correspondance avec la\u00a0<strong>chambre de compensation pour marques d\u00e9pos\u00e9es.<\/strong><\/p>\n<p>\u2022 Recherches et rapports sur l\u2019<strong>historique whois<\/strong><\/p>\n<p>\u2022 <strong>Solutions fiduciaires<\/strong> pour les domaines de premier niveaux restreints<\/p>\n<p>\u2022 <strong>Gestion de l\u2019infrastructure du syst\u00e8me de nom de domaine<\/strong> et d\u00e9fense contre les attaques par d\u00e9ni de service<\/p>\n<p>\u2022 Fonctionnement du syst\u00e8me de nom de domaine assure a 100% <strong>7j\/7<\/strong> et<strong> 24h\/24<\/strong><\/p>\n<p>\u2022 Protection compl\u00e8te contres les <strong>contrefa\u00e7ons et falsifications du syst\u00e8me de nom de domaine<\/strong><\/p>\n<p>Chez dotNice, nous assurons a votre marque une position lui apportant une <strong>visibilit\u00e9 globale maximale<\/strong>. Nous d\u00e9veloppons et prot\u00e9geons les atouts de votre portefeuille num\u00e9rique tout en \u00e9tablissant et en \u00e9largissant la pr\u00e9sence de votre marque en ligne.<\/p>\n","protected":false},"excerpt":{"rendered":"<p>Nous identifions, d\u00e9veloppons et prodiguons une strat\u00e9gie de nom de domaine adapt\u00e9e a chaque marque. Nous prot\u00e9geons pr\u00e9ventivement votre portefeuille de nom de domaine d\u2019une potentielle occupation intempestive, nous renfor\u00e7ons votre visibilit\u00e9 sur les march\u00e9s actuels et potentiels et nous renfor\u00e7ons l&#8217;empreinte num\u00e9rique de votre marque. Nos sp\u00e9cialistes fournissent \u00e0 nos clients des services de &hellip; <a href=\"https:\/\/stg.dotnice.com\/fr\/services\/gestion-du-portefeuille-de-nom-de-domaine\/\" class=\"more-link\">Continue reading <span class=\"screen-reader-text\">Gestion du portefeuille de nom de domaine<\/span><\/a><\/p>\n","protected":false},"author":6,"featured_media":0,"parent":2169,"menu_order":0,"comment_status":"closed","ping_status":"closed","template":"","meta":{"footnotes":""},"class_list":["post-1796","page","type-page","status-publish","hentry"],"yoast_head":"<!-- This site is optimized with the Yoast SEO plugin v27.4 - https:\/\/yoast.com\/product\/yoast-seo-wordpress\/ -->\n<title>Gestion du portefeuille de nom de domaine - dotNice<\/title>\n<meta name=\"robots\" content=\"noindex, follow, max-snippet:-1, max-image-preview:large, max-video-preview:-1\" \/>\n<meta property=\"og:locale\" content=\"fr_FR\" \/>\n<meta property=\"og:type\" content=\"article\" \/>\n<meta property=\"og:title\" content=\"Gestion du portefeuille de nom de domaine - dotNice\" \/>\n<meta property=\"og:description\" content=\"Nous identifions, d\u00e9veloppons et prodiguons une strat\u00e9gie de nom de domaine adapt\u00e9e a chaque marque. Nous prot\u00e9geons pr\u00e9ventivement votre portefeuille de nom de domaine d\u2019une potentielle occupation intempestive, nous renfor\u00e7ons votre visibilit\u00e9 sur les march\u00e9s actuels et potentiels et nous renfor\u00e7ons l&#8217;empreinte num\u00e9rique de votre marque. Nos sp\u00e9cialistes fournissent \u00e0 nos clients des services de &hellip; Continue reading Gestion du portefeuille de nom de domaine\" \/>\n<meta property=\"og:url\" content=\"https:\/\/stg.dotnice.com\/fr\/services\/gestion-du-portefeuille-de-nom-de-domaine\/\" \/>\n<meta property=\"og:site_name\" content=\"dotNice\" \/>\n<meta property=\"article:modified_time\" content=\"2015-09-28T06:55:57+00:00\" \/>\n<meta name=\"twitter:card\" content=\"summary_large_image\" \/>\n<meta name=\"twitter:label1\" content=\"Est. reading time\" \/>\n\t<meta name=\"twitter:data1\" content=\"2 minutes\" \/>\n<script type=\"application\/ld+json\" class=\"yoast-schema-graph\">{\"@context\":\"https:\\\/\\\/schema.org\",\"@graph\":[{\"@type\":\"WebPage\",\"@id\":\"https:\\\/\\\/stg.dotnice.com\\\/fr\\\/services\\\/gestion-du-portefeuille-de-nom-de-domaine\\\/\",\"url\":\"https:\\\/\\\/stg.dotnice.com\\\/fr\\\/services\\\/gestion-du-portefeuille-de-nom-de-domaine\\\/\",\"name\":\"Gestion du portefeuille de nom de domaine - dotNice\",\"isPartOf\":{\"@id\":\"https:\\\/\\\/stg.dotnice.com\\\/fr\\\/#website\"},\"datePublished\":\"2015-02-25T12:06:55+00:00\",\"dateModified\":\"2015-09-28T06:55:57+00:00\",\"breadcrumb\":{\"@id\":\"https:\\\/\\\/stg.dotnice.com\\\/fr\\\/services\\\/gestion-du-portefeuille-de-nom-de-domaine\\\/#breadcrumb\"},\"inLanguage\":\"fr-FR\",\"potentialAction\":[{\"@type\":\"ReadAction\",\"target\":[\"https:\\\/\\\/stg.dotnice.com\\\/fr\\\/services\\\/gestion-du-portefeuille-de-nom-de-domaine\\\/\"]}]},{\"@type\":\"BreadcrumbList\",\"@id\":\"https:\\\/\\\/stg.dotnice.com\\\/fr\\\/services\\\/gestion-du-portefeuille-de-nom-de-domaine\\\/#breadcrumb\",\"itemListElement\":[{\"@type\":\"ListItem\",\"position\":1,\"name\":\"Home\",\"item\":\"https:\\\/\\\/www.dotnice.fr\\\/\"},{\"@type\":\"ListItem\",\"position\":2,\"name\":\"Services\",\"item\":\"https:\\\/\\\/www.dotnice.fr\\\/services\\\/\"},{\"@type\":\"ListItem\",\"position\":3,\"name\":\"Gestion du portefeuille de nom de domaine\"}]},{\"@type\":\"WebSite\",\"@id\":\"https:\\\/\\\/stg.dotnice.com\\\/fr\\\/#website\",\"url\":\"https:\\\/\\\/stg.dotnice.com\\\/fr\\\/\",\"name\":\"dotNice\",\"description\":\"digital brand protection\",\"potentialAction\":[{\"@type\":\"SearchAction\",\"target\":{\"@type\":\"EntryPoint\",\"urlTemplate\":\"https:\\\/\\\/stg.dotnice.com\\\/fr\\\/?s=%7Bsearch_term_string%7D\"},\"query-input\":{\"@type\":\"PropertyValueSpecification\",\"valueRequired\":true,\"valueName\":\"search_term_string\"}}],\"inLanguage\":\"fr-FR\"}]}<\/script>\n<!-- \/ Yoast SEO plugin. -->","yoast_head_json":{"title":"Gestion du portefeuille de nom de domaine - dotNice","robots":{"index":"noindex","follow":"follow","max-snippet":"max-snippet:-1","max-image-preview":"max-image-preview:large","max-video-preview":"max-video-preview:-1"},"og_locale":"fr_FR","og_type":"article","og_title":"Gestion du portefeuille de nom de domaine - dotNice","og_description":"Nous identifions, d\u00e9veloppons et prodiguons une strat\u00e9gie de nom de domaine adapt\u00e9e a chaque marque. Nous prot\u00e9geons pr\u00e9ventivement votre portefeuille de nom de domaine d\u2019une potentielle occupation intempestive, nous renfor\u00e7ons votre visibilit\u00e9 sur les march\u00e9s actuels et potentiels et nous renfor\u00e7ons l&#8217;empreinte num\u00e9rique de votre marque. Nos sp\u00e9cialistes fournissent \u00e0 nos clients des services de &hellip; Continue reading Gestion du portefeuille de nom de domaine","og_url":"https:\/\/stg.dotnice.com\/fr\/services\/gestion-du-portefeuille-de-nom-de-domaine\/","og_site_name":"dotNice","article_modified_time":"2015-09-28T06:55:57+00:00","twitter_card":"summary_large_image","twitter_misc":{"Est. reading time":"2 minutes"},"schema":{"@context":"https:\/\/schema.org","@graph":[{"@type":"WebPage","@id":"https:\/\/stg.dotnice.com\/fr\/services\/gestion-du-portefeuille-de-nom-de-domaine\/","url":"https:\/\/stg.dotnice.com\/fr\/services\/gestion-du-portefeuille-de-nom-de-domaine\/","name":"Gestion du portefeuille de nom de domaine - dotNice","isPartOf":{"@id":"https:\/\/stg.dotnice.com\/fr\/#website"},"datePublished":"2015-02-25T12:06:55+00:00","dateModified":"2015-09-28T06:55:57+00:00","breadcrumb":{"@id":"https:\/\/stg.dotnice.com\/fr\/services\/gestion-du-portefeuille-de-nom-de-domaine\/#breadcrumb"},"inLanguage":"fr-FR","potentialAction":[{"@type":"ReadAction","target":["https:\/\/stg.dotnice.com\/fr\/services\/gestion-du-portefeuille-de-nom-de-domaine\/"]}]},{"@type":"BreadcrumbList","@id":"https:\/\/stg.dotnice.com\/fr\/services\/gestion-du-portefeuille-de-nom-de-domaine\/#breadcrumb","itemListElement":[{"@type":"ListItem","position":1,"name":"Home","item":"https:\/\/www.dotnice.fr\/"},{"@type":"ListItem","position":2,"name":"Services","item":"https:\/\/www.dotnice.fr\/services\/"},{"@type":"ListItem","position":3,"name":"Gestion du portefeuille de nom de domaine"}]},{"@type":"WebSite","@id":"https:\/\/stg.dotnice.com\/fr\/#website","url":"https:\/\/stg.dotnice.com\/fr\/","name":"dotNice","description":"digital brand protection","potentialAction":[{"@type":"SearchAction","target":{"@type":"EntryPoint","urlTemplate":"https:\/\/stg.dotnice.com\/fr\/?s=%7Bsearch_term_string%7D"},"query-input":{"@type":"PropertyValueSpecification","valueRequired":true,"valueName":"search_term_string"}}],"inLanguage":"fr-FR"}]}},"_links":{"self":[{"href":"https:\/\/stg.dotnice.com\/fr\/wp-json\/wp\/v2\/pages\/1796","targetHints":{"allow":["GET"]}}],"collection":[{"href":"https:\/\/stg.dotnice.com\/fr\/wp-json\/wp\/v2\/pages"}],"about":[{"href":"https:\/\/stg.dotnice.com\/fr\/wp-json\/wp\/v2\/types\/page"}],"author":[{"embeddable":true,"href":"https:\/\/stg.dotnice.com\/fr\/wp-json\/wp\/v2\/users\/6"}],"replies":[{"embeddable":true,"href":"https:\/\/stg.dotnice.com\/fr\/wp-json\/wp\/v2\/comments?post=1796"}],"version-history":[{"count":0,"href":"https:\/\/stg.dotnice.com\/fr\/wp-json\/wp\/v2\/pages\/1796\/revisions"}],"up":[{"embeddable":true,"href":"https:\/\/stg.dotnice.com\/fr\/wp-json\/wp\/v2\/pages\/2169"}],"wp:attachment":[{"href":"https:\/\/stg.dotnice.com\/fr\/wp-json\/wp\/v2\/media?parent=1796"}],"curies":[{"name":"wp","href":"https:\/\/api.w.org\/{rel}","templated":true}]}}