{"id":1793,"date":"2015-02-25T12:10:11","date_gmt":"2015-02-25T12:10:11","guid":{"rendered":"http:\/\/www.dotnice.com\/?page_id=1793"},"modified":"2015-09-28T07:55:45","modified_gmt":"2015-09-28T06:55:45","slug":"renforcement-juridique-des-marques-numeriques","status":"publish","type":"page","link":"https:\/\/stg.dotnice.com\/fr\/services\/renforcement-juridique-des-marques-numeriques\/","title":{"rendered":"Renforcement juridique des marques numeriques"},"content":{"rendered":"<p>Nous proposons les services d\u2019experts pour appuyer\u00a0juridiquement votre marque\u00a0et garantir la s\u00e9curit\u00e9 de votre pr\u00e9sence en ligne gr\u00e2ce \u00e0 un <strong>contr\u00f4le en temps r\u00e9el<\/strong> des violations ou infractions\u00a0de votre marque. Nous proposons les conseils de sp\u00e9cialistes en propri\u00e9t\u00e9 intellectuelle pour vous aidez \u00e0 prot\u00e9ger vos atouts num\u00e9riques contre toutes infractions, et pour vous repr\u00e9sentez et g\u00e9rer les conflits.<\/p>\n<p><strong>Surveillance et d\u00e9tection de votre marque<\/strong> : surveillance en temps r\u00e9el de toutes les plateformes num\u00e9riques. Nous scannons et d\u00e9tectons toutes les infractions sur diff\u00e9rents canaux num\u00e9riques tel que les applications mobiles, les forums, les r\u00e9seaux m\u00e9dias et sociaux ainsi que tout le web.<\/p>\n<p><strong>R\u00e9cup\u00e9ration de vos noms de domaine<\/strong> : pour r\u00e9cup\u00e9rer un nom de domaine expirer\u00a0ou d\u00e9truit<\/p>\n<p><strong>processus d\u2019extraction<\/strong> du contenu ind\u00e9sirable sur toutes les plateformes num\u00e9riques<\/p>\n<p><strong>Experts dans la gestion des droits de propri\u00e9t\u00e9 intellectuelle<\/strong> et dans les <strong>proc\u00e9dures juridiques<\/strong> de r\u00e9cup\u00e9ration des noms de domaine en accord avec les organismes accr\u00e9dit\u00e9s. Nous g\u00e9rons toute l\u2019administration n\u00e9cessaire quand nous repr\u00e9sentons nos clients en accord avec les principes directeurs pour un r\u00e8glement uniforme des litiges relatifs aux noms de domaine (UDRP), le syst\u00e8me de suspension rapide uniforme (URS) et l\u2019Alternative Dispute Resolution (ADR).<\/p>\n<p>Nos conseillers juridiques g\u00e8rent tous les conflits pour nous clients et g\u00e8rent le processus de plainte de mani\u00e8re efficace et rentable, prot\u00e9geant votre marque de toutes les infractions en ligne.\u00a0Nos services renforcent la pr\u00e9sence en ligne de votre marque et s\u00e9curisent l\u00e9galement vos atouts num\u00e9riques.<\/p>\n","protected":false},"excerpt":{"rendered":"<p>Nous proposons les services d\u2019experts pour appuyer\u00a0juridiquement votre marque\u00a0et garantir la s\u00e9curit\u00e9 de votre pr\u00e9sence en ligne gr\u00e2ce \u00e0 un contr\u00f4le en temps r\u00e9el des violations ou infractions\u00a0de votre marque. Nous proposons les conseils de sp\u00e9cialistes en propri\u00e9t\u00e9 intellectuelle pour vous aidez \u00e0 prot\u00e9ger vos atouts num\u00e9riques contre toutes infractions, et pour vous repr\u00e9sentez et &hellip; <a href=\"https:\/\/stg.dotnice.com\/fr\/services\/renforcement-juridique-des-marques-numeriques\/\" class=\"more-link\">Continue reading <span class=\"screen-reader-text\">Renforcement juridique des marques numeriques<\/span><\/a><\/p>\n","protected":false},"author":6,"featured_media":0,"parent":2169,"menu_order":0,"comment_status":"closed","ping_status":"closed","template":"","meta":{"footnotes":""},"class_list":["post-1793","page","type-page","status-publish","hentry"],"yoast_head":"<!-- This site is optimized with the Yoast SEO plugin v27.4 - https:\/\/yoast.com\/product\/yoast-seo-wordpress\/ -->\n<title>Renforcement juridique des marques numeriques - dotNice<\/title>\n<meta name=\"robots\" content=\"noindex, follow, max-snippet:-1, max-image-preview:large, max-video-preview:-1\" \/>\n<meta property=\"og:locale\" content=\"fr_FR\" \/>\n<meta property=\"og:type\" content=\"article\" \/>\n<meta property=\"og:title\" content=\"Renforcement juridique des marques numeriques - dotNice\" \/>\n<meta property=\"og:description\" content=\"Nous proposons les services d\u2019experts pour appuyer\u00a0juridiquement votre marque\u00a0et garantir la s\u00e9curit\u00e9 de votre pr\u00e9sence en ligne gr\u00e2ce \u00e0 un contr\u00f4le en temps r\u00e9el des violations ou infractions\u00a0de votre marque. Nous proposons les conseils de sp\u00e9cialistes en propri\u00e9t\u00e9 intellectuelle pour vous aidez \u00e0 prot\u00e9ger vos atouts num\u00e9riques contre toutes infractions, et pour vous repr\u00e9sentez et &hellip; Continue reading Renforcement juridique des marques numeriques\" \/>\n<meta property=\"og:url\" content=\"https:\/\/stg.dotnice.com\/fr\/services\/renforcement-juridique-des-marques-numeriques\/\" \/>\n<meta property=\"og:site_name\" content=\"dotNice\" \/>\n<meta property=\"article:modified_time\" content=\"2015-09-28T06:55:45+00:00\" \/>\n<meta name=\"twitter:card\" content=\"summary_large_image\" \/>\n<meta name=\"twitter:label1\" content=\"Est. reading time\" \/>\n\t<meta name=\"twitter:data1\" content=\"1 minute\" \/>\n<script type=\"application\/ld+json\" class=\"yoast-schema-graph\">{\"@context\":\"https:\\\/\\\/schema.org\",\"@graph\":[{\"@type\":\"WebPage\",\"@id\":\"https:\\\/\\\/stg.dotnice.com\\\/fr\\\/services\\\/renforcement-juridique-des-marques-numeriques\\\/\",\"url\":\"https:\\\/\\\/stg.dotnice.com\\\/fr\\\/services\\\/renforcement-juridique-des-marques-numeriques\\\/\",\"name\":\"Renforcement juridique des marques numeriques - dotNice\",\"isPartOf\":{\"@id\":\"https:\\\/\\\/stg.dotnice.com\\\/fr\\\/#website\"},\"datePublished\":\"2015-02-25T12:10:11+00:00\",\"dateModified\":\"2015-09-28T06:55:45+00:00\",\"breadcrumb\":{\"@id\":\"https:\\\/\\\/stg.dotnice.com\\\/fr\\\/services\\\/renforcement-juridique-des-marques-numeriques\\\/#breadcrumb\"},\"inLanguage\":\"fr-FR\",\"potentialAction\":[{\"@type\":\"ReadAction\",\"target\":[\"https:\\\/\\\/stg.dotnice.com\\\/fr\\\/services\\\/renforcement-juridique-des-marques-numeriques\\\/\"]}]},{\"@type\":\"BreadcrumbList\",\"@id\":\"https:\\\/\\\/stg.dotnice.com\\\/fr\\\/services\\\/renforcement-juridique-des-marques-numeriques\\\/#breadcrumb\",\"itemListElement\":[{\"@type\":\"ListItem\",\"position\":1,\"name\":\"Home\",\"item\":\"https:\\\/\\\/www.dotnice.fr\\\/\"},{\"@type\":\"ListItem\",\"position\":2,\"name\":\"Services\",\"item\":\"https:\\\/\\\/www.dotnice.fr\\\/services\\\/\"},{\"@type\":\"ListItem\",\"position\":3,\"name\":\"Renforcement juridique des marques numeriques\"}]},{\"@type\":\"WebSite\",\"@id\":\"https:\\\/\\\/stg.dotnice.com\\\/fr\\\/#website\",\"url\":\"https:\\\/\\\/stg.dotnice.com\\\/fr\\\/\",\"name\":\"dotNice\",\"description\":\"digital brand protection\",\"potentialAction\":[{\"@type\":\"SearchAction\",\"target\":{\"@type\":\"EntryPoint\",\"urlTemplate\":\"https:\\\/\\\/stg.dotnice.com\\\/fr\\\/?s=%7Bsearch_term_string%7D\"},\"query-input\":{\"@type\":\"PropertyValueSpecification\",\"valueRequired\":true,\"valueName\":\"search_term_string\"}}],\"inLanguage\":\"fr-FR\"}]}<\/script>\n<!-- \/ Yoast SEO plugin. -->","yoast_head_json":{"title":"Renforcement juridique des marques numeriques - dotNice","robots":{"index":"noindex","follow":"follow","max-snippet":"max-snippet:-1","max-image-preview":"max-image-preview:large","max-video-preview":"max-video-preview:-1"},"og_locale":"fr_FR","og_type":"article","og_title":"Renforcement juridique des marques numeriques - dotNice","og_description":"Nous proposons les services d\u2019experts pour appuyer\u00a0juridiquement votre marque\u00a0et garantir la s\u00e9curit\u00e9 de votre pr\u00e9sence en ligne gr\u00e2ce \u00e0 un contr\u00f4le en temps r\u00e9el des violations ou infractions\u00a0de votre marque. Nous proposons les conseils de sp\u00e9cialistes en propri\u00e9t\u00e9 intellectuelle pour vous aidez \u00e0 prot\u00e9ger vos atouts num\u00e9riques contre toutes infractions, et pour vous repr\u00e9sentez et &hellip; Continue reading Renforcement juridique des marques numeriques","og_url":"https:\/\/stg.dotnice.com\/fr\/services\/renforcement-juridique-des-marques-numeriques\/","og_site_name":"dotNice","article_modified_time":"2015-09-28T06:55:45+00:00","twitter_card":"summary_large_image","twitter_misc":{"Est. reading time":"1 minute"},"schema":{"@context":"https:\/\/schema.org","@graph":[{"@type":"WebPage","@id":"https:\/\/stg.dotnice.com\/fr\/services\/renforcement-juridique-des-marques-numeriques\/","url":"https:\/\/stg.dotnice.com\/fr\/services\/renforcement-juridique-des-marques-numeriques\/","name":"Renforcement juridique des marques numeriques - dotNice","isPartOf":{"@id":"https:\/\/stg.dotnice.com\/fr\/#website"},"datePublished":"2015-02-25T12:10:11+00:00","dateModified":"2015-09-28T06:55:45+00:00","breadcrumb":{"@id":"https:\/\/stg.dotnice.com\/fr\/services\/renforcement-juridique-des-marques-numeriques\/#breadcrumb"},"inLanguage":"fr-FR","potentialAction":[{"@type":"ReadAction","target":["https:\/\/stg.dotnice.com\/fr\/services\/renforcement-juridique-des-marques-numeriques\/"]}]},{"@type":"BreadcrumbList","@id":"https:\/\/stg.dotnice.com\/fr\/services\/renforcement-juridique-des-marques-numeriques\/#breadcrumb","itemListElement":[{"@type":"ListItem","position":1,"name":"Home","item":"https:\/\/www.dotnice.fr\/"},{"@type":"ListItem","position":2,"name":"Services","item":"https:\/\/www.dotnice.fr\/services\/"},{"@type":"ListItem","position":3,"name":"Renforcement juridique des marques numeriques"}]},{"@type":"WebSite","@id":"https:\/\/stg.dotnice.com\/fr\/#website","url":"https:\/\/stg.dotnice.com\/fr\/","name":"dotNice","description":"digital brand protection","potentialAction":[{"@type":"SearchAction","target":{"@type":"EntryPoint","urlTemplate":"https:\/\/stg.dotnice.com\/fr\/?s=%7Bsearch_term_string%7D"},"query-input":{"@type":"PropertyValueSpecification","valueRequired":true,"valueName":"search_term_string"}}],"inLanguage":"fr-FR"}]}},"_links":{"self":[{"href":"https:\/\/stg.dotnice.com\/fr\/wp-json\/wp\/v2\/pages\/1793","targetHints":{"allow":["GET"]}}],"collection":[{"href":"https:\/\/stg.dotnice.com\/fr\/wp-json\/wp\/v2\/pages"}],"about":[{"href":"https:\/\/stg.dotnice.com\/fr\/wp-json\/wp\/v2\/types\/page"}],"author":[{"embeddable":true,"href":"https:\/\/stg.dotnice.com\/fr\/wp-json\/wp\/v2\/users\/6"}],"replies":[{"embeddable":true,"href":"https:\/\/stg.dotnice.com\/fr\/wp-json\/wp\/v2\/comments?post=1793"}],"version-history":[{"count":0,"href":"https:\/\/stg.dotnice.com\/fr\/wp-json\/wp\/v2\/pages\/1793\/revisions"}],"up":[{"embeddable":true,"href":"https:\/\/stg.dotnice.com\/fr\/wp-json\/wp\/v2\/pages\/2169"}],"wp:attachment":[{"href":"https:\/\/stg.dotnice.com\/fr\/wp-json\/wp\/v2\/media?parent=1793"}],"curies":[{"name":"wp","href":"https:\/\/api.w.org\/{rel}","templated":true}]}}