{"id":1792,"date":"2015-02-25T12:16:46","date_gmt":"2015-02-25T12:16:46","guid":{"rendered":"http:\/\/www.dotnice.com\/?page_id=1792"},"modified":"2015-09-28T07:56:36","modified_gmt":"2015-09-28T06:56:36","slug":"consultation-de-propriete-intellectuelle-et-aide-legale","status":"publish","type":"page","link":"https:\/\/stg.dotnice.com\/fr\/services\/consultation-de-propriete-intellectuelle-et-aide-legale\/","title":{"rendered":"Consultance en propriete intellectuelle et aide legale"},"content":{"rendered":"<p>Nous proposons une <strong>aide juridique<\/strong> et consultative pour la protection des droits de <strong>propri\u00e9t\u00e9 intellectuelle<\/strong> des marques en ligne. Nous g\u00e9rons pour nos clients tous les processus juridiques sur le r\u00e9tablissement de leurs noms de domaine et nous faisons appel pour le compte de nos clients \u00e0 des organismes en conformit\u00e9 avec les\u00a0principes directeurs pour un r\u00e8glement uniforme des litiges relatifs aux noms de domaine (UDRP) et du syst\u00e8me de suspension rapide uniforme (URS). Nos experts juridiques ont une grande exp\u00e9rience en mati\u00e8re de processus de r\u00e9cup\u00e9ration de noms de domaines et dans la repr\u00e9sentation de clients pour tous types de conflits.<\/p>\n<p><strong>Conseils d\u2019experts<\/strong> sur les proc\u00e9dures de conflit<\/p>\n<p>Identification et d\u00e9fense contre les <strong>contenus num\u00e9riques ind\u00e9sirables<\/strong><\/p>\n<p><strong>Recherche des propri\u00e9taires l\u00e9gaux<\/strong>, enqu\u00eate num\u00e9rique et historique whois<\/p>\n<p>Aide juridique sur la r\u00e9glementation num\u00e9rique en accord avec les organismes r\u00e9gulateurs<\/p>\n<p>Nos conseillers juridiques exp\u00e9riment\u00e9s d\u00e9veloppent votre <strong>strat\u00e9gie de surveillance<\/strong> et sauvegardent vos atouts num\u00e9riques de toutes formes de violation ou d\u2019abus. Avec notre \u00e9quipe d\u2019experts, vous pouvez \u00eatre sure que votre marque est l\u00e9galement repr\u00e9sent\u00e9e par les meilleures dans ce domaine.<\/p>\n","protected":false},"excerpt":{"rendered":"<p>Nous proposons une aide juridique et consultative pour la protection des droits de propri\u00e9t\u00e9 intellectuelle des marques en ligne. Nous g\u00e9rons pour nos clients tous les processus juridiques sur le r\u00e9tablissement de leurs noms de domaine et nous faisons appel pour le compte de nos clients \u00e0 des organismes en conformit\u00e9 avec les\u00a0principes directeurs pour &hellip; <a href=\"https:\/\/stg.dotnice.com\/fr\/services\/consultation-de-propriete-intellectuelle-et-aide-legale\/\" class=\"more-link\">Continue reading <span class=\"screen-reader-text\">Consultance en propriete intellectuelle et aide legale<\/span><\/a><\/p>\n","protected":false},"author":6,"featured_media":0,"parent":2169,"menu_order":0,"comment_status":"closed","ping_status":"closed","template":"","meta":{"footnotes":""},"class_list":["post-1792","page","type-page","status-publish","hentry"],"yoast_head":"<!-- This site is optimized with the Yoast SEO plugin v27.4 - https:\/\/yoast.com\/product\/yoast-seo-wordpress\/ -->\n<title>Consultance en propriete intellectuelle et aide legale - dotNice<\/title>\n<meta name=\"robots\" content=\"noindex, follow, max-snippet:-1, max-image-preview:large, max-video-preview:-1\" \/>\n<meta property=\"og:locale\" content=\"fr_FR\" \/>\n<meta property=\"og:type\" content=\"article\" \/>\n<meta property=\"og:title\" content=\"Consultance en propriete intellectuelle et aide legale - dotNice\" \/>\n<meta property=\"og:description\" content=\"Nous proposons une aide juridique et consultative pour la protection des droits de propri\u00e9t\u00e9 intellectuelle des marques en ligne. Nous g\u00e9rons pour nos clients tous les processus juridiques sur le r\u00e9tablissement de leurs noms de domaine et nous faisons appel pour le compte de nos clients \u00e0 des organismes en conformit\u00e9 avec les\u00a0principes directeurs pour &hellip; Continue reading Consultance en propriete intellectuelle et aide legale\" \/>\n<meta property=\"og:url\" content=\"https:\/\/stg.dotnice.com\/fr\/services\/consultation-de-propriete-intellectuelle-et-aide-legale\/\" \/>\n<meta property=\"og:site_name\" content=\"dotNice\" \/>\n<meta property=\"article:modified_time\" content=\"2015-09-28T06:56:36+00:00\" \/>\n<meta name=\"twitter:card\" content=\"summary_large_image\" \/>\n<meta name=\"twitter:label1\" content=\"Est. reading time\" \/>\n\t<meta name=\"twitter:data1\" content=\"1 minute\" \/>\n<script type=\"application\/ld+json\" class=\"yoast-schema-graph\">{\"@context\":\"https:\\\/\\\/schema.org\",\"@graph\":[{\"@type\":\"WebPage\",\"@id\":\"https:\\\/\\\/stg.dotnice.com\\\/fr\\\/services\\\/consultation-de-propriete-intellectuelle-et-aide-legale\\\/\",\"url\":\"https:\\\/\\\/stg.dotnice.com\\\/fr\\\/services\\\/consultation-de-propriete-intellectuelle-et-aide-legale\\\/\",\"name\":\"Consultance en propriete intellectuelle et aide legale - dotNice\",\"isPartOf\":{\"@id\":\"https:\\\/\\\/stg.dotnice.com\\\/fr\\\/#website\"},\"datePublished\":\"2015-02-25T12:16:46+00:00\",\"dateModified\":\"2015-09-28T06:56:36+00:00\",\"breadcrumb\":{\"@id\":\"https:\\\/\\\/stg.dotnice.com\\\/fr\\\/services\\\/consultation-de-propriete-intellectuelle-et-aide-legale\\\/#breadcrumb\"},\"inLanguage\":\"fr-FR\",\"potentialAction\":[{\"@type\":\"ReadAction\",\"target\":[\"https:\\\/\\\/stg.dotnice.com\\\/fr\\\/services\\\/consultation-de-propriete-intellectuelle-et-aide-legale\\\/\"]}]},{\"@type\":\"BreadcrumbList\",\"@id\":\"https:\\\/\\\/stg.dotnice.com\\\/fr\\\/services\\\/consultation-de-propriete-intellectuelle-et-aide-legale\\\/#breadcrumb\",\"itemListElement\":[{\"@type\":\"ListItem\",\"position\":1,\"name\":\"Home\",\"item\":\"https:\\\/\\\/www.dotnice.fr\\\/\"},{\"@type\":\"ListItem\",\"position\":2,\"name\":\"Services\",\"item\":\"https:\\\/\\\/www.dotnice.fr\\\/services\\\/\"},{\"@type\":\"ListItem\",\"position\":3,\"name\":\"Consultance en propriete intellectuelle et aide legale\"}]},{\"@type\":\"WebSite\",\"@id\":\"https:\\\/\\\/stg.dotnice.com\\\/fr\\\/#website\",\"url\":\"https:\\\/\\\/stg.dotnice.com\\\/fr\\\/\",\"name\":\"dotNice\",\"description\":\"digital brand protection\",\"potentialAction\":[{\"@type\":\"SearchAction\",\"target\":{\"@type\":\"EntryPoint\",\"urlTemplate\":\"https:\\\/\\\/stg.dotnice.com\\\/fr\\\/?s=%7Bsearch_term_string%7D\"},\"query-input\":{\"@type\":\"PropertyValueSpecification\",\"valueRequired\":true,\"valueName\":\"search_term_string\"}}],\"inLanguage\":\"fr-FR\"}]}<\/script>\n<!-- \/ Yoast SEO plugin. -->","yoast_head_json":{"title":"Consultance en propriete intellectuelle et aide legale - dotNice","robots":{"index":"noindex","follow":"follow","max-snippet":"max-snippet:-1","max-image-preview":"max-image-preview:large","max-video-preview":"max-video-preview:-1"},"og_locale":"fr_FR","og_type":"article","og_title":"Consultance en propriete intellectuelle et aide legale - dotNice","og_description":"Nous proposons une aide juridique et consultative pour la protection des droits de propri\u00e9t\u00e9 intellectuelle des marques en ligne. Nous g\u00e9rons pour nos clients tous les processus juridiques sur le r\u00e9tablissement de leurs noms de domaine et nous faisons appel pour le compte de nos clients \u00e0 des organismes en conformit\u00e9 avec les\u00a0principes directeurs pour &hellip; Continue reading Consultance en propriete intellectuelle et aide legale","og_url":"https:\/\/stg.dotnice.com\/fr\/services\/consultation-de-propriete-intellectuelle-et-aide-legale\/","og_site_name":"dotNice","article_modified_time":"2015-09-28T06:56:36+00:00","twitter_card":"summary_large_image","twitter_misc":{"Est. reading time":"1 minute"},"schema":{"@context":"https:\/\/schema.org","@graph":[{"@type":"WebPage","@id":"https:\/\/stg.dotnice.com\/fr\/services\/consultation-de-propriete-intellectuelle-et-aide-legale\/","url":"https:\/\/stg.dotnice.com\/fr\/services\/consultation-de-propriete-intellectuelle-et-aide-legale\/","name":"Consultance en propriete intellectuelle et aide legale - dotNice","isPartOf":{"@id":"https:\/\/stg.dotnice.com\/fr\/#website"},"datePublished":"2015-02-25T12:16:46+00:00","dateModified":"2015-09-28T06:56:36+00:00","breadcrumb":{"@id":"https:\/\/stg.dotnice.com\/fr\/services\/consultation-de-propriete-intellectuelle-et-aide-legale\/#breadcrumb"},"inLanguage":"fr-FR","potentialAction":[{"@type":"ReadAction","target":["https:\/\/stg.dotnice.com\/fr\/services\/consultation-de-propriete-intellectuelle-et-aide-legale\/"]}]},{"@type":"BreadcrumbList","@id":"https:\/\/stg.dotnice.com\/fr\/services\/consultation-de-propriete-intellectuelle-et-aide-legale\/#breadcrumb","itemListElement":[{"@type":"ListItem","position":1,"name":"Home","item":"https:\/\/www.dotnice.fr\/"},{"@type":"ListItem","position":2,"name":"Services","item":"https:\/\/www.dotnice.fr\/services\/"},{"@type":"ListItem","position":3,"name":"Consultance en propriete intellectuelle et aide legale"}]},{"@type":"WebSite","@id":"https:\/\/stg.dotnice.com\/fr\/#website","url":"https:\/\/stg.dotnice.com\/fr\/","name":"dotNice","description":"digital brand protection","potentialAction":[{"@type":"SearchAction","target":{"@type":"EntryPoint","urlTemplate":"https:\/\/stg.dotnice.com\/fr\/?s=%7Bsearch_term_string%7D"},"query-input":{"@type":"PropertyValueSpecification","valueRequired":true,"valueName":"search_term_string"}}],"inLanguage":"fr-FR"}]}},"_links":{"self":[{"href":"https:\/\/stg.dotnice.com\/fr\/wp-json\/wp\/v2\/pages\/1792","targetHints":{"allow":["GET"]}}],"collection":[{"href":"https:\/\/stg.dotnice.com\/fr\/wp-json\/wp\/v2\/pages"}],"about":[{"href":"https:\/\/stg.dotnice.com\/fr\/wp-json\/wp\/v2\/types\/page"}],"author":[{"embeddable":true,"href":"https:\/\/stg.dotnice.com\/fr\/wp-json\/wp\/v2\/users\/6"}],"replies":[{"embeddable":true,"href":"https:\/\/stg.dotnice.com\/fr\/wp-json\/wp\/v2\/comments?post=1792"}],"version-history":[{"count":0,"href":"https:\/\/stg.dotnice.com\/fr\/wp-json\/wp\/v2\/pages\/1792\/revisions"}],"up":[{"embeddable":true,"href":"https:\/\/stg.dotnice.com\/fr\/wp-json\/wp\/v2\/pages\/2169"}],"wp:attachment":[{"href":"https:\/\/stg.dotnice.com\/fr\/wp-json\/wp\/v2\/media?parent=1792"}],"curies":[{"name":"wp","href":"https:\/\/api.w.org\/{rel}","templated":true}]}}