{"id":1789,"date":"2015-01-23T16:16:23","date_gmt":"2015-01-23T16:16:23","guid":{"rendered":"http:\/\/www.dotnice.com\/?page_id=1789"},"modified":"2015-09-28T07:58:02","modified_gmt":"2015-09-28T06:58:02","slug":"pourquoi-choisir-dotnice","status":"publish","type":"page","link":"https:\/\/stg.dotnice.com\/fr\/pourquoi-choisir-dotnice\/","title":{"rendered":"Pourquoi choisir dotNice ?"},"content":{"rendered":"<p>Avec plus de <strong>18 ans d&#8217;exp\u00e9rience<\/strong> , nous sommes leader mondial dans la protection num\u00e9rique des marques. Nos \u00e9quipes de sp\u00e9cialistes hautement qualifi\u00e9s fournissent des services\u00a0adapt\u00e9s aux petites comme aux grandes entreprises.<\/p>\n<p>Notre approche holistique permet de vous offrir une technologie de pointe et une compl\u00e8te connaissance du march\u00e9 afin de totalement s\u00e9curiser votre pr\u00e9sence dans le monde num\u00e9rique.<\/p>\n<p><strong>En choisissant dotNice, nous nous engageons \u00e0<\/strong> :<\/p>\n<p>\u2022 Pr\u00e9server l&#8217;int\u00e9grit\u00e9 de votre marque<\/p>\n<p>\u2022 Prot\u00e9ger votre chiffre d\u2019affaire<\/p>\n<p>\u2022 Renforcer la visibilit\u00e9 de votre marque<\/p>\n<p>\u2022 Am\u00e9liorer vos relations avec les clients<\/p>\n<p>\u2022 Augmenter la port\u00e9e de votre marque \u00e0 un niveau mondial<\/p>\n<p>\u2022 Optimiser le temps de gestion et les couts administratifs<\/p>\n","protected":false},"excerpt":{"rendered":"<p>Avec plus de 18 ans d&#8217;exp\u00e9rience , nous sommes leader mondial dans la protection num\u00e9rique des marques. Nos \u00e9quipes de sp\u00e9cialistes hautement qualifi\u00e9s fournissent des services\u00a0adapt\u00e9s aux petites comme aux grandes entreprises. Notre approche holistique permet de vous offrir une technologie de pointe et une compl\u00e8te connaissance du march\u00e9 afin de totalement s\u00e9curiser votre pr\u00e9sence &hellip; <a href=\"https:\/\/stg.dotnice.com\/fr\/pourquoi-choisir-dotnice\/\" class=\"more-link\">Continue reading <span class=\"screen-reader-text\">Pourquoi choisir dotNice ?<\/span><\/a><\/p>\n","protected":false},"author":6,"featured_media":0,"parent":0,"menu_order":0,"comment_status":"closed","ping_status":"closed","template":"","meta":{"footnotes":""},"class_list":["post-1789","page","type-page","status-publish","hentry"],"yoast_head":"<!-- This site is optimized with the Yoast SEO plugin v27.4 - https:\/\/yoast.com\/product\/yoast-seo-wordpress\/ -->\n<title>Pourquoi choisir dotNice ? - dotNice<\/title>\n<meta name=\"robots\" content=\"noindex, follow, max-snippet:-1, max-image-preview:large, max-video-preview:-1\" \/>\n<meta property=\"og:locale\" content=\"fr_FR\" \/>\n<meta property=\"og:type\" content=\"article\" \/>\n<meta property=\"og:title\" content=\"Pourquoi choisir dotNice ? - dotNice\" \/>\n<meta property=\"og:description\" content=\"Avec plus de 18 ans d&#8217;exp\u00e9rience , nous sommes leader mondial dans la protection num\u00e9rique des marques. Nos \u00e9quipes de sp\u00e9cialistes hautement qualifi\u00e9s fournissent des services\u00a0adapt\u00e9s aux petites comme aux grandes entreprises. Notre approche holistique permet de vous offrir une technologie de pointe et une compl\u00e8te connaissance du march\u00e9 afin de totalement s\u00e9curiser votre pr\u00e9sence &hellip; Continue reading Pourquoi choisir dotNice ?\" \/>\n<meta property=\"og:url\" content=\"https:\/\/stg.dotnice.com\/fr\/pourquoi-choisir-dotnice\/\" \/>\n<meta property=\"og:site_name\" content=\"dotNice\" \/>\n<meta property=\"article:modified_time\" content=\"2015-09-28T06:58:02+00:00\" \/>\n<meta name=\"twitter:card\" content=\"summary_large_image\" \/>\n<meta name=\"twitter:label1\" content=\"Est. reading time\" \/>\n\t<meta name=\"twitter:data1\" content=\"1 minute\" \/>\n<script type=\"application\/ld+json\" class=\"yoast-schema-graph\">{\"@context\":\"https:\\\/\\\/schema.org\",\"@graph\":[{\"@type\":\"WebPage\",\"@id\":\"https:\\\/\\\/stg.dotnice.com\\\/fr\\\/pourquoi-choisir-dotnice\\\/\",\"url\":\"https:\\\/\\\/stg.dotnice.com\\\/fr\\\/pourquoi-choisir-dotnice\\\/\",\"name\":\"Pourquoi choisir dotNice ?-_dotNice\",\"isPartOf\":{\"@id\":\"https:\\\/\\\/stg.dotnice.com\\\/fr\\\/#website\"},\"datePublished\":\"2015-01-23T16:16:23+00:00\",\"dateModified\":\"2015-09-28T06:58:02+00:00\",\"breadcrumb\":{\"@id\":\"https:\\\/\\\/stg.dotnice.com\\\/fr\\\/pourquoi-choisir-dotnice\\\/#breadcrumb\"},\"inLanguage\":\"fr-FR\",\"potentialAction\":[{\"@type\":\"ReadAction\",\"target\":[\"https:\\\/\\\/stg.dotnice.com\\\/fr\\\/pourquoi-choisir-dotnice\\\/\"]}]},{\"@type\":\"BreadcrumbList\",\"@id\":\"https:\\\/\\\/stg.dotnice.com\\\/fr\\\/pourquoi-choisir-dotnice\\\/#breadcrumb\",\"itemListElement\":[{\"@type\":\"ListItem\",\"position\":1,\"name\":\"Home\",\"item\":\"https:\\\/\\\/www.dotnice.fr\\\/\"},{\"@type\":\"ListItem\",\"position\":2,\"name\":\"Pourquoi choisir dotNice ?\"}]},{\"@type\":\"WebSite\",\"@id\":\"https:\\\/\\\/stg.dotnice.com\\\/fr\\\/#website\",\"url\":\"https:\\\/\\\/stg.dotnice.com\\\/fr\\\/\",\"name\":\"dotNice\",\"description\":\"digital brand protection\",\"potentialAction\":[{\"@type\":\"SearchAction\",\"target\":{\"@type\":\"EntryPoint\",\"urlTemplate\":\"https:\\\/\\\/stg.dotnice.com\\\/fr\\\/?s=%7Bsearch_term_string%7D\"},\"query-input\":{\"@type\":\"PropertyValueSpecification\",\"valueRequired\":true,\"valueName\":\"search_term_string\"}}],\"inLanguage\":\"fr-FR\"}]}<\/script>\n<!-- \/ Yoast SEO plugin. -->","yoast_head_json":{"title":"Pourquoi choisir dotNice ? - dotNice","robots":{"index":"noindex","follow":"follow","max-snippet":"max-snippet:-1","max-image-preview":"max-image-preview:large","max-video-preview":"max-video-preview:-1"},"og_locale":"fr_FR","og_type":"article","og_title":"Pourquoi choisir dotNice ? - dotNice","og_description":"Avec plus de 18 ans d&#8217;exp\u00e9rience , nous sommes leader mondial dans la protection num\u00e9rique des marques. Nos \u00e9quipes de sp\u00e9cialistes hautement qualifi\u00e9s fournissent des services\u00a0adapt\u00e9s aux petites comme aux grandes entreprises. Notre approche holistique permet de vous offrir une technologie de pointe et une compl\u00e8te connaissance du march\u00e9 afin de totalement s\u00e9curiser votre pr\u00e9sence &hellip; Continue reading Pourquoi choisir dotNice ?","og_url":"https:\/\/stg.dotnice.com\/fr\/pourquoi-choisir-dotnice\/","og_site_name":"dotNice","article_modified_time":"2015-09-28T06:58:02+00:00","twitter_card":"summary_large_image","twitter_misc":{"Est. reading time":"1 minute"},"schema":{"@context":"https:\/\/schema.org","@graph":[{"@type":"WebPage","@id":"https:\/\/stg.dotnice.com\/fr\/pourquoi-choisir-dotnice\/","url":"https:\/\/stg.dotnice.com\/fr\/pourquoi-choisir-dotnice\/","name":"Pourquoi choisir dotNice ?-_dotNice","isPartOf":{"@id":"https:\/\/stg.dotnice.com\/fr\/#website"},"datePublished":"2015-01-23T16:16:23+00:00","dateModified":"2015-09-28T06:58:02+00:00","breadcrumb":{"@id":"https:\/\/stg.dotnice.com\/fr\/pourquoi-choisir-dotnice\/#breadcrumb"},"inLanguage":"fr-FR","potentialAction":[{"@type":"ReadAction","target":["https:\/\/stg.dotnice.com\/fr\/pourquoi-choisir-dotnice\/"]}]},{"@type":"BreadcrumbList","@id":"https:\/\/stg.dotnice.com\/fr\/pourquoi-choisir-dotnice\/#breadcrumb","itemListElement":[{"@type":"ListItem","position":1,"name":"Home","item":"https:\/\/www.dotnice.fr\/"},{"@type":"ListItem","position":2,"name":"Pourquoi choisir dotNice ?"}]},{"@type":"WebSite","@id":"https:\/\/stg.dotnice.com\/fr\/#website","url":"https:\/\/stg.dotnice.com\/fr\/","name":"dotNice","description":"digital brand protection","potentialAction":[{"@type":"SearchAction","target":{"@type":"EntryPoint","urlTemplate":"https:\/\/stg.dotnice.com\/fr\/?s=%7Bsearch_term_string%7D"},"query-input":{"@type":"PropertyValueSpecification","valueRequired":true,"valueName":"search_term_string"}}],"inLanguage":"fr-FR"}]}},"_links":{"self":[{"href":"https:\/\/stg.dotnice.com\/fr\/wp-json\/wp\/v2\/pages\/1789","targetHints":{"allow":["GET"]}}],"collection":[{"href":"https:\/\/stg.dotnice.com\/fr\/wp-json\/wp\/v2\/pages"}],"about":[{"href":"https:\/\/stg.dotnice.com\/fr\/wp-json\/wp\/v2\/types\/page"}],"author":[{"embeddable":true,"href":"https:\/\/stg.dotnice.com\/fr\/wp-json\/wp\/v2\/users\/6"}],"replies":[{"embeddable":true,"href":"https:\/\/stg.dotnice.com\/fr\/wp-json\/wp\/v2\/comments?post=1789"}],"version-history":[{"count":0,"href":"https:\/\/stg.dotnice.com\/fr\/wp-json\/wp\/v2\/pages\/1789\/revisions"}],"wp:attachment":[{"href":"https:\/\/stg.dotnice.com\/fr\/wp-json\/wp\/v2\/media?parent=1789"}],"curies":[{"name":"wp","href":"https:\/\/api.w.org\/{rel}","templated":true}]}}