{"id":1788,"date":"2015-01-23T16:08:31","date_gmt":"2015-01-23T16:08:31","guid":{"rendered":"http:\/\/www.dotnice.com\/?page_id=1788"},"modified":"2015-09-28T07:57:00","modified_gmt":"2015-09-28T06:57:00","slug":"qui-besoin-dune-protection-numerique","status":"publish","type":"page","link":"https:\/\/stg.dotnice.com\/fr\/qui-besoin-dune-protection-numerique\/","title":{"rendered":"Qui a besoin d\u2019une protection numerique ?"},"content":{"rendered":"<p>Sur le net, la concurrence entre les marques du monde entier est f\u00e9roce. Cependant votre pr\u00e9sence sur celui-ci est essentielle car elle vous permet de vous d\u00e9velopper. Ce d\u00e9veloppement est \u00e9galement du \u00e0 un renforcement de vos relations avec vos clients et de votre visibilit\u00e9 sur le march\u00e9, qui entraine finalement une augmentation du chiffre d\u2019affaire.<\/p>\n<p>Dans un m\u00eame temps, vous allez \u00eatre confront\u00e9 \u00e0 de nombreuses menaces \u00e9manant de votre pr\u00e9sence dans le monde num\u00e9rique. Votre marque va \u00eatre soumise \u00e0 une augmentation des violations des droits de propri\u00e9t\u00e9 intellectuelle et \u00e0 une vuln\u00e9rabilit\u00e9 face \u00e0 de nombreuses attaques tel que la contrefa\u00e7on de votre marque, l\u2019occupation intempestive de votre site ou le hame\u00e7onnage. Toutes ces actions ont pour but ultime de voler vos clients potentiels et finalement\u00a0 votre chiffre d\u2019affaire. N\u00e9anmoins tous ces probl\u00e8mes potentiellement destructeur de votre succ\u00e8s et de votre r\u00e9putation peuvent \u00eatre \u00e9vit\u00e9s avec des mesures pr\u00e9ventives appropri\u00e9es, qui s\u2019adaptent \u00e0 l\u2019\u00e9volution des menaces auxquelles votre marque fait face.<\/p>\n<p><strong>Posez vous les questions suivantes<\/strong> :<\/p>\n<ol>\n<li>Savez-vous combien d\u2019argent vous avez perdu a cause des contrefa\u00e7ons sur le net ?<\/li>\n<li>Savez-vous comment identifier et prot\u00e9ger votre marque des risques du net ?<\/li>\n<li>Etes-vous au courant des toutes les menaces en ligne auquel votre marque fait face ?<\/li>\n<li>Etes-vous au courant de toutes les plateformes qui pr\u00e9sentent un risque pour votre marque ?<\/li>\n<li>Quelles mesures avez vous pris pour vous assurez que votre marque est prot\u00e9g\u00e9e ?<\/li>\n<\/ol>\n","protected":false},"excerpt":{"rendered":"<p>Sur le net, la concurrence entre les marques du monde entier est f\u00e9roce. Cependant votre pr\u00e9sence sur celui-ci est essentielle car elle vous permet de vous d\u00e9velopper. Ce d\u00e9veloppement est \u00e9galement du \u00e0 un renforcement de vos relations avec vos clients et de votre visibilit\u00e9 sur le march\u00e9, qui entraine finalement une augmentation du chiffre &hellip; <a href=\"https:\/\/stg.dotnice.com\/fr\/qui-besoin-dune-protection-numerique\/\" class=\"more-link\">Continue reading <span class=\"screen-reader-text\">Qui a besoin d\u2019une protection numerique ?<\/span><\/a><\/p>\n","protected":false},"author":6,"featured_media":0,"parent":0,"menu_order":0,"comment_status":"closed","ping_status":"closed","template":"","meta":{"footnotes":""},"class_list":["post-1788","page","type-page","status-publish","hentry"],"yoast_head":"<!-- This site is optimized with the Yoast SEO plugin v27.4 - https:\/\/yoast.com\/product\/yoast-seo-wordpress\/ -->\n<title>Qui a besoin d\u2019une protection numerique ? - dotNice<\/title>\n<meta name=\"robots\" content=\"noindex, follow, max-snippet:-1, max-image-preview:large, max-video-preview:-1\" \/>\n<meta property=\"og:locale\" content=\"fr_FR\" \/>\n<meta property=\"og:type\" content=\"article\" \/>\n<meta property=\"og:title\" content=\"Qui a besoin d\u2019une protection numerique ? - dotNice\" \/>\n<meta property=\"og:description\" content=\"Sur le net, la concurrence entre les marques du monde entier est f\u00e9roce. Cependant votre pr\u00e9sence sur celui-ci est essentielle car elle vous permet de vous d\u00e9velopper. Ce d\u00e9veloppement est \u00e9galement du \u00e0 un renforcement de vos relations avec vos clients et de votre visibilit\u00e9 sur le march\u00e9, qui entraine finalement une augmentation du chiffre &hellip; Continue reading Qui a besoin d\u2019une protection numerique ?\" \/>\n<meta property=\"og:url\" content=\"https:\/\/stg.dotnice.com\/fr\/qui-besoin-dune-protection-numerique\/\" \/>\n<meta property=\"og:site_name\" content=\"dotNice\" \/>\n<meta property=\"article:modified_time\" content=\"2015-09-28T06:57:00+00:00\" \/>\n<meta name=\"twitter:card\" content=\"summary_large_image\" \/>\n<meta name=\"twitter:label1\" content=\"Est. reading time\" \/>\n\t<meta name=\"twitter:data1\" content=\"1 minute\" \/>\n<script type=\"application\/ld+json\" class=\"yoast-schema-graph\">{\"@context\":\"https:\\\/\\\/schema.org\",\"@graph\":[{\"@type\":\"WebPage\",\"@id\":\"https:\\\/\\\/stg.dotnice.com\\\/fr\\\/qui-besoin-dune-protection-numerique\\\/\",\"url\":\"https:\\\/\\\/stg.dotnice.com\\\/fr\\\/qui-besoin-dune-protection-numerique\\\/\",\"name\":\"Qui a besoin d\u2019une protection numerique ?-_dotNice\",\"isPartOf\":{\"@id\":\"https:\\\/\\\/stg.dotnice.com\\\/fr\\\/#website\"},\"datePublished\":\"2015-01-23T16:08:31+00:00\",\"dateModified\":\"2015-09-28T06:57:00+00:00\",\"breadcrumb\":{\"@id\":\"https:\\\/\\\/stg.dotnice.com\\\/fr\\\/qui-besoin-dune-protection-numerique\\\/#breadcrumb\"},\"inLanguage\":\"fr-FR\",\"potentialAction\":[{\"@type\":\"ReadAction\",\"target\":[\"https:\\\/\\\/stg.dotnice.com\\\/fr\\\/qui-besoin-dune-protection-numerique\\\/\"]}]},{\"@type\":\"BreadcrumbList\",\"@id\":\"https:\\\/\\\/stg.dotnice.com\\\/fr\\\/qui-besoin-dune-protection-numerique\\\/#breadcrumb\",\"itemListElement\":[{\"@type\":\"ListItem\",\"position\":1,\"name\":\"Home\",\"item\":\"https:\\\/\\\/www.dotnice.fr\\\/\"},{\"@type\":\"ListItem\",\"position\":2,\"name\":\"Qui a besoin d\u2019une protection numerique ?\"}]},{\"@type\":\"WebSite\",\"@id\":\"https:\\\/\\\/stg.dotnice.com\\\/fr\\\/#website\",\"url\":\"https:\\\/\\\/stg.dotnice.com\\\/fr\\\/\",\"name\":\"dotNice\",\"description\":\"digital brand protection\",\"potentialAction\":[{\"@type\":\"SearchAction\",\"target\":{\"@type\":\"EntryPoint\",\"urlTemplate\":\"https:\\\/\\\/stg.dotnice.com\\\/fr\\\/?s=%7Bsearch_term_string%7D\"},\"query-input\":{\"@type\":\"PropertyValueSpecification\",\"valueRequired\":true,\"valueName\":\"search_term_string\"}}],\"inLanguage\":\"fr-FR\"}]}<\/script>\n<!-- \/ Yoast SEO plugin. -->","yoast_head_json":{"title":"Qui a besoin d\u2019une protection numerique ? - dotNice","robots":{"index":"noindex","follow":"follow","max-snippet":"max-snippet:-1","max-image-preview":"max-image-preview:large","max-video-preview":"max-video-preview:-1"},"og_locale":"fr_FR","og_type":"article","og_title":"Qui a besoin d\u2019une protection numerique ? - dotNice","og_description":"Sur le net, la concurrence entre les marques du monde entier est f\u00e9roce. Cependant votre pr\u00e9sence sur celui-ci est essentielle car elle vous permet de vous d\u00e9velopper. Ce d\u00e9veloppement est \u00e9galement du \u00e0 un renforcement de vos relations avec vos clients et de votre visibilit\u00e9 sur le march\u00e9, qui entraine finalement une augmentation du chiffre &hellip; Continue reading Qui a besoin d\u2019une protection numerique ?","og_url":"https:\/\/stg.dotnice.com\/fr\/qui-besoin-dune-protection-numerique\/","og_site_name":"dotNice","article_modified_time":"2015-09-28T06:57:00+00:00","twitter_card":"summary_large_image","twitter_misc":{"Est. reading time":"1 minute"},"schema":{"@context":"https:\/\/schema.org","@graph":[{"@type":"WebPage","@id":"https:\/\/stg.dotnice.com\/fr\/qui-besoin-dune-protection-numerique\/","url":"https:\/\/stg.dotnice.com\/fr\/qui-besoin-dune-protection-numerique\/","name":"Qui a besoin d\u2019une protection numerique ?-_dotNice","isPartOf":{"@id":"https:\/\/stg.dotnice.com\/fr\/#website"},"datePublished":"2015-01-23T16:08:31+00:00","dateModified":"2015-09-28T06:57:00+00:00","breadcrumb":{"@id":"https:\/\/stg.dotnice.com\/fr\/qui-besoin-dune-protection-numerique\/#breadcrumb"},"inLanguage":"fr-FR","potentialAction":[{"@type":"ReadAction","target":["https:\/\/stg.dotnice.com\/fr\/qui-besoin-dune-protection-numerique\/"]}]},{"@type":"BreadcrumbList","@id":"https:\/\/stg.dotnice.com\/fr\/qui-besoin-dune-protection-numerique\/#breadcrumb","itemListElement":[{"@type":"ListItem","position":1,"name":"Home","item":"https:\/\/www.dotnice.fr\/"},{"@type":"ListItem","position":2,"name":"Qui a besoin d\u2019une protection numerique ?"}]},{"@type":"WebSite","@id":"https:\/\/stg.dotnice.com\/fr\/#website","url":"https:\/\/stg.dotnice.com\/fr\/","name":"dotNice","description":"digital brand protection","potentialAction":[{"@type":"SearchAction","target":{"@type":"EntryPoint","urlTemplate":"https:\/\/stg.dotnice.com\/fr\/?s=%7Bsearch_term_string%7D"},"query-input":{"@type":"PropertyValueSpecification","valueRequired":true,"valueName":"search_term_string"}}],"inLanguage":"fr-FR"}]}},"_links":{"self":[{"href":"https:\/\/stg.dotnice.com\/fr\/wp-json\/wp\/v2\/pages\/1788","targetHints":{"allow":["GET"]}}],"collection":[{"href":"https:\/\/stg.dotnice.com\/fr\/wp-json\/wp\/v2\/pages"}],"about":[{"href":"https:\/\/stg.dotnice.com\/fr\/wp-json\/wp\/v2\/types\/page"}],"author":[{"embeddable":true,"href":"https:\/\/stg.dotnice.com\/fr\/wp-json\/wp\/v2\/users\/6"}],"replies":[{"embeddable":true,"href":"https:\/\/stg.dotnice.com\/fr\/wp-json\/wp\/v2\/comments?post=1788"}],"version-history":[{"count":0,"href":"https:\/\/stg.dotnice.com\/fr\/wp-json\/wp\/v2\/pages\/1788\/revisions"}],"wp:attachment":[{"href":"https:\/\/stg.dotnice.com\/fr\/wp-json\/wp\/v2\/media?parent=1788"}],"curies":[{"name":"wp","href":"https:\/\/api.w.org\/{rel}","templated":true}]}}