{"id":1786,"date":"2015-01-23T16:05:38","date_gmt":"2015-01-23T16:05:38","guid":{"rendered":"http:\/\/www.dotnice.com\/?page_id=1786"},"modified":"2015-09-28T07:57:24","modified_gmt":"2015-09-28T06:57:24","slug":"quest-ce-que-la-protection-numerique-des-marques","status":"publish","type":"page","link":"https:\/\/stg.dotnice.com\/fr\/quest-ce-que-la-protection-numerique-des-marques\/","title":{"rendered":"Qu&#8217;est ce que la protection numerique des marques ?"},"content":{"rendered":"<p>La <strong>protection num\u00e9rique d\u2019une marque<\/strong>\u00a0n\u00e9cessite la cr\u00e9ation d\u2019une strat\u00e9gie de protection num\u00e9rique solide qui va, gr\u00e2ce \u00e0\u00a0une surveillance continue de toutes les informations circulant sur internet, pr\u00e9venir d\u2019\u00e9ventuelles diffamations, contrefa\u00e7ons ou violations de la propri\u00e9t\u00e9 intellectuelle. Votre pr\u00e9sence sur le web est un de vos atouts ayant le plus de valeurs, avoir une bonne r\u00e9putation sur celui-ci est donc essentiel \u00e0\u00a0votre succ\u00e8s. Un service de protection et de contr\u00f4le de votre pr\u00e9sence sur le net est donc indispensable.<\/p>\n<p>Que vous soyez une <strong>PME<\/strong> ou une <strong>entreprise multinational<\/strong>, la surveillance informatique joue et jouera un r\u00f4le capital dans le succ\u00e8s de votre entreprise. Elle doit \u00eatre une partie importante de votre strat\u00e9gie globale, car elle prot\u00e8ge et pr\u00e9serve votre r\u00e9putation, vos revenus et vos propri\u00e9t\u00e9s intellectuelles.<\/p>\n<p>dotNice est leader mondial en mati\u00e8re de strat\u00e9gie de protection num\u00e9rique des marques. Nous prot\u00e9geons l\u2019espace num\u00e9rique d\u2019entreprises partout dans le monde gr\u00e2ce \u00e0\u00a0un ensemble d\u2019experts et \u00e0\u00a0des technologies de pointe, afin de vous offrir un service de la meilleure qualit\u00e9 possible.<\/p>\n","protected":false},"excerpt":{"rendered":"<p>La protection num\u00e9rique d\u2019une marque\u00a0n\u00e9cessite la cr\u00e9ation d\u2019une strat\u00e9gie de protection num\u00e9rique solide qui va, gr\u00e2ce \u00e0\u00a0une surveillance continue de toutes les informations circulant sur internet, pr\u00e9venir d\u2019\u00e9ventuelles diffamations, contrefa\u00e7ons ou violations de la propri\u00e9t\u00e9 intellectuelle. Votre pr\u00e9sence sur le web est un de vos atouts ayant le plus de valeurs, avoir une bonne r\u00e9putation &hellip; <a href=\"https:\/\/stg.dotnice.com\/fr\/quest-ce-que-la-protection-numerique-des-marques\/\" class=\"more-link\">Continue reading <span class=\"screen-reader-text\">Qu&#8217;est ce que la protection numerique des marques ?<\/span><\/a><\/p>\n","protected":false},"author":6,"featured_media":0,"parent":0,"menu_order":0,"comment_status":"closed","ping_status":"closed","template":"","meta":{"footnotes":""},"class_list":["post-1786","page","type-page","status-publish","hentry"],"yoast_head":"<!-- This site is optimized with the Yoast SEO plugin v27.4 - https:\/\/yoast.com\/product\/yoast-seo-wordpress\/ -->\n<title>Qu&#039;est ce que la protection numerique des marques ? - dotNice<\/title>\n<meta name=\"robots\" content=\"noindex, follow, max-snippet:-1, max-image-preview:large, max-video-preview:-1\" \/>\n<meta property=\"og:locale\" content=\"fr_FR\" \/>\n<meta property=\"og:type\" content=\"article\" \/>\n<meta property=\"og:title\" content=\"Qu&#039;est ce que la protection numerique des marques ? - dotNice\" \/>\n<meta property=\"og:description\" content=\"La protection num\u00e9rique d\u2019une marque\u00a0n\u00e9cessite la cr\u00e9ation d\u2019une strat\u00e9gie de protection num\u00e9rique solide qui va, gr\u00e2ce \u00e0\u00a0une surveillance continue de toutes les informations circulant sur internet, pr\u00e9venir d\u2019\u00e9ventuelles diffamations, contrefa\u00e7ons ou violations de la propri\u00e9t\u00e9 intellectuelle. Votre pr\u00e9sence sur le web est un de vos atouts ayant le plus de valeurs, avoir une bonne r\u00e9putation &hellip; Continue reading Qu&#8217;est ce que la protection numerique des marques ?\" \/>\n<meta property=\"og:url\" content=\"https:\/\/stg.dotnice.com\/fr\/quest-ce-que-la-protection-numerique-des-marques\/\" \/>\n<meta property=\"og:site_name\" content=\"dotNice\" \/>\n<meta property=\"article:modified_time\" content=\"2015-09-28T06:57:24+00:00\" \/>\n<meta name=\"twitter:card\" content=\"summary_large_image\" \/>\n<meta name=\"twitter:label1\" content=\"Est. reading time\" \/>\n\t<meta name=\"twitter:data1\" content=\"1 minute\" \/>\n<script type=\"application\/ld+json\" class=\"yoast-schema-graph\">{\"@context\":\"https:\\\/\\\/schema.org\",\"@graph\":[{\"@type\":\"WebPage\",\"@id\":\"https:\\\/\\\/stg.dotnice.com\\\/fr\\\/quest-ce-que-la-protection-numerique-des-marques\\\/\",\"url\":\"https:\\\/\\\/stg.dotnice.com\\\/fr\\\/quest-ce-que-la-protection-numerique-des-marques\\\/\",\"name\":\"Qu'est ce que la protection numerique des marques ?-_dotNice\",\"isPartOf\":{\"@id\":\"https:\\\/\\\/stg.dotnice.com\\\/fr\\\/#website\"},\"datePublished\":\"2015-01-23T16:05:38+00:00\",\"dateModified\":\"2015-09-28T06:57:24+00:00\",\"breadcrumb\":{\"@id\":\"https:\\\/\\\/stg.dotnice.com\\\/fr\\\/quest-ce-que-la-protection-numerique-des-marques\\\/#breadcrumb\"},\"inLanguage\":\"fr-FR\",\"potentialAction\":[{\"@type\":\"ReadAction\",\"target\":[\"https:\\\/\\\/stg.dotnice.com\\\/fr\\\/quest-ce-que-la-protection-numerique-des-marques\\\/\"]}]},{\"@type\":\"BreadcrumbList\",\"@id\":\"https:\\\/\\\/stg.dotnice.com\\\/fr\\\/quest-ce-que-la-protection-numerique-des-marques\\\/#breadcrumb\",\"itemListElement\":[{\"@type\":\"ListItem\",\"position\":1,\"name\":\"Home\",\"item\":\"https:\\\/\\\/www.dotnice.fr\\\/\"},{\"@type\":\"ListItem\",\"position\":2,\"name\":\"Qu&rsquo;est ce que la protection numerique des marques ?\"}]},{\"@type\":\"WebSite\",\"@id\":\"https:\\\/\\\/stg.dotnice.com\\\/fr\\\/#website\",\"url\":\"https:\\\/\\\/stg.dotnice.com\\\/fr\\\/\",\"name\":\"dotNice\",\"description\":\"digital brand protection\",\"potentialAction\":[{\"@type\":\"SearchAction\",\"target\":{\"@type\":\"EntryPoint\",\"urlTemplate\":\"https:\\\/\\\/stg.dotnice.com\\\/fr\\\/?s=%7Bsearch_term_string%7D\"},\"query-input\":{\"@type\":\"PropertyValueSpecification\",\"valueRequired\":true,\"valueName\":\"search_term_string\"}}],\"inLanguage\":\"fr-FR\"}]}<\/script>\n<!-- \/ Yoast SEO plugin. -->","yoast_head_json":{"title":"Qu'est ce que la protection numerique des marques ? - dotNice","robots":{"index":"noindex","follow":"follow","max-snippet":"max-snippet:-1","max-image-preview":"max-image-preview:large","max-video-preview":"max-video-preview:-1"},"og_locale":"fr_FR","og_type":"article","og_title":"Qu'est ce que la protection numerique des marques ? - dotNice","og_description":"La protection num\u00e9rique d\u2019une marque\u00a0n\u00e9cessite la cr\u00e9ation d\u2019une strat\u00e9gie de protection num\u00e9rique solide qui va, gr\u00e2ce \u00e0\u00a0une surveillance continue de toutes les informations circulant sur internet, pr\u00e9venir d\u2019\u00e9ventuelles diffamations, contrefa\u00e7ons ou violations de la propri\u00e9t\u00e9 intellectuelle. Votre pr\u00e9sence sur le web est un de vos atouts ayant le plus de valeurs, avoir une bonne r\u00e9putation &hellip; Continue reading Qu&#8217;est ce que la protection numerique des marques ?","og_url":"https:\/\/stg.dotnice.com\/fr\/quest-ce-que-la-protection-numerique-des-marques\/","og_site_name":"dotNice","article_modified_time":"2015-09-28T06:57:24+00:00","twitter_card":"summary_large_image","twitter_misc":{"Est. reading time":"1 minute"},"schema":{"@context":"https:\/\/schema.org","@graph":[{"@type":"WebPage","@id":"https:\/\/stg.dotnice.com\/fr\/quest-ce-que-la-protection-numerique-des-marques\/","url":"https:\/\/stg.dotnice.com\/fr\/quest-ce-que-la-protection-numerique-des-marques\/","name":"Qu'est ce que la protection numerique des marques ?-_dotNice","isPartOf":{"@id":"https:\/\/stg.dotnice.com\/fr\/#website"},"datePublished":"2015-01-23T16:05:38+00:00","dateModified":"2015-09-28T06:57:24+00:00","breadcrumb":{"@id":"https:\/\/stg.dotnice.com\/fr\/quest-ce-que-la-protection-numerique-des-marques\/#breadcrumb"},"inLanguage":"fr-FR","potentialAction":[{"@type":"ReadAction","target":["https:\/\/stg.dotnice.com\/fr\/quest-ce-que-la-protection-numerique-des-marques\/"]}]},{"@type":"BreadcrumbList","@id":"https:\/\/stg.dotnice.com\/fr\/quest-ce-que-la-protection-numerique-des-marques\/#breadcrumb","itemListElement":[{"@type":"ListItem","position":1,"name":"Home","item":"https:\/\/www.dotnice.fr\/"},{"@type":"ListItem","position":2,"name":"Qu&rsquo;est ce que la protection numerique des marques ?"}]},{"@type":"WebSite","@id":"https:\/\/stg.dotnice.com\/fr\/#website","url":"https:\/\/stg.dotnice.com\/fr\/","name":"dotNice","description":"digital brand protection","potentialAction":[{"@type":"SearchAction","target":{"@type":"EntryPoint","urlTemplate":"https:\/\/stg.dotnice.com\/fr\/?s=%7Bsearch_term_string%7D"},"query-input":{"@type":"PropertyValueSpecification","valueRequired":true,"valueName":"search_term_string"}}],"inLanguage":"fr-FR"}]}},"_links":{"self":[{"href":"https:\/\/stg.dotnice.com\/fr\/wp-json\/wp\/v2\/pages\/1786","targetHints":{"allow":["GET"]}}],"collection":[{"href":"https:\/\/stg.dotnice.com\/fr\/wp-json\/wp\/v2\/pages"}],"about":[{"href":"https:\/\/stg.dotnice.com\/fr\/wp-json\/wp\/v2\/types\/page"}],"author":[{"embeddable":true,"href":"https:\/\/stg.dotnice.com\/fr\/wp-json\/wp\/v2\/users\/6"}],"replies":[{"embeddable":true,"href":"https:\/\/stg.dotnice.com\/fr\/wp-json\/wp\/v2\/comments?post=1786"}],"version-history":[{"count":0,"href":"https:\/\/stg.dotnice.com\/fr\/wp-json\/wp\/v2\/pages\/1786\/revisions"}],"wp:attachment":[{"href":"https:\/\/stg.dotnice.com\/fr\/wp-json\/wp\/v2\/media?parent=1786"}],"curies":[{"name":"wp","href":"https:\/\/api.w.org\/{rel}","templated":true}]}}