{"id":2264,"date":"2015-01-23T16:16:23","date_gmt":"2015-01-23T16:16:23","guid":{"rendered":"http:\/\/www.dotnice.com\/?page_id=2264"},"modified":"2015-12-13T09:47:12","modified_gmt":"2015-12-13T09:47:12","slug":"por-que-elegir-dotnice","status":"publish","type":"page","link":"https:\/\/stg.dotnice.com\/es\/por-que-elegir-dotnice\/","title":{"rendered":"\u00bfPor qu\u00e9 elegir dotNice?"},"content":{"rendered":"<p>Con m\u00e1s de 18 a\u00f1os de experiencia, dotNice est\u00e1 especializado en la prestaci\u00f3n de servicios de protecci\u00f3n de marca digital a nivel internacional. Nuestro equipo de especialistas altamente cualificados, brinda paquetes personalizados para clientes grandes y peque\u00f1os. Ofrecemos un enfoque hol\u00edstico para ayudarle a asegurar completamente su presencia digital, utilizando tecnolog\u00eda l\u00edder en el mercado y nuestra experiencia para salvaguardar y proteger totalmente su marca.<\/p>\n<p>Al elegir dotNice, garantizamos:<\/p>\n<p>\u2022 Proteger el valor de su marca<\/p>\n<p>\u2022 Preservar la integridad de su marca<\/p>\n<p>\u2022 Fortalecer la visibilidad de su marca<\/p>\n<p>\u2022 Mejorar la relaci\u00f3n con los clientes<\/p>\n<p>\u2022 Aumentar el alcance global<\/p>\n<p>\u2022 Optimizar la gesti\u00f3n del tiempo y los costes administrativos<\/p>\n<p>dotNice est\u00e1 acreditado directamente en m\u00faltiples registros de dominio establecidas en todo el mundo. Nuestro dedicado equipo de expertos utiliza la tecnolog\u00eda m\u00e1s avanzada para ofrecer soluciones a medida. Nuestras eficaces y competitivas tarifas de costes benefician, entre otras cosas, su rentabilidad proporcionando herramientas y estrategias para salvaguardar su marca de las amenazas online a las que se enfrenta diariamente en el espacio digital.<\/p>\n","protected":false},"excerpt":{"rendered":"<p>Con m\u00e1s de 18 a\u00f1os de experiencia, dotNice est\u00e1 especializado en la prestaci\u00f3n de servicios de protecci\u00f3n de marca digital a nivel internacional. Nuestro equipo de especialistas altamente cualificados, brinda paquetes personalizados para clientes grandes y peque\u00f1os. Ofrecemos un enfoque hol\u00edstico para ayudarle a asegurar completamente su presencia digital, utilizando tecnolog\u00eda l\u00edder en el mercado &hellip; <a href=\"https:\/\/stg.dotnice.com\/es\/por-que-elegir-dotnice\/\" class=\"more-link\">Continue reading <span class=\"screen-reader-text\">\u00bfPor qu\u00e9 elegir dotNice?<\/span><\/a><\/p>\n","protected":false},"author":6,"featured_media":0,"parent":0,"menu_order":0,"comment_status":"closed","ping_status":"closed","template":"","meta":{"footnotes":""},"class_list":["post-2264","page","type-page","status-publish","hentry"],"yoast_head":"<!-- This site is optimized with the Yoast SEO plugin v27.4 - https:\/\/yoast.com\/product\/yoast-seo-wordpress\/ -->\n<title>\u00bfPor qu\u00e9 elegir dotNice? - dotNice<\/title>\n<meta name=\"robots\" content=\"noindex, follow, max-snippet:-1, max-image-preview:large, max-video-preview:-1\" \/>\n<meta property=\"og:locale\" content=\"es_ES\" \/>\n<meta property=\"og:type\" content=\"article\" \/>\n<meta property=\"og:title\" content=\"\u00bfPor qu\u00e9 elegir dotNice? - dotNice\" \/>\n<meta property=\"og:description\" content=\"Con m\u00e1s de 18 a\u00f1os de experiencia, dotNice est\u00e1 especializado en la prestaci\u00f3n de servicios de protecci\u00f3n de marca digital a nivel internacional. Nuestro equipo de especialistas altamente cualificados, brinda paquetes personalizados para clientes grandes y peque\u00f1os. Ofrecemos un enfoque hol\u00edstico para ayudarle a asegurar completamente su presencia digital, utilizando tecnolog\u00eda l\u00edder en el mercado &hellip; Continue reading \u00bfPor qu\u00e9 elegir dotNice?\" \/>\n<meta property=\"og:url\" content=\"https:\/\/stg.dotnice.com\/es\/por-que-elegir-dotnice\/\" \/>\n<meta property=\"og:site_name\" content=\"dotNice\" \/>\n<meta property=\"article:modified_time\" content=\"2015-12-13T09:47:12+00:00\" \/>\n<meta name=\"twitter:card\" content=\"summary_large_image\" \/>\n<meta name=\"twitter:label1\" content=\"Est. reading time\" \/>\n\t<meta name=\"twitter:data1\" content=\"1 minute\" \/>\n<script type=\"application\/ld+json\" class=\"yoast-schema-graph\">{\"@context\":\"https:\\\/\\\/schema.org\",\"@graph\":[{\"@type\":\"WebPage\",\"@id\":\"https:\\\/\\\/stg.dotnice.com\\\/es\\\/por-que-elegir-dotnice\\\/\",\"url\":\"https:\\\/\\\/stg.dotnice.com\\\/es\\\/por-que-elegir-dotnice\\\/\",\"name\":\"\u00bfPor qu\u00e9 elegir dotNice?-_dotNice\",\"isPartOf\":{\"@id\":\"https:\\\/\\\/stg.dotnice.com\\\/es\\\/#website\"},\"datePublished\":\"2015-01-23T16:16:23+00:00\",\"dateModified\":\"2015-12-13T09:47:12+00:00\",\"breadcrumb\":{\"@id\":\"https:\\\/\\\/stg.dotnice.com\\\/es\\\/por-que-elegir-dotnice\\\/#breadcrumb\"},\"inLanguage\":\"es-ES\",\"potentialAction\":[{\"@type\":\"ReadAction\",\"target\":[\"https:\\\/\\\/stg.dotnice.com\\\/es\\\/por-que-elegir-dotnice\\\/\"]}]},{\"@type\":\"BreadcrumbList\",\"@id\":\"https:\\\/\\\/stg.dotnice.com\\\/es\\\/por-que-elegir-dotnice\\\/#breadcrumb\",\"itemListElement\":[{\"@type\":\"ListItem\",\"position\":1,\"name\":\"Home\",\"item\":\"https:\\\/\\\/www.dotnice.es\\\/\"},{\"@type\":\"ListItem\",\"position\":2,\"name\":\"\u00bfPor qu\u00e9 elegir dotNice?\"}]},{\"@type\":\"WebSite\",\"@id\":\"https:\\\/\\\/stg.dotnice.com\\\/es\\\/#website\",\"url\":\"https:\\\/\\\/stg.dotnice.com\\\/es\\\/\",\"name\":\"dotNice\",\"description\":\"digital brand protection\",\"potentialAction\":[{\"@type\":\"SearchAction\",\"target\":{\"@type\":\"EntryPoint\",\"urlTemplate\":\"https:\\\/\\\/stg.dotnice.com\\\/es\\\/?s=%7Bsearch_term_string%7D\"},\"query-input\":{\"@type\":\"PropertyValueSpecification\",\"valueRequired\":true,\"valueName\":\"search_term_string\"}}],\"inLanguage\":\"es-ES\"}]}<\/script>\n<!-- \/ Yoast SEO plugin. -->","yoast_head_json":{"title":"\u00bfPor qu\u00e9 elegir dotNice? - dotNice","robots":{"index":"noindex","follow":"follow","max-snippet":"max-snippet:-1","max-image-preview":"max-image-preview:large","max-video-preview":"max-video-preview:-1"},"og_locale":"es_ES","og_type":"article","og_title":"\u00bfPor qu\u00e9 elegir dotNice? - dotNice","og_description":"Con m\u00e1s de 18 a\u00f1os de experiencia, dotNice est\u00e1 especializado en la prestaci\u00f3n de servicios de protecci\u00f3n de marca digital a nivel internacional. Nuestro equipo de especialistas altamente cualificados, brinda paquetes personalizados para clientes grandes y peque\u00f1os. Ofrecemos un enfoque hol\u00edstico para ayudarle a asegurar completamente su presencia digital, utilizando tecnolog\u00eda l\u00edder en el mercado &hellip; Continue reading \u00bfPor qu\u00e9 elegir dotNice?","og_url":"https:\/\/stg.dotnice.com\/es\/por-que-elegir-dotnice\/","og_site_name":"dotNice","article_modified_time":"2015-12-13T09:47:12+00:00","twitter_card":"summary_large_image","twitter_misc":{"Est. reading time":"1 minute"},"schema":{"@context":"https:\/\/schema.org","@graph":[{"@type":"WebPage","@id":"https:\/\/stg.dotnice.com\/es\/por-que-elegir-dotnice\/","url":"https:\/\/stg.dotnice.com\/es\/por-que-elegir-dotnice\/","name":"\u00bfPor qu\u00e9 elegir dotNice?-_dotNice","isPartOf":{"@id":"https:\/\/stg.dotnice.com\/es\/#website"},"datePublished":"2015-01-23T16:16:23+00:00","dateModified":"2015-12-13T09:47:12+00:00","breadcrumb":{"@id":"https:\/\/stg.dotnice.com\/es\/por-que-elegir-dotnice\/#breadcrumb"},"inLanguage":"es-ES","potentialAction":[{"@type":"ReadAction","target":["https:\/\/stg.dotnice.com\/es\/por-que-elegir-dotnice\/"]}]},{"@type":"BreadcrumbList","@id":"https:\/\/stg.dotnice.com\/es\/por-que-elegir-dotnice\/#breadcrumb","itemListElement":[{"@type":"ListItem","position":1,"name":"Home","item":"https:\/\/www.dotnice.es\/"},{"@type":"ListItem","position":2,"name":"\u00bfPor qu\u00e9 elegir dotNice?"}]},{"@type":"WebSite","@id":"https:\/\/stg.dotnice.com\/es\/#website","url":"https:\/\/stg.dotnice.com\/es\/","name":"dotNice","description":"digital brand protection","potentialAction":[{"@type":"SearchAction","target":{"@type":"EntryPoint","urlTemplate":"https:\/\/stg.dotnice.com\/es\/?s=%7Bsearch_term_string%7D"},"query-input":{"@type":"PropertyValueSpecification","valueRequired":true,"valueName":"search_term_string"}}],"inLanguage":"es-ES"}]}},"_links":{"self":[{"href":"https:\/\/stg.dotnice.com\/es\/wp-json\/wp\/v2\/pages\/2264","targetHints":{"allow":["GET"]}}],"collection":[{"href":"https:\/\/stg.dotnice.com\/es\/wp-json\/wp\/v2\/pages"}],"about":[{"href":"https:\/\/stg.dotnice.com\/es\/wp-json\/wp\/v2\/types\/page"}],"author":[{"embeddable":true,"href":"https:\/\/stg.dotnice.com\/es\/wp-json\/wp\/v2\/users\/6"}],"replies":[{"embeddable":true,"href":"https:\/\/stg.dotnice.com\/es\/wp-json\/wp\/v2\/comments?post=2264"}],"version-history":[{"count":0,"href":"https:\/\/stg.dotnice.com\/es\/wp-json\/wp\/v2\/pages\/2264\/revisions"}],"wp:attachment":[{"href":"https:\/\/stg.dotnice.com\/es\/wp-json\/wp\/v2\/media?parent=2264"}],"curies":[{"name":"wp","href":"https:\/\/api.w.org\/{rel}","templated":true}]}}