{"id":2263,"date":"2015-01-23T16:08:31","date_gmt":"2015-01-23T16:08:31","guid":{"rendered":"http:\/\/www.dotnice.com\/?page_id=2263"},"modified":"2015-12-13T09:47:23","modified_gmt":"2015-12-13T09:47:23","slug":"quien-necesita-proteccion-de-la-marca-digital","status":"publish","type":"page","link":"https:\/\/stg.dotnice.com\/es\/quien-necesita-proteccion-de-la-marca-digital\/","title":{"rendered":"\u00bfQui\u00e9n necesita protecci\u00f3n de la marca digital?"},"content":{"rendered":"<p>La competencia entre las marcas que venden online es feroz. A medida que la marca sigue creciendo, los managers y marketers se centran en construir relaciones con los clientes, en fortalecer la visibilidad de su marca y en \u00faltima instancia, aumentar el valor total de la marca.<\/p>\n<p>Paralelamente a estos desarrollos, se ha producido un aumento de violaciones de los derechos de propiedad intellectual digital. Por ahora, es posible que haya dado con los riesgos a los que se enfrenta su marca online. Todos los d\u00edas, su marca es vulnerable a los ataques de cybersquatting, violaci\u00f3n de la marca registrada, phishing, brandjacking, typosquatting, desv\u00edos de tr\u00e1fico web y otras actividades fraudulentas no autorizadas. Lo peor de todo, es que la ciberdelincuencia se las arregla para robar completamente la identidad de qualquier marca. Por eso, a medida que las amenazas evolucionan, es necesario que su estrategia de protecci\u00f3n de la marca tambien lo haga. La buena noticia es que todos estos problemas potencialmente destructivos se pueden prevenir si se toman las medidas adecuadas.<\/p>\n<p><strong>Plant\u00e9ese a s\u00ed mismo las siguientes preguntas:<\/strong><\/p>\n<p>\u00bfSabe cu\u00e1nto dinero est\u00e1 perdiendo debido a la infracci\u00f3n de marca digital?<\/p>\n<p>\u00bfEntiende c\u00f3mo identificar y priorizar los riesgos digitales para su marca?<\/p>\n<p>\u00bfEst\u00e1 usted al tanto de todas las amenazas a las que se enfrenta su marca online?<\/p>\n<p>\u00bfEs usted consciente de todas las plataformas en las que su marca est\u00e1 en riesgo?<\/p>\n<p>\u00bfQu\u00e9 medidas se han tomado para asegurar que su marca est\u00e1 protegida?<\/p>\n","protected":false},"excerpt":{"rendered":"<p>La competencia entre las marcas que venden online es feroz. A medida que la marca sigue creciendo, los managers y marketers se centran en construir relaciones con los clientes, en fortalecer la visibilidad de su marca y en \u00faltima instancia, aumentar el valor total de la marca. Paralelamente a estos desarrollos, se ha producido un &hellip; <a href=\"https:\/\/stg.dotnice.com\/es\/quien-necesita-proteccion-de-la-marca-digital\/\" class=\"more-link\">Continue reading <span class=\"screen-reader-text\">\u00bfQui\u00e9n necesita protecci\u00f3n de la marca digital?<\/span><\/a><\/p>\n","protected":false},"author":6,"featured_media":0,"parent":0,"menu_order":0,"comment_status":"closed","ping_status":"closed","template":"","meta":{"footnotes":""},"class_list":["post-2263","page","type-page","status-publish","hentry"],"yoast_head":"<!-- This site is optimized with the Yoast SEO plugin v27.4 - https:\/\/yoast.com\/product\/yoast-seo-wordpress\/ -->\n<title>\u00bfQui\u00e9n necesita protecci\u00f3n de la marca digital? - dotNice<\/title>\n<meta name=\"robots\" content=\"noindex, follow, max-snippet:-1, max-image-preview:large, max-video-preview:-1\" \/>\n<meta property=\"og:locale\" content=\"es_ES\" \/>\n<meta property=\"og:type\" content=\"article\" \/>\n<meta property=\"og:title\" content=\"\u00bfQui\u00e9n necesita protecci\u00f3n de la marca digital? - dotNice\" \/>\n<meta property=\"og:description\" content=\"La competencia entre las marcas que venden online es feroz. A medida que la marca sigue creciendo, los managers y marketers se centran en construir relaciones con los clientes, en fortalecer la visibilidad de su marca y en \u00faltima instancia, aumentar el valor total de la marca. Paralelamente a estos desarrollos, se ha producido un &hellip; Continue reading \u00bfQui\u00e9n necesita protecci\u00f3n de la marca digital?\" \/>\n<meta property=\"og:url\" content=\"https:\/\/stg.dotnice.com\/es\/quien-necesita-proteccion-de-la-marca-digital\/\" \/>\n<meta property=\"og:site_name\" content=\"dotNice\" \/>\n<meta property=\"article:modified_time\" content=\"2015-12-13T09:47:23+00:00\" \/>\n<meta name=\"twitter:card\" content=\"summary_large_image\" \/>\n<meta name=\"twitter:label1\" content=\"Est. reading time\" \/>\n\t<meta name=\"twitter:data1\" content=\"1 minute\" \/>\n<script type=\"application\/ld+json\" class=\"yoast-schema-graph\">{\"@context\":\"https:\\\/\\\/schema.org\",\"@graph\":[{\"@type\":\"WebPage\",\"@id\":\"https:\\\/\\\/stg.dotnice.com\\\/es\\\/quien-necesita-proteccion-de-la-marca-digital\\\/\",\"url\":\"https:\\\/\\\/stg.dotnice.com\\\/es\\\/quien-necesita-proteccion-de-la-marca-digital\\\/\",\"name\":\"\u00bfQui\u00e9n necesita protecci\u00f3n de la marca digital?-_dotNice\",\"isPartOf\":{\"@id\":\"https:\\\/\\\/stg.dotnice.com\\\/es\\\/#website\"},\"datePublished\":\"2015-01-23T16:08:31+00:00\",\"dateModified\":\"2015-12-13T09:47:23+00:00\",\"breadcrumb\":{\"@id\":\"https:\\\/\\\/stg.dotnice.com\\\/es\\\/quien-necesita-proteccion-de-la-marca-digital\\\/#breadcrumb\"},\"inLanguage\":\"es-ES\",\"potentialAction\":[{\"@type\":\"ReadAction\",\"target\":[\"https:\\\/\\\/stg.dotnice.com\\\/es\\\/quien-necesita-proteccion-de-la-marca-digital\\\/\"]}]},{\"@type\":\"BreadcrumbList\",\"@id\":\"https:\\\/\\\/stg.dotnice.com\\\/es\\\/quien-necesita-proteccion-de-la-marca-digital\\\/#breadcrumb\",\"itemListElement\":[{\"@type\":\"ListItem\",\"position\":1,\"name\":\"Home\",\"item\":\"https:\\\/\\\/www.dotnice.es\\\/\"},{\"@type\":\"ListItem\",\"position\":2,\"name\":\"\u00bfQui\u00e9n necesita protecci\u00f3n de la marca digital?\"}]},{\"@type\":\"WebSite\",\"@id\":\"https:\\\/\\\/stg.dotnice.com\\\/es\\\/#website\",\"url\":\"https:\\\/\\\/stg.dotnice.com\\\/es\\\/\",\"name\":\"dotNice\",\"description\":\"digital brand protection\",\"potentialAction\":[{\"@type\":\"SearchAction\",\"target\":{\"@type\":\"EntryPoint\",\"urlTemplate\":\"https:\\\/\\\/stg.dotnice.com\\\/es\\\/?s=%7Bsearch_term_string%7D\"},\"query-input\":{\"@type\":\"PropertyValueSpecification\",\"valueRequired\":true,\"valueName\":\"search_term_string\"}}],\"inLanguage\":\"es-ES\"}]}<\/script>\n<!-- \/ Yoast SEO plugin. -->","yoast_head_json":{"title":"\u00bfQui\u00e9n necesita protecci\u00f3n de la marca digital? - dotNice","robots":{"index":"noindex","follow":"follow","max-snippet":"max-snippet:-1","max-image-preview":"max-image-preview:large","max-video-preview":"max-video-preview:-1"},"og_locale":"es_ES","og_type":"article","og_title":"\u00bfQui\u00e9n necesita protecci\u00f3n de la marca digital? - dotNice","og_description":"La competencia entre las marcas que venden online es feroz. A medida que la marca sigue creciendo, los managers y marketers se centran en construir relaciones con los clientes, en fortalecer la visibilidad de su marca y en \u00faltima instancia, aumentar el valor total de la marca. Paralelamente a estos desarrollos, se ha producido un &hellip; Continue reading \u00bfQui\u00e9n necesita protecci\u00f3n de la marca digital?","og_url":"https:\/\/stg.dotnice.com\/es\/quien-necesita-proteccion-de-la-marca-digital\/","og_site_name":"dotNice","article_modified_time":"2015-12-13T09:47:23+00:00","twitter_card":"summary_large_image","twitter_misc":{"Est. reading time":"1 minute"},"schema":{"@context":"https:\/\/schema.org","@graph":[{"@type":"WebPage","@id":"https:\/\/stg.dotnice.com\/es\/quien-necesita-proteccion-de-la-marca-digital\/","url":"https:\/\/stg.dotnice.com\/es\/quien-necesita-proteccion-de-la-marca-digital\/","name":"\u00bfQui\u00e9n necesita protecci\u00f3n de la marca digital?-_dotNice","isPartOf":{"@id":"https:\/\/stg.dotnice.com\/es\/#website"},"datePublished":"2015-01-23T16:08:31+00:00","dateModified":"2015-12-13T09:47:23+00:00","breadcrumb":{"@id":"https:\/\/stg.dotnice.com\/es\/quien-necesita-proteccion-de-la-marca-digital\/#breadcrumb"},"inLanguage":"es-ES","potentialAction":[{"@type":"ReadAction","target":["https:\/\/stg.dotnice.com\/es\/quien-necesita-proteccion-de-la-marca-digital\/"]}]},{"@type":"BreadcrumbList","@id":"https:\/\/stg.dotnice.com\/es\/quien-necesita-proteccion-de-la-marca-digital\/#breadcrumb","itemListElement":[{"@type":"ListItem","position":1,"name":"Home","item":"https:\/\/www.dotnice.es\/"},{"@type":"ListItem","position":2,"name":"\u00bfQui\u00e9n necesita protecci\u00f3n de la marca digital?"}]},{"@type":"WebSite","@id":"https:\/\/stg.dotnice.com\/es\/#website","url":"https:\/\/stg.dotnice.com\/es\/","name":"dotNice","description":"digital brand protection","potentialAction":[{"@type":"SearchAction","target":{"@type":"EntryPoint","urlTemplate":"https:\/\/stg.dotnice.com\/es\/?s=%7Bsearch_term_string%7D"},"query-input":{"@type":"PropertyValueSpecification","valueRequired":true,"valueName":"search_term_string"}}],"inLanguage":"es-ES"}]}},"_links":{"self":[{"href":"https:\/\/stg.dotnice.com\/es\/wp-json\/wp\/v2\/pages\/2263","targetHints":{"allow":["GET"]}}],"collection":[{"href":"https:\/\/stg.dotnice.com\/es\/wp-json\/wp\/v2\/pages"}],"about":[{"href":"https:\/\/stg.dotnice.com\/es\/wp-json\/wp\/v2\/types\/page"}],"author":[{"embeddable":true,"href":"https:\/\/stg.dotnice.com\/es\/wp-json\/wp\/v2\/users\/6"}],"replies":[{"embeddable":true,"href":"https:\/\/stg.dotnice.com\/es\/wp-json\/wp\/v2\/comments?post=2263"}],"version-history":[{"count":0,"href":"https:\/\/stg.dotnice.com\/es\/wp-json\/wp\/v2\/pages\/2263\/revisions"}],"wp:attachment":[{"href":"https:\/\/stg.dotnice.com\/es\/wp-json\/wp\/v2\/media?parent=2263"}],"curies":[{"name":"wp","href":"https:\/\/api.w.org\/{rel}","templated":true}]}}