{"id":2262,"date":"2015-01-23T16:05:38","date_gmt":"2015-01-23T16:05:38","guid":{"rendered":"http:\/\/www.dotnice.com\/?page_id=2262"},"modified":"2015-12-13T09:47:17","modified_gmt":"2015-12-13T09:47:17","slug":"que-es-la-proteccion-de-la-marca-digital","status":"publish","type":"page","link":"https:\/\/stg.dotnice.com\/es\/que-es-la-proteccion-de-la-marca-digital\/","title":{"rendered":"\u00bfQu\u00e9 es la protecci\u00f3n de la marca digital?"},"content":{"rendered":"<p>La protecci\u00f3n de la marca digital implica la creaci\u00f3n de una estrategia de protecci\u00f3n s\u00f3lida que ayude a evitar posibles ataques difamatorios, uso ilegal de la marca y violaci\u00f3nes de la propiedad intelectual, por medio de un seguimiento continuo de todos los datos que circulan por internet. La protecci\u00f3n de su marca y reputaci\u00f3n de la empresa es de fundamental importancia en el actual mundo digital.<\/p>\n<p>Si usted es una PYME o una gran corporaci\u00f3n multinacional, la monitorizaci\u00f3n digital juega un papel fundamental en la preservaci\u00f3n de la integridad y el continuo \u00e9xito de su marca hoy y en el futuro. La protecci\u00f3n de la reputaci\u00f3n de sus marcas, los ingresos y la propiedad intelectual online son ahora parte esencial de la estrategia de empresa.<\/p>\n<p>En dotNice son expertos en el dise\u00f1o de estrategias digitales de protecci\u00f3n de marca para empresas de todo el mundo. Con nuestro dedicado equipo de especialistas, protegemos sus activos digitales utilizando la tecnolog\u00eda m\u00e1s avanzada y proporcionando el m\u00e1s alto nivel de servicio.<\/p>\n","protected":false},"excerpt":{"rendered":"<p>La protecci\u00f3n de la marca digital implica la creaci\u00f3n de una estrategia de protecci\u00f3n s\u00f3lida que ayude a evitar posibles ataques difamatorios, uso ilegal de la marca y violaci\u00f3nes de la propiedad intelectual, por medio de un seguimiento continuo de todos los datos que circulan por internet. La protecci\u00f3n de su marca y reputaci\u00f3n de &hellip; <a href=\"https:\/\/stg.dotnice.com\/es\/que-es-la-proteccion-de-la-marca-digital\/\" class=\"more-link\">Continue reading <span class=\"screen-reader-text\">\u00bfQu\u00e9 es la protecci\u00f3n de la marca digital?<\/span><\/a><\/p>\n","protected":false},"author":6,"featured_media":0,"parent":0,"menu_order":0,"comment_status":"closed","ping_status":"closed","template":"","meta":{"footnotes":""},"class_list":["post-2262","page","type-page","status-publish","hentry"],"yoast_head":"<!-- This site is optimized with the Yoast SEO plugin v27.4 - https:\/\/yoast.com\/product\/yoast-seo-wordpress\/ -->\n<title>\u00bfQu\u00e9 es la protecci\u00f3n de la marca digital? - dotNice<\/title>\n<meta name=\"robots\" content=\"noindex, follow, max-snippet:-1, max-image-preview:large, max-video-preview:-1\" \/>\n<meta property=\"og:locale\" content=\"es_ES\" \/>\n<meta property=\"og:type\" content=\"article\" \/>\n<meta property=\"og:title\" content=\"\u00bfQu\u00e9 es la protecci\u00f3n de la marca digital? - dotNice\" \/>\n<meta property=\"og:description\" content=\"La protecci\u00f3n de la marca digital implica la creaci\u00f3n de una estrategia de protecci\u00f3n s\u00f3lida que ayude a evitar posibles ataques difamatorios, uso ilegal de la marca y violaci\u00f3nes de la propiedad intelectual, por medio de un seguimiento continuo de todos los datos que circulan por internet. La protecci\u00f3n de su marca y reputaci\u00f3n de &hellip; Continue reading \u00bfQu\u00e9 es la protecci\u00f3n de la marca digital?\" \/>\n<meta property=\"og:url\" content=\"https:\/\/stg.dotnice.com\/es\/que-es-la-proteccion-de-la-marca-digital\/\" \/>\n<meta property=\"og:site_name\" content=\"dotNice\" \/>\n<meta property=\"article:modified_time\" content=\"2015-12-13T09:47:17+00:00\" \/>\n<meta name=\"twitter:card\" content=\"summary_large_image\" \/>\n<meta name=\"twitter:label1\" content=\"Est. reading time\" \/>\n\t<meta name=\"twitter:data1\" content=\"1 minute\" \/>\n<script type=\"application\/ld+json\" class=\"yoast-schema-graph\">{\"@context\":\"https:\\\/\\\/schema.org\",\"@graph\":[{\"@type\":\"WebPage\",\"@id\":\"https:\\\/\\\/stg.dotnice.com\\\/es\\\/que-es-la-proteccion-de-la-marca-digital\\\/\",\"url\":\"https:\\\/\\\/stg.dotnice.com\\\/es\\\/que-es-la-proteccion-de-la-marca-digital\\\/\",\"name\":\"\u00bfQu\u00e9 es la protecci\u00f3n de la marca digital?-_dotNice\",\"isPartOf\":{\"@id\":\"https:\\\/\\\/stg.dotnice.com\\\/es\\\/#website\"},\"datePublished\":\"2015-01-23T16:05:38+00:00\",\"dateModified\":\"2015-12-13T09:47:17+00:00\",\"breadcrumb\":{\"@id\":\"https:\\\/\\\/stg.dotnice.com\\\/es\\\/que-es-la-proteccion-de-la-marca-digital\\\/#breadcrumb\"},\"inLanguage\":\"es-ES\",\"potentialAction\":[{\"@type\":\"ReadAction\",\"target\":[\"https:\\\/\\\/stg.dotnice.com\\\/es\\\/que-es-la-proteccion-de-la-marca-digital\\\/\"]}]},{\"@type\":\"BreadcrumbList\",\"@id\":\"https:\\\/\\\/stg.dotnice.com\\\/es\\\/que-es-la-proteccion-de-la-marca-digital\\\/#breadcrumb\",\"itemListElement\":[{\"@type\":\"ListItem\",\"position\":1,\"name\":\"Home\",\"item\":\"https:\\\/\\\/www.dotnice.es\\\/\"},{\"@type\":\"ListItem\",\"position\":2,\"name\":\"\u00bfQu\u00e9 es la protecci\u00f3n de la marca digital?\"}]},{\"@type\":\"WebSite\",\"@id\":\"https:\\\/\\\/stg.dotnice.com\\\/es\\\/#website\",\"url\":\"https:\\\/\\\/stg.dotnice.com\\\/es\\\/\",\"name\":\"dotNice\",\"description\":\"digital brand protection\",\"potentialAction\":[{\"@type\":\"SearchAction\",\"target\":{\"@type\":\"EntryPoint\",\"urlTemplate\":\"https:\\\/\\\/stg.dotnice.com\\\/es\\\/?s=%7Bsearch_term_string%7D\"},\"query-input\":{\"@type\":\"PropertyValueSpecification\",\"valueRequired\":true,\"valueName\":\"search_term_string\"}}],\"inLanguage\":\"es-ES\"}]}<\/script>\n<!-- \/ Yoast SEO plugin. -->","yoast_head_json":{"title":"\u00bfQu\u00e9 es la protecci\u00f3n de la marca digital? - dotNice","robots":{"index":"noindex","follow":"follow","max-snippet":"max-snippet:-1","max-image-preview":"max-image-preview:large","max-video-preview":"max-video-preview:-1"},"og_locale":"es_ES","og_type":"article","og_title":"\u00bfQu\u00e9 es la protecci\u00f3n de la marca digital? - dotNice","og_description":"La protecci\u00f3n de la marca digital implica la creaci\u00f3n de una estrategia de protecci\u00f3n s\u00f3lida que ayude a evitar posibles ataques difamatorios, uso ilegal de la marca y violaci\u00f3nes de la propiedad intelectual, por medio de un seguimiento continuo de todos los datos que circulan por internet. La protecci\u00f3n de su marca y reputaci\u00f3n de &hellip; Continue reading \u00bfQu\u00e9 es la protecci\u00f3n de la marca digital?","og_url":"https:\/\/stg.dotnice.com\/es\/que-es-la-proteccion-de-la-marca-digital\/","og_site_name":"dotNice","article_modified_time":"2015-12-13T09:47:17+00:00","twitter_card":"summary_large_image","twitter_misc":{"Est. reading time":"1 minute"},"schema":{"@context":"https:\/\/schema.org","@graph":[{"@type":"WebPage","@id":"https:\/\/stg.dotnice.com\/es\/que-es-la-proteccion-de-la-marca-digital\/","url":"https:\/\/stg.dotnice.com\/es\/que-es-la-proteccion-de-la-marca-digital\/","name":"\u00bfQu\u00e9 es la protecci\u00f3n de la marca digital?-_dotNice","isPartOf":{"@id":"https:\/\/stg.dotnice.com\/es\/#website"},"datePublished":"2015-01-23T16:05:38+00:00","dateModified":"2015-12-13T09:47:17+00:00","breadcrumb":{"@id":"https:\/\/stg.dotnice.com\/es\/que-es-la-proteccion-de-la-marca-digital\/#breadcrumb"},"inLanguage":"es-ES","potentialAction":[{"@type":"ReadAction","target":["https:\/\/stg.dotnice.com\/es\/que-es-la-proteccion-de-la-marca-digital\/"]}]},{"@type":"BreadcrumbList","@id":"https:\/\/stg.dotnice.com\/es\/que-es-la-proteccion-de-la-marca-digital\/#breadcrumb","itemListElement":[{"@type":"ListItem","position":1,"name":"Home","item":"https:\/\/www.dotnice.es\/"},{"@type":"ListItem","position":2,"name":"\u00bfQu\u00e9 es la protecci\u00f3n de la marca digital?"}]},{"@type":"WebSite","@id":"https:\/\/stg.dotnice.com\/es\/#website","url":"https:\/\/stg.dotnice.com\/es\/","name":"dotNice","description":"digital brand protection","potentialAction":[{"@type":"SearchAction","target":{"@type":"EntryPoint","urlTemplate":"https:\/\/stg.dotnice.com\/es\/?s=%7Bsearch_term_string%7D"},"query-input":{"@type":"PropertyValueSpecification","valueRequired":true,"valueName":"search_term_string"}}],"inLanguage":"es-ES"}]}},"_links":{"self":[{"href":"https:\/\/stg.dotnice.com\/es\/wp-json\/wp\/v2\/pages\/2262","targetHints":{"allow":["GET"]}}],"collection":[{"href":"https:\/\/stg.dotnice.com\/es\/wp-json\/wp\/v2\/pages"}],"about":[{"href":"https:\/\/stg.dotnice.com\/es\/wp-json\/wp\/v2\/types\/page"}],"author":[{"embeddable":true,"href":"https:\/\/stg.dotnice.com\/es\/wp-json\/wp\/v2\/users\/6"}],"replies":[{"embeddable":true,"href":"https:\/\/stg.dotnice.com\/es\/wp-json\/wp\/v2\/comments?post=2262"}],"version-history":[{"count":0,"href":"https:\/\/stg.dotnice.com\/es\/wp-json\/wp\/v2\/pages\/2262\/revisions"}],"wp:attachment":[{"href":"https:\/\/stg.dotnice.com\/es\/wp-json\/wp\/v2\/media?parent=2262"}],"curies":[{"name":"wp","href":"https:\/\/api.w.org\/{rel}","templated":true}]}}