{"id":2257,"date":"2015-02-25T12:16:46","date_gmt":"2015-02-25T12:16:46","guid":{"rendered":"http:\/\/www.dotnice.com\/?page_id=2257"},"modified":"2015-12-13T09:46:39","modified_gmt":"2015-12-13T09:46:39","slug":"consultoria-de-propiedad-intelectual-y-asistencia-legal","status":"publish","type":"page","link":"https:\/\/stg.dotnice.com\/es\/servicios\/consultoria-de-propiedad-intelectual-y-asistencia-legal\/","title":{"rendered":"Consultor\u00eda de propiedad intelectual y asistencia legal"},"content":{"rendered":"<p>Proporcionamos servicios de asesoramiento jur\u00eddico de expertos y de asistencia sobre propiedad intelectual para las marcas digitales. Gestionamos todos los procesos arbitrarios en la recuperaci\u00f3n de nombres de dominio y mantenemos un contacto directo en nombre de nuestros clientes con los \u00f3rganos de gobierno y calidad URS y UDRP. <\/p>\n<p>Nuestros expertos asesores legales tienen un excelente historial en los procesos de recuperaci\u00f3n de nombres de dominio y como representantes de sus clients en todas las disputas de infracci\u00f3n.<\/p>\n<p>\u2022 Asesoramiento de expertos sobre procedimientos de litigio<\/p>\n<p>\u2022 Identificaci\u00f3n y defendensa de los contenidos digitales pirateados<\/p>\n<p>\u2022 B\u00fasqueda del propietario legal, investigaciones cibern\u00e9ticas e historia WHOIS<\/p>\n<p>\u2022 Asesor\u00eda legal en el cumplimiento digital de acuerdo con los organismos reguladores<\/p>\n<p>Nuestros asesores jur\u00eddicos experimentados desarrollan su estrategia de control para salvaguardar sus activos digitales de todas las formas de infrecci\u00f3n, violaci\u00f3n y abuso. Con nuestro experimentado equipo de especialistas, usted puede sentirse seguro sabiendo que su marca est\u00e1 representada legalmente por algunos de los mejores en el negocio.<\/p>\n","protected":false},"excerpt":{"rendered":"<p>Proporcionamos servicios de asesoramiento jur\u00eddico de expertos y de asistencia sobre propiedad intelectual para las marcas digitales. Gestionamos todos los procesos arbitrarios en la recuperaci\u00f3n de nombres de dominio y mantenemos un contacto directo en nombre de nuestros clientes con los \u00f3rganos de gobierno y calidad URS y UDRP. Nuestros expertos asesores legales tienen un &hellip; <a href=\"https:\/\/stg.dotnice.com\/es\/servicios\/consultoria-de-propiedad-intelectual-y-asistencia-legal\/\" class=\"more-link\">Continue reading <span class=\"screen-reader-text\">Consultor\u00eda de propiedad intelectual y asistencia legal<\/span><\/a><\/p>\n","protected":false},"author":6,"featured_media":0,"parent":2241,"menu_order":0,"comment_status":"closed","ping_status":"closed","template":"","meta":{"footnotes":""},"class_list":["post-2257","page","type-page","status-publish","hentry"],"yoast_head":"<!-- This site is optimized with the Yoast SEO plugin v27.4 - https:\/\/yoast.com\/product\/yoast-seo-wordpress\/ -->\n<title>Consultor\u00eda de propiedad intelectual y asistencia legal - dotNice<\/title>\n<meta name=\"robots\" content=\"noindex, follow, max-snippet:-1, max-image-preview:large, max-video-preview:-1\" \/>\n<meta property=\"og:locale\" content=\"es_ES\" \/>\n<meta property=\"og:type\" content=\"article\" \/>\n<meta property=\"og:title\" content=\"Consultor\u00eda de propiedad intelectual y asistencia legal - dotNice\" \/>\n<meta property=\"og:description\" content=\"Proporcionamos servicios de asesoramiento jur\u00eddico de expertos y de asistencia sobre propiedad intelectual para las marcas digitales. Gestionamos todos los procesos arbitrarios en la recuperaci\u00f3n de nombres de dominio y mantenemos un contacto directo en nombre de nuestros clientes con los \u00f3rganos de gobierno y calidad URS y UDRP. Nuestros expertos asesores legales tienen un &hellip; Continue reading Consultor\u00eda de propiedad intelectual y asistencia legal\" \/>\n<meta property=\"og:url\" content=\"https:\/\/stg.dotnice.com\/es\/servicios\/consultoria-de-propiedad-intelectual-y-asistencia-legal\/\" \/>\n<meta property=\"og:site_name\" content=\"dotNice\" \/>\n<meta property=\"article:modified_time\" content=\"2015-12-13T09:46:39+00:00\" \/>\n<meta name=\"twitter:card\" content=\"summary_large_image\" \/>\n<meta name=\"twitter:label1\" content=\"Est. reading time\" \/>\n\t<meta name=\"twitter:data1\" content=\"1 minute\" \/>\n<script type=\"application\/ld+json\" class=\"yoast-schema-graph\">{\"@context\":\"https:\\\/\\\/schema.org\",\"@graph\":[{\"@type\":\"WebPage\",\"@id\":\"https:\\\/\\\/stg.dotnice.com\\\/es\\\/servicios\\\/consultoria-de-propiedad-intelectual-y-asistencia-legal\\\/\",\"url\":\"https:\\\/\\\/stg.dotnice.com\\\/es\\\/servicios\\\/consultoria-de-propiedad-intelectual-y-asistencia-legal\\\/\",\"name\":\"Consultor\u00eda de propiedad intelectual y asistencia legal - dotNice\",\"isPartOf\":{\"@id\":\"https:\\\/\\\/stg.dotnice.com\\\/es\\\/#website\"},\"datePublished\":\"2015-02-25T12:16:46+00:00\",\"dateModified\":\"2015-12-13T09:46:39+00:00\",\"breadcrumb\":{\"@id\":\"https:\\\/\\\/stg.dotnice.com\\\/es\\\/servicios\\\/consultoria-de-propiedad-intelectual-y-asistencia-legal\\\/#breadcrumb\"},\"inLanguage\":\"es-ES\",\"potentialAction\":[{\"@type\":\"ReadAction\",\"target\":[\"https:\\\/\\\/stg.dotnice.com\\\/es\\\/servicios\\\/consultoria-de-propiedad-intelectual-y-asistencia-legal\\\/\"]}]},{\"@type\":\"BreadcrumbList\",\"@id\":\"https:\\\/\\\/stg.dotnice.com\\\/es\\\/servicios\\\/consultoria-de-propiedad-intelectual-y-asistencia-legal\\\/#breadcrumb\",\"itemListElement\":[{\"@type\":\"ListItem\",\"position\":1,\"name\":\"Home\",\"item\":\"https:\\\/\\\/www.dotnice.es\\\/\"},{\"@type\":\"ListItem\",\"position\":2,\"name\":\"Servicios\",\"item\":\"https:\\\/\\\/www.dotnice.es\\\/servicios\\\/\"},{\"@type\":\"ListItem\",\"position\":3,\"name\":\"Consultor\u00eda de propiedad intelectual y asistencia legal\"}]},{\"@type\":\"WebSite\",\"@id\":\"https:\\\/\\\/stg.dotnice.com\\\/es\\\/#website\",\"url\":\"https:\\\/\\\/stg.dotnice.com\\\/es\\\/\",\"name\":\"dotNice\",\"description\":\"digital brand protection\",\"potentialAction\":[{\"@type\":\"SearchAction\",\"target\":{\"@type\":\"EntryPoint\",\"urlTemplate\":\"https:\\\/\\\/stg.dotnice.com\\\/es\\\/?s=%7Bsearch_term_string%7D\"},\"query-input\":{\"@type\":\"PropertyValueSpecification\",\"valueRequired\":true,\"valueName\":\"search_term_string\"}}],\"inLanguage\":\"es-ES\"}]}<\/script>\n<!-- \/ Yoast SEO plugin. -->","yoast_head_json":{"title":"Consultor\u00eda de propiedad intelectual y asistencia legal - dotNice","robots":{"index":"noindex","follow":"follow","max-snippet":"max-snippet:-1","max-image-preview":"max-image-preview:large","max-video-preview":"max-video-preview:-1"},"og_locale":"es_ES","og_type":"article","og_title":"Consultor\u00eda de propiedad intelectual y asistencia legal - dotNice","og_description":"Proporcionamos servicios de asesoramiento jur\u00eddico de expertos y de asistencia sobre propiedad intelectual para las marcas digitales. Gestionamos todos los procesos arbitrarios en la recuperaci\u00f3n de nombres de dominio y mantenemos un contacto directo en nombre de nuestros clientes con los \u00f3rganos de gobierno y calidad URS y UDRP. Nuestros expertos asesores legales tienen un &hellip; Continue reading Consultor\u00eda de propiedad intelectual y asistencia legal","og_url":"https:\/\/stg.dotnice.com\/es\/servicios\/consultoria-de-propiedad-intelectual-y-asistencia-legal\/","og_site_name":"dotNice","article_modified_time":"2015-12-13T09:46:39+00:00","twitter_card":"summary_large_image","twitter_misc":{"Est. reading time":"1 minute"},"schema":{"@context":"https:\/\/schema.org","@graph":[{"@type":"WebPage","@id":"https:\/\/stg.dotnice.com\/es\/servicios\/consultoria-de-propiedad-intelectual-y-asistencia-legal\/","url":"https:\/\/stg.dotnice.com\/es\/servicios\/consultoria-de-propiedad-intelectual-y-asistencia-legal\/","name":"Consultor\u00eda de propiedad intelectual y asistencia legal - dotNice","isPartOf":{"@id":"https:\/\/stg.dotnice.com\/es\/#website"},"datePublished":"2015-02-25T12:16:46+00:00","dateModified":"2015-12-13T09:46:39+00:00","breadcrumb":{"@id":"https:\/\/stg.dotnice.com\/es\/servicios\/consultoria-de-propiedad-intelectual-y-asistencia-legal\/#breadcrumb"},"inLanguage":"es-ES","potentialAction":[{"@type":"ReadAction","target":["https:\/\/stg.dotnice.com\/es\/servicios\/consultoria-de-propiedad-intelectual-y-asistencia-legal\/"]}]},{"@type":"BreadcrumbList","@id":"https:\/\/stg.dotnice.com\/es\/servicios\/consultoria-de-propiedad-intelectual-y-asistencia-legal\/#breadcrumb","itemListElement":[{"@type":"ListItem","position":1,"name":"Home","item":"https:\/\/www.dotnice.es\/"},{"@type":"ListItem","position":2,"name":"Servicios","item":"https:\/\/www.dotnice.es\/servicios\/"},{"@type":"ListItem","position":3,"name":"Consultor\u00eda de propiedad intelectual y asistencia legal"}]},{"@type":"WebSite","@id":"https:\/\/stg.dotnice.com\/es\/#website","url":"https:\/\/stg.dotnice.com\/es\/","name":"dotNice","description":"digital brand protection","potentialAction":[{"@type":"SearchAction","target":{"@type":"EntryPoint","urlTemplate":"https:\/\/stg.dotnice.com\/es\/?s=%7Bsearch_term_string%7D"},"query-input":{"@type":"PropertyValueSpecification","valueRequired":true,"valueName":"search_term_string"}}],"inLanguage":"es-ES"}]}},"_links":{"self":[{"href":"https:\/\/stg.dotnice.com\/es\/wp-json\/wp\/v2\/pages\/2257","targetHints":{"allow":["GET"]}}],"collection":[{"href":"https:\/\/stg.dotnice.com\/es\/wp-json\/wp\/v2\/pages"}],"about":[{"href":"https:\/\/stg.dotnice.com\/es\/wp-json\/wp\/v2\/types\/page"}],"author":[{"embeddable":true,"href":"https:\/\/stg.dotnice.com\/es\/wp-json\/wp\/v2\/users\/6"}],"replies":[{"embeddable":true,"href":"https:\/\/stg.dotnice.com\/es\/wp-json\/wp\/v2\/comments?post=2257"}],"version-history":[{"count":0,"href":"https:\/\/stg.dotnice.com\/es\/wp-json\/wp\/v2\/pages\/2257\/revisions"}],"up":[{"embeddable":true,"href":"https:\/\/stg.dotnice.com\/es\/wp-json\/wp\/v2\/pages\/2241"}],"wp:attachment":[{"href":"https:\/\/stg.dotnice.com\/es\/wp-json\/wp\/v2\/media?parent=2257"}],"curies":[{"name":"wp","href":"https:\/\/api.w.org\/{rel}","templated":true}]}}