{"id":2256,"date":"2015-02-25T12:06:55","date_gmt":"2015-02-25T12:06:55","guid":{"rendered":"http:\/\/www.dotnice.com\/?page_id=2256"},"modified":"2015-12-13T09:46:44","modified_gmt":"2015-12-13T09:46:44","slug":"gestion-de-cartera-de-nombres-de-dominio","status":"publish","type":"page","link":"https:\/\/stg.dotnice.com\/es\/servicios\/gestion-de-cartera-de-nombres-de-dominio\/","title":{"rendered":"Gesti\u00f3n de cartera de nombres de dominio"},"content":{"rendered":"<p>Identificamos, desarrollamos y entregamos una estrategia de nombres de dominio a medida. Protegemos de manera activa su cartera de nombres de dominio de la amenaza de peligros como el cybersquatting, fortalecemos la visibilidad de su marca tanto en los mercados actuales como en los potenciales y reforzamos su huella digital.<br \/>\nNuestros experimentados especialistas ofrecen servicios de gesti\u00f3n de cuentas de primera clase a nuestros clientes, utilizando la m\u00e1s avanzada tecnolog\u00eda l\u00edder en la industria. Nuestras estrategias adaptadas garantizan la visibilidad de su marca y su presencia en el espacio digital. dotNice proporciona las soluciones necesarias para asegurar que sus marcas permanecen protegidas.<br \/>\nNuestro servicio de gesti\u00f3n de cartera de nombres de dominio incluye:<\/p>\n<p>\u2022 Servicios de gesti\u00f3n de cuentas de todos los registros de dominio, adquisiciones, renovaciones y corretaje.<br \/>\n\u2022 Asesor\u00eda de expertos sobre los nombres de dominio existentes, incluyendo auditor\u00eda de dominio, an\u00e1lisis y optimizaci\u00f3n.<br \/>\n\u2022 Estrategia adaptada de la cartera de nombres de dominio sobre gTLD, ccTLD e IDN.<br \/>\n\u2022 Supervisi\u00f3n del dominio y del servidor de nombres incluyendo la instalaci\u00f3n de alertas de uso no autorizado o de la expiraci\u00f3n de los nombres de dominio.<br \/>\n\u2022 Trademark Clearinghouse an\u00e1lisis y correspondencia.<br \/>\n\u2022 Investigaci\u00f3n integral &#038; reportaje comprensivo de la historia whois.<br \/>\n\u2022 Soluciones avaladas para TLD restringidos.<br \/>\n\u2022 Gesti\u00f3n completa de la infraestructura DNS y la defensa contra los ataques DDoS.<br \/>\n\u2022 Disponibilidad 24\/7 DNS garantizando 100% el tiempo de actividad SLA (Service Level Agreement).<br \/>\n\u2022 Protecci\u00f3n integral contra la falsificaci\u00f3n de DNS (DNSSEC).<\/p>\n<p> Con dotNice, monitorizamos y protegemos su cartera de nombres de dominio, ahorr\u00e1ndole tiempo, dinero y recursos. Desarrollamos y protegemos su cartera de activos digitales de la competencia, mientras que establecemos y expandimos la presencia online de su marca.<\/p>\n","protected":false},"excerpt":{"rendered":"<p>Identificamos, desarrollamos y entregamos una estrategia de nombres de dominio a medida. Protegemos de manera activa su cartera de nombres de dominio de la amenaza de peligros como el cybersquatting, fortalecemos la visibilidad de su marca tanto en los mercados actuales como en los potenciales y reforzamos su huella digital. Nuestros experimentados especialistas ofrecen servicios &hellip; <a href=\"https:\/\/stg.dotnice.com\/es\/servicios\/gestion-de-cartera-de-nombres-de-dominio\/\" class=\"more-link\">Continue reading <span class=\"screen-reader-text\">Gesti\u00f3n de cartera de nombres de dominio<\/span><\/a><\/p>\n","protected":false},"author":6,"featured_media":0,"parent":2241,"menu_order":0,"comment_status":"closed","ping_status":"closed","template":"","meta":{"footnotes":""},"class_list":["post-2256","page","type-page","status-publish","hentry"],"yoast_head":"<!-- This site is optimized with the Yoast SEO plugin v27.4 - https:\/\/yoast.com\/product\/yoast-seo-wordpress\/ -->\n<title>Gesti\u00f3n de cartera de nombres de dominio - dotNice<\/title>\n<meta name=\"robots\" content=\"noindex, follow, max-snippet:-1, max-image-preview:large, max-video-preview:-1\" \/>\n<meta property=\"og:locale\" content=\"es_ES\" \/>\n<meta property=\"og:type\" content=\"article\" \/>\n<meta property=\"og:title\" content=\"Gesti\u00f3n de cartera de nombres de dominio - dotNice\" \/>\n<meta property=\"og:description\" content=\"Identificamos, desarrollamos y entregamos una estrategia de nombres de dominio a medida. Protegemos de manera activa su cartera de nombres de dominio de la amenaza de peligros como el cybersquatting, fortalecemos la visibilidad de su marca tanto en los mercados actuales como en los potenciales y reforzamos su huella digital. Nuestros experimentados especialistas ofrecen servicios &hellip; Continue reading Gesti\u00f3n de cartera de nombres de dominio\" \/>\n<meta property=\"og:url\" content=\"https:\/\/stg.dotnice.com\/es\/servicios\/gestion-de-cartera-de-nombres-de-dominio\/\" \/>\n<meta property=\"og:site_name\" content=\"dotNice\" \/>\n<meta property=\"article:modified_time\" content=\"2015-12-13T09:46:44+00:00\" \/>\n<meta name=\"twitter:card\" content=\"summary_large_image\" \/>\n<meta name=\"twitter:label1\" content=\"Est. reading time\" \/>\n\t<meta name=\"twitter:data1\" content=\"1 minute\" \/>\n<script type=\"application\/ld+json\" class=\"yoast-schema-graph\">{\"@context\":\"https:\\\/\\\/schema.org\",\"@graph\":[{\"@type\":\"WebPage\",\"@id\":\"https:\\\/\\\/stg.dotnice.com\\\/es\\\/servicios\\\/gestion-de-cartera-de-nombres-de-dominio\\\/\",\"url\":\"https:\\\/\\\/stg.dotnice.com\\\/es\\\/servicios\\\/gestion-de-cartera-de-nombres-de-dominio\\\/\",\"name\":\"Gesti\u00f3n de cartera de nombres de dominio - dotNice\",\"isPartOf\":{\"@id\":\"https:\\\/\\\/stg.dotnice.com\\\/es\\\/#website\"},\"datePublished\":\"2015-02-25T12:06:55+00:00\",\"dateModified\":\"2015-12-13T09:46:44+00:00\",\"breadcrumb\":{\"@id\":\"https:\\\/\\\/stg.dotnice.com\\\/es\\\/servicios\\\/gestion-de-cartera-de-nombres-de-dominio\\\/#breadcrumb\"},\"inLanguage\":\"es-ES\",\"potentialAction\":[{\"@type\":\"ReadAction\",\"target\":[\"https:\\\/\\\/stg.dotnice.com\\\/es\\\/servicios\\\/gestion-de-cartera-de-nombres-de-dominio\\\/\"]}]},{\"@type\":\"BreadcrumbList\",\"@id\":\"https:\\\/\\\/stg.dotnice.com\\\/es\\\/servicios\\\/gestion-de-cartera-de-nombres-de-dominio\\\/#breadcrumb\",\"itemListElement\":[{\"@type\":\"ListItem\",\"position\":1,\"name\":\"Home\",\"item\":\"https:\\\/\\\/www.dotnice.es\\\/\"},{\"@type\":\"ListItem\",\"position\":2,\"name\":\"Servicios\",\"item\":\"https:\\\/\\\/www.dotnice.es\\\/servicios\\\/\"},{\"@type\":\"ListItem\",\"position\":3,\"name\":\"Gesti\u00f3n de cartera de nombres de dominio\"}]},{\"@type\":\"WebSite\",\"@id\":\"https:\\\/\\\/stg.dotnice.com\\\/es\\\/#website\",\"url\":\"https:\\\/\\\/stg.dotnice.com\\\/es\\\/\",\"name\":\"dotNice\",\"description\":\"digital brand protection\",\"potentialAction\":[{\"@type\":\"SearchAction\",\"target\":{\"@type\":\"EntryPoint\",\"urlTemplate\":\"https:\\\/\\\/stg.dotnice.com\\\/es\\\/?s=%7Bsearch_term_string%7D\"},\"query-input\":{\"@type\":\"PropertyValueSpecification\",\"valueRequired\":true,\"valueName\":\"search_term_string\"}}],\"inLanguage\":\"es-ES\"}]}<\/script>\n<!-- \/ Yoast SEO plugin. -->","yoast_head_json":{"title":"Gesti\u00f3n de cartera de nombres de dominio - dotNice","robots":{"index":"noindex","follow":"follow","max-snippet":"max-snippet:-1","max-image-preview":"max-image-preview:large","max-video-preview":"max-video-preview:-1"},"og_locale":"es_ES","og_type":"article","og_title":"Gesti\u00f3n de cartera de nombres de dominio - dotNice","og_description":"Identificamos, desarrollamos y entregamos una estrategia de nombres de dominio a medida. Protegemos de manera activa su cartera de nombres de dominio de la amenaza de peligros como el cybersquatting, fortalecemos la visibilidad de su marca tanto en los mercados actuales como en los potenciales y reforzamos su huella digital. Nuestros experimentados especialistas ofrecen servicios &hellip; Continue reading Gesti\u00f3n de cartera de nombres de dominio","og_url":"https:\/\/stg.dotnice.com\/es\/servicios\/gestion-de-cartera-de-nombres-de-dominio\/","og_site_name":"dotNice","article_modified_time":"2015-12-13T09:46:44+00:00","twitter_card":"summary_large_image","twitter_misc":{"Est. reading time":"1 minute"},"schema":{"@context":"https:\/\/schema.org","@graph":[{"@type":"WebPage","@id":"https:\/\/stg.dotnice.com\/es\/servicios\/gestion-de-cartera-de-nombres-de-dominio\/","url":"https:\/\/stg.dotnice.com\/es\/servicios\/gestion-de-cartera-de-nombres-de-dominio\/","name":"Gesti\u00f3n de cartera de nombres de dominio - dotNice","isPartOf":{"@id":"https:\/\/stg.dotnice.com\/es\/#website"},"datePublished":"2015-02-25T12:06:55+00:00","dateModified":"2015-12-13T09:46:44+00:00","breadcrumb":{"@id":"https:\/\/stg.dotnice.com\/es\/servicios\/gestion-de-cartera-de-nombres-de-dominio\/#breadcrumb"},"inLanguage":"es-ES","potentialAction":[{"@type":"ReadAction","target":["https:\/\/stg.dotnice.com\/es\/servicios\/gestion-de-cartera-de-nombres-de-dominio\/"]}]},{"@type":"BreadcrumbList","@id":"https:\/\/stg.dotnice.com\/es\/servicios\/gestion-de-cartera-de-nombres-de-dominio\/#breadcrumb","itemListElement":[{"@type":"ListItem","position":1,"name":"Home","item":"https:\/\/www.dotnice.es\/"},{"@type":"ListItem","position":2,"name":"Servicios","item":"https:\/\/www.dotnice.es\/servicios\/"},{"@type":"ListItem","position":3,"name":"Gesti\u00f3n de cartera de nombres de dominio"}]},{"@type":"WebSite","@id":"https:\/\/stg.dotnice.com\/es\/#website","url":"https:\/\/stg.dotnice.com\/es\/","name":"dotNice","description":"digital brand protection","potentialAction":[{"@type":"SearchAction","target":{"@type":"EntryPoint","urlTemplate":"https:\/\/stg.dotnice.com\/es\/?s=%7Bsearch_term_string%7D"},"query-input":{"@type":"PropertyValueSpecification","valueRequired":true,"valueName":"search_term_string"}}],"inLanguage":"es-ES"}]}},"_links":{"self":[{"href":"https:\/\/stg.dotnice.com\/es\/wp-json\/wp\/v2\/pages\/2256","targetHints":{"allow":["GET"]}}],"collection":[{"href":"https:\/\/stg.dotnice.com\/es\/wp-json\/wp\/v2\/pages"}],"about":[{"href":"https:\/\/stg.dotnice.com\/es\/wp-json\/wp\/v2\/types\/page"}],"author":[{"embeddable":true,"href":"https:\/\/stg.dotnice.com\/es\/wp-json\/wp\/v2\/users\/6"}],"replies":[{"embeddable":true,"href":"https:\/\/stg.dotnice.com\/es\/wp-json\/wp\/v2\/comments?post=2256"}],"version-history":[{"count":0,"href":"https:\/\/stg.dotnice.com\/es\/wp-json\/wp\/v2\/pages\/2256\/revisions"}],"up":[{"embeddable":true,"href":"https:\/\/stg.dotnice.com\/es\/wp-json\/wp\/v2\/pages\/2241"}],"wp:attachment":[{"href":"https:\/\/stg.dotnice.com\/es\/wp-json\/wp\/v2\/media?parent=2256"}],"curies":[{"name":"wp","href":"https:\/\/api.w.org\/{rel}","templated":true}]}}