{"id":2255,"date":"2015-03-02T19:17:37","date_gmt":"2015-03-02T19:17:37","guid":{"rendered":"http:\/\/www.dotnice.com\/?page_id=2255"},"modified":"2015-12-13T09:44:59","modified_gmt":"2015-12-13T09:44:59","slug":"preguntas-mas-frecuentes","status":"publish","type":"page","link":"https:\/\/stg.dotnice.com\/es\/banco-de-conocimiento\/preguntas-mas-frecuentes\/","title":{"rendered":"Preguntas m\u00e1s frecuentes"},"content":{"rendered":"<p>\u00bfQu\u00e9 es la protecci\u00f3n de la marca digital?<\/p>\n<p>La protecci\u00f3n de la marca digital implica defender proactivamente su marca en el espacio digital a trav\u00e9s de la creaci\u00f3n de una estrategia de protecci\u00f3n s\u00f3lida para prevenir posibles ataques difamatorios, el uso ilegal de la marca y  violaciones de propiedad intelectual por medio de un seguimiento continuo de todos los datos que circulan por internet.<br \/>\nLas estrategias digitales de protecci\u00f3n de la marca implican la gesti\u00f3n de sus nombres de dominio a trav\u00e9s de la inscripci\u00f3n, la recuperaci\u00f3n y la adquisici\u00f3n de nuevos nombres de dominio para reforzar la identidad de la marca y la visivilidad online evitando as\u00ed costosos litigios, a trav\u00e9s de la aplicaci\u00f3n y el refuerzo de los derechos de la marca digital.<\/p>\n<p>\u00bfPor qu\u00e9 es necesaria la protecci\u00f3n de marca digital?<\/p>\n<p>La implementaci\u00f3n de una estrategia de la marca digital, ayuda a salvaguardar su marca de varios abusos online de cybersquatting\/domain-squatting, infracci\u00f3n de la marca, marca-jacking, typo squatting, desv\u00edos de tr\u00e1fico web, difamaci\u00f3n ilegal en varios canales digitales y otras actividades fraudulentas no autorizadas online. Estos casos de delitos cibern\u00e9ticos roban en \u00faltima instancia, activos de su cuenta de resultados. A medida que la amenaza evoluciona, es un deber implementar su estrategia de protecci\u00f3n de la marca. La protecci\u00f3n de la marca digital aumenta el alcance mundial de sus marcas mediante la protecci\u00f3n de su valor y la optimizaci\u00f3n de su posicionamiento en el mercado global.<\/p>\n<p>\u00bfQui\u00e9n necesita protecci\u00f3n digital de la marca?<\/p>\n<p>Todas las empresas, PYMES y marcas globales, que operan en el espacio digital requieren una efectiva estrategia de marca digital. Salvaguardar sus activos digitales (nombres de dominio, los canales digitales y redes sociales, identidad online, p\u00e1gina web) son esenciales para el \u00e9xito de una organizaci\u00f3n en el actual mundo digitalizado.<\/p>\n<p>\u00bfPuede dotNice desarrollar una estrategia digital de protecci\u00f3n de marca para mi negocio?<\/p>\n<p>S\u00ed. dotNice proporciona una gama completa de servicios de protecci\u00f3n digital de la marca. Ofrecemos servicios de administraci\u00f3n de cuentas y asesor\u00eda a nuestros clientes en la protecci\u00f3n de sus activos digitales.<\/p>\n<p>\u00bfQu\u00e9 es la gesti\u00f3n de cartera de nombres de dominio?<\/p>\n<p>La gesti\u00f3n de cartera de nombres de dominio de una empresa, implica asegurar de forma proactiva, el desarrollo y la optimizaci\u00f3n de la misma, incluyendo el registro, recuperaci\u00f3n, transferencia, adquisici\u00f3n y corretaje de nombres de dominio a nivel mundial.<br \/>\nLa gesti\u00f3n de cartera de nombres de dominio requiere an\u00e1lisis continuo y gesti\u00f3n de cuentas para garantizar que los activos digitales de una marca est\u00e1n protegidos y salvaguardados.<\/p>\n<p>\u00bfQu\u00e9 es ICANN?<\/p>\n<p>ICANN (Internet Corporation of Assigned Names and Numbers), es el \u00f3rgano de gobierno que regula la asignaci\u00f3n de nombres de dominio a trav\u00e9s de internet. ICANN es el organismo regulador que ha presentado el nuevo programa de gTLD.<\/p>\n<p>\u00bfQu\u00e9 son los dominios gen\u00e9ricos de nivel superior (gTLD)?<\/p>\n<p>El 12 de enero de 2012, ICANN public\u00f3 una serie de nuevos dominios de nivel superior. Antes de esta fecha un peque\u00f1o n\u00famero de dominios de nivel exist\u00edan en Internet (.com , .org , .net). Un dominio gen\u00e9rico de nivel superior es la extensi\u00f3n al final de un nombre de dominio.<\/p>\n<p>\u00bfCu\u00e1nto cuestan los gTLD?<\/p>\n<p>El precio de un gTLD particular, var\u00eda de acuerdo con el precio fijado por el registro en cuesti\u00f3n.<\/p>\n<p>\u00bfQu\u00e9 son los ccTLD?<\/p>\n<p>C\u00f3digos de pa\u00eds de dominios de nivel superior de Internet. Se publican de acuerdo a un determinado pa\u00eds o territorio geogr\u00e1fico. Los ejemplos incluyen .ie (Irlanda), .uk (Reino Unido) o .au (Australia)<\/p>\n<p>\u00bfQu\u00e9 son los IDN?<\/p>\n<p>Los nombres de dominio internacionalizados (IDN) son nombres de dominio de Internet que se presentan en un alfabeto nativo en particular o secuencia de comandos espec\u00edficos del lenguaje. Los ejemplos incluyen chino, hebreo o \u00e1rabe.<\/p>\n<p>\u00bfQu\u00e9 medidas debe tomar mi negocio para beneficiarse m\u00e1s del nuevo programa de gTLD?<\/p>\n<p>Para optimizar su portfolio de nombre de dominio de su marca, dotNice le recomienda tomar las siguientes medidas:<br \/>\na. Listar y registrar todas las marcas con Trademark Clearinghouse.<br \/>\nb. Evaluar todos los registros \/ solicitudes de gTLD.<br \/>\nc. Revisar y analizar su portfolio de nombres de dominio existente. Confirme que su empresa cumple con todas las pol\u00edticas de nombres de dominio correspondientes establecidos por los organismos reguladores.<br \/>\nd. Analizar y desarrollar su estrategia de registro defensivo.<br \/>\ne. Perseguir los casos de infracci\u00f3n, con la URS y la UDRP.<\/p>\n<p>\u00bfCu\u00e1l deber\u00eda ser mi estrategia de registro defensivo?<\/p>\n<p>La protecci\u00f3n de sus marcas comerciales es crucial para el \u00e9xito de su negocio. Con la introducci\u00f3n de ICANN de miles de nuevos gTLD, es muy recomendable que usted desarrolle una estrategia espec\u00edfica de su cartera de nombres de dominio. Registrar nuevos nombres de dominio es una manera rentable para defenderse de posibles futuros cyber-squatters o domain-squatters que hacen dinero con su marca, y asegurarse as\u00ed de que sus marcas est\u00e1n totalmente protegidas.<\/p>\n<p>\u00bfPuede dotNice registrar mi marca en todos los nuevos gTLD?<\/p>\n<p>Si. dotNice ofrece todos los servicios de registro a trav\u00e9s de todos los registros internacionales de gTLD.<\/p>\n<p>\u00bfQu\u00e9 es Trademark Clearinghouse?<\/p>\n<p>Trademark Clearinghouse (TMCH) es una base de datos centralizada de las marcas autorizadas que permite su propia protecci\u00f3n por parte de los titulares. Durante el per\u00edodo Sunrise, los titulares de marcas o particulares pueden registrar sus marcas como nombres de dominio. Las alertas se env\u00edan a los propietarios de derechos cada vez que una replica del nombre de dominio es registrada. TMCH se centra en la protecci\u00f3n de la propiedad intelectual de los titulares de las marcas.<\/p>\n<p>\u00bfPuede dotNice gestionar todos mis nombres de dominio en Trademark Clearinghouse?<\/p>\n<p>S\u00ed. dotNice proporciona una gesti\u00f3n integral de todos los procesos de Trademark Clearinghouse.<\/p>\n<p>\u00bfPor qu\u00e9 mi empresa debe considerar la presentaci\u00f3n de Marcas en TMCH?<\/p>\n<p>Al registrar su marca comercial con Trademark Clearinghouse, recibir\u00e1 alertas y notificaciones cada vez que un dominio, que ya est\u00e1 conectado a una marca, sea registrado. Esto permite a los propietarios de marcas controlar sus marcas de cerca y prevenir la posible infracci\u00f3n de su marca registrada.<\/p>\n<p>\u00bfQu\u00e9 es la Suspensi\u00f3n R\u00e1pida Uniforme (URS &#8211; Uniform Rapid Suspension)?<\/p>\n<p>La Suspensi\u00f3n R\u00e1pida Uniforme proporciona apoyo racionalizado a los propietarios de marcas registradas en los casos de violaci\u00f3n de marca registrada por la suspensi\u00f3n de un nombre de dominio en particular. En circunstancias en que la infracci\u00f3n no es ambigua, URS proporciona un servicio eficiente y rentable. En los casos de abuso de marca cuando la infracci\u00f3n es ambigua, los propietarios de marcas deben presentar una disputa con los nombres de dominio con la Pol\u00edtica Uniforme de Soluci\u00f3n de Controversias de Nombres de Dominio (UDRP &#8211; Uniform Domain Names Dispute Resolution Policy).<\/p>\n<p>\u00bfQue es el procedimiento de resolucion PDDRP (Post-Delegation Dispute Resolution Procedure)?<\/p>\n<p>El Procedimiento de Resoluci\u00f3n PDDRP protege a los propietarios de derechos y propietarios de marcas contra la conducta fraudulenta de un operador de registro. Sirve como una plataforma para la presentaci\u00f3n de denuncias contra varios registros.<\/p>\n<p>\u00bfProporciona dotNice cualquier ayuda con respecto a violaci\u00f3nes contra los abusos de gTLD?<\/p>\n<p>S\u00ed. dotNice ofrece todos los servicios requeridos en la protecci\u00f3n contra la infracci\u00f3n de marcas y nombres de dominio, violaci\u00f3n o abuso.<\/p>\n","protected":false},"excerpt":{"rendered":"<p>\u00bfQu\u00e9 es la protecci\u00f3n de la marca digital? La protecci\u00f3n de la marca digital implica defender proactivamente su marca en el espacio digital a trav\u00e9s de la creaci\u00f3n de una estrategia de protecci\u00f3n s\u00f3lida para prevenir posibles ataques difamatorios, el uso ilegal de la marca y violaciones de propiedad intelectual por medio de un seguimiento &hellip; <a href=\"https:\/\/stg.dotnice.com\/es\/banco-de-conocimiento\/preguntas-mas-frecuentes\/\" class=\"more-link\">Continue reading <span class=\"screen-reader-text\">Preguntas m\u00e1s frecuentes<\/span><\/a><\/p>\n","protected":false},"author":6,"featured_media":0,"parent":2254,"menu_order":0,"comment_status":"closed","ping_status":"closed","template":"","meta":{"footnotes":""},"class_list":["post-2255","page","type-page","status-publish","hentry"],"yoast_head":"<!-- This site is optimized with the Yoast SEO plugin v27.4 - https:\/\/yoast.com\/product\/yoast-seo-wordpress\/ -->\n<title>Preguntas m\u00e1s frecuentes - dotNice<\/title>\n<meta name=\"robots\" content=\"noindex, follow, max-snippet:-1, max-image-preview:large, max-video-preview:-1\" \/>\n<meta property=\"og:locale\" content=\"es_ES\" \/>\n<meta property=\"og:type\" content=\"article\" \/>\n<meta property=\"og:title\" content=\"Preguntas m\u00e1s frecuentes - dotNice\" \/>\n<meta property=\"og:description\" content=\"\u00bfQu\u00e9 es la protecci\u00f3n de la marca digital? La protecci\u00f3n de la marca digital implica defender proactivamente su marca en el espacio digital a trav\u00e9s de la creaci\u00f3n de una estrategia de protecci\u00f3n s\u00f3lida para prevenir posibles ataques difamatorios, el uso ilegal de la marca y violaciones de propiedad intelectual por medio de un seguimiento &hellip; Continue reading Preguntas m\u00e1s frecuentes\" \/>\n<meta property=\"og:url\" content=\"https:\/\/stg.dotnice.com\/es\/banco-de-conocimiento\/preguntas-mas-frecuentes\/\" \/>\n<meta property=\"og:site_name\" content=\"dotNice\" \/>\n<meta property=\"article:modified_time\" content=\"2015-12-13T09:44:59+00:00\" \/>\n<meta name=\"twitter:card\" content=\"summary_large_image\" \/>\n<meta name=\"twitter:label1\" content=\"Est. reading time\" \/>\n\t<meta name=\"twitter:data1\" content=\"6 minutes\" \/>\n<script type=\"application\/ld+json\" class=\"yoast-schema-graph\">{\"@context\":\"https:\\\/\\\/schema.org\",\"@graph\":[{\"@type\":\"WebPage\",\"@id\":\"https:\\\/\\\/stg.dotnice.com\\\/es\\\/banco-de-conocimiento\\\/preguntas-mas-frecuentes\\\/\",\"url\":\"https:\\\/\\\/stg.dotnice.com\\\/es\\\/banco-de-conocimiento\\\/preguntas-mas-frecuentes\\\/\",\"name\":\"Preguntas m\u00e1s frecuentes - dotNice\",\"isPartOf\":{\"@id\":\"https:\\\/\\\/stg.dotnice.com\\\/es\\\/#website\"},\"datePublished\":\"2015-03-02T19:17:37+00:00\",\"dateModified\":\"2015-12-13T09:44:59+00:00\",\"breadcrumb\":{\"@id\":\"https:\\\/\\\/stg.dotnice.com\\\/es\\\/banco-de-conocimiento\\\/preguntas-mas-frecuentes\\\/#breadcrumb\"},\"inLanguage\":\"es-ES\",\"potentialAction\":[{\"@type\":\"ReadAction\",\"target\":[\"https:\\\/\\\/stg.dotnice.com\\\/es\\\/banco-de-conocimiento\\\/preguntas-mas-frecuentes\\\/\"]}]},{\"@type\":\"BreadcrumbList\",\"@id\":\"https:\\\/\\\/stg.dotnice.com\\\/es\\\/banco-de-conocimiento\\\/preguntas-mas-frecuentes\\\/#breadcrumb\",\"itemListElement\":[{\"@type\":\"ListItem\",\"position\":1,\"name\":\"Home\",\"item\":\"https:\\\/\\\/www.dotnice.es\\\/\"},{\"@type\":\"ListItem\",\"position\":2,\"name\":\"Banco de conocimientos\",\"item\":\"https:\\\/\\\/www.dotnice.es\\\/banco-de-conocimiento\\\/\"},{\"@type\":\"ListItem\",\"position\":3,\"name\":\"Preguntas m\u00e1s frecuentes\"}]},{\"@type\":\"WebSite\",\"@id\":\"https:\\\/\\\/stg.dotnice.com\\\/es\\\/#website\",\"url\":\"https:\\\/\\\/stg.dotnice.com\\\/es\\\/\",\"name\":\"dotNice\",\"description\":\"digital brand protection\",\"potentialAction\":[{\"@type\":\"SearchAction\",\"target\":{\"@type\":\"EntryPoint\",\"urlTemplate\":\"https:\\\/\\\/stg.dotnice.com\\\/es\\\/?s=%7Bsearch_term_string%7D\"},\"query-input\":{\"@type\":\"PropertyValueSpecification\",\"valueRequired\":true,\"valueName\":\"search_term_string\"}}],\"inLanguage\":\"es-ES\"}]}<\/script>\n<!-- \/ Yoast SEO plugin. -->","yoast_head_json":{"title":"Preguntas m\u00e1s frecuentes - dotNice","robots":{"index":"noindex","follow":"follow","max-snippet":"max-snippet:-1","max-image-preview":"max-image-preview:large","max-video-preview":"max-video-preview:-1"},"og_locale":"es_ES","og_type":"article","og_title":"Preguntas m\u00e1s frecuentes - dotNice","og_description":"\u00bfQu\u00e9 es la protecci\u00f3n de la marca digital? La protecci\u00f3n de la marca digital implica defender proactivamente su marca en el espacio digital a trav\u00e9s de la creaci\u00f3n de una estrategia de protecci\u00f3n s\u00f3lida para prevenir posibles ataques difamatorios, el uso ilegal de la marca y violaciones de propiedad intelectual por medio de un seguimiento &hellip; Continue reading Preguntas m\u00e1s frecuentes","og_url":"https:\/\/stg.dotnice.com\/es\/banco-de-conocimiento\/preguntas-mas-frecuentes\/","og_site_name":"dotNice","article_modified_time":"2015-12-13T09:44:59+00:00","twitter_card":"summary_large_image","twitter_misc":{"Est. reading time":"6 minutes"},"schema":{"@context":"https:\/\/schema.org","@graph":[{"@type":"WebPage","@id":"https:\/\/stg.dotnice.com\/es\/banco-de-conocimiento\/preguntas-mas-frecuentes\/","url":"https:\/\/stg.dotnice.com\/es\/banco-de-conocimiento\/preguntas-mas-frecuentes\/","name":"Preguntas m\u00e1s frecuentes - dotNice","isPartOf":{"@id":"https:\/\/stg.dotnice.com\/es\/#website"},"datePublished":"2015-03-02T19:17:37+00:00","dateModified":"2015-12-13T09:44:59+00:00","breadcrumb":{"@id":"https:\/\/stg.dotnice.com\/es\/banco-de-conocimiento\/preguntas-mas-frecuentes\/#breadcrumb"},"inLanguage":"es-ES","potentialAction":[{"@type":"ReadAction","target":["https:\/\/stg.dotnice.com\/es\/banco-de-conocimiento\/preguntas-mas-frecuentes\/"]}]},{"@type":"BreadcrumbList","@id":"https:\/\/stg.dotnice.com\/es\/banco-de-conocimiento\/preguntas-mas-frecuentes\/#breadcrumb","itemListElement":[{"@type":"ListItem","position":1,"name":"Home","item":"https:\/\/www.dotnice.es\/"},{"@type":"ListItem","position":2,"name":"Banco de conocimientos","item":"https:\/\/www.dotnice.es\/banco-de-conocimiento\/"},{"@type":"ListItem","position":3,"name":"Preguntas m\u00e1s frecuentes"}]},{"@type":"WebSite","@id":"https:\/\/stg.dotnice.com\/es\/#website","url":"https:\/\/stg.dotnice.com\/es\/","name":"dotNice","description":"digital brand protection","potentialAction":[{"@type":"SearchAction","target":{"@type":"EntryPoint","urlTemplate":"https:\/\/stg.dotnice.com\/es\/?s=%7Bsearch_term_string%7D"},"query-input":{"@type":"PropertyValueSpecification","valueRequired":true,"valueName":"search_term_string"}}],"inLanguage":"es-ES"}]}},"_links":{"self":[{"href":"https:\/\/stg.dotnice.com\/es\/wp-json\/wp\/v2\/pages\/2255","targetHints":{"allow":["GET"]}}],"collection":[{"href":"https:\/\/stg.dotnice.com\/es\/wp-json\/wp\/v2\/pages"}],"about":[{"href":"https:\/\/stg.dotnice.com\/es\/wp-json\/wp\/v2\/types\/page"}],"author":[{"embeddable":true,"href":"https:\/\/stg.dotnice.com\/es\/wp-json\/wp\/v2\/users\/6"}],"replies":[{"embeddable":true,"href":"https:\/\/stg.dotnice.com\/es\/wp-json\/wp\/v2\/comments?post=2255"}],"version-history":[{"count":0,"href":"https:\/\/stg.dotnice.com\/es\/wp-json\/wp\/v2\/pages\/2255\/revisions"}],"up":[{"embeddable":true,"href":"https:\/\/stg.dotnice.com\/es\/wp-json\/wp\/v2\/pages\/2254"}],"wp:attachment":[{"href":"https:\/\/stg.dotnice.com\/es\/wp-json\/wp\/v2\/media?parent=2255"}],"curies":[{"name":"wp","href":"https:\/\/api.w.org\/{rel}","templated":true}]}}