{"id":2239,"date":"2015-02-25T12:10:11","date_gmt":"2015-02-25T12:10:11","guid":{"rendered":"http:\/\/www.dotnice.com\/?page_id=2239"},"modified":"2015-12-13T09:46:35","modified_gmt":"2015-12-13T09:46:35","slug":"aplicacion-y-refuerzo-de-los-derechos-de-la-marca-digital","status":"publish","type":"page","link":"https:\/\/stg.dotnice.com\/es\/servicios\/aplicacion-y-refuerzo-de-los-derechos-de-la-marca-digital\/","title":{"rendered":"Aplicaci\u00f3n y refuerzo de los derechos de la marca digital"},"content":{"rendered":"<p>Proporcionamos consultor\u00eda especialista en propiedad intelectual sobre c\u00f3mo proteger sus activos digitales de todos los casos de abuso online y representamos clientes en las disputas de incumplimiento arbitrario.<\/p>\n<p>\u2022 Monitorizaci\u00f3n de la marca &#038; detecci\u00f3n &#8211; Monitorizamos en tiempo real a trav\u00e9s de todas las plataformas digitales. Exploramos infracciones de marca a trav\u00e9s de una variedad de canales digitales; web, aplicaciones m\u00f3viles, redes peer to peer y redes sociales.<\/p>\n<p>\u2022 Domain Backorder &#8211; Recuperaci\u00f3n de nombres de dominio eliminados o caducados.<\/p>\n<p>\u2022 Experta gesti\u00f3n IP de procedimientos judiciales arbitrarios en la recuperaci\u00f3n de nombres de dominio. Gestionamos toda la administraci\u00f3n necesaria cuando representamos a nuestros clientes de acuerdo con la Pol\u00edtica Uniforme de Soluci\u00f3n de Nombres de Dominio (UDRP), Procedimiento Uniforme de Suspensi\u00f3n R\u00e1pida (URS) y la Resoluci\u00f3n Alternativa de Disputas (ADR).<\/p>\n<p>Nuestros expertos asesores legales presentan todas las disputas en nombre de nuestros clientes y gestionan el proceso de quejas de una manera eficaz y rentable, protegiendo su marca de todos los casos de infracci\u00f3n online. Nuestros servicios refuerzan la presencia de sus marcas online y en \u00faltima instancia, aseguran sus activos digitales legalmente.<\/p>\n","protected":false},"excerpt":{"rendered":"<p>Proporcionamos consultor\u00eda especialista en propiedad intelectual sobre c\u00f3mo proteger sus activos digitales de todos los casos de abuso online y representamos clientes en las disputas de incumplimiento arbitrario. \u2022 Monitorizaci\u00f3n de la marca &#038; detecci\u00f3n &#8211; Monitorizamos en tiempo real a trav\u00e9s de todas las plataformas digitales. Exploramos infracciones de marca a trav\u00e9s de una &hellip; <a href=\"https:\/\/stg.dotnice.com\/es\/servicios\/aplicacion-y-refuerzo-de-los-derechos-de-la-marca-digital\/\" class=\"more-link\">Continue reading <span class=\"screen-reader-text\">Aplicaci\u00f3n y refuerzo de los derechos de la marca digital<\/span><\/a><\/p>\n","protected":false},"author":6,"featured_media":0,"parent":2241,"menu_order":0,"comment_status":"closed","ping_status":"closed","template":"","meta":{"footnotes":""},"class_list":["post-2239","page","type-page","status-publish","hentry"],"yoast_head":"<!-- This site is optimized with the Yoast SEO plugin v27.4 - https:\/\/yoast.com\/product\/yoast-seo-wordpress\/ -->\n<title>Aplicaci\u00f3n y refuerzo de los derechos de la marca digital - dotNice<\/title>\n<meta name=\"robots\" content=\"noindex, follow, max-snippet:-1, max-image-preview:large, max-video-preview:-1\" \/>\n<meta property=\"og:locale\" content=\"es_ES\" \/>\n<meta property=\"og:type\" content=\"article\" \/>\n<meta property=\"og:title\" content=\"Aplicaci\u00f3n y refuerzo de los derechos de la marca digital - dotNice\" \/>\n<meta property=\"og:description\" content=\"Proporcionamos consultor\u00eda especialista en propiedad intelectual sobre c\u00f3mo proteger sus activos digitales de todos los casos de abuso online y representamos clientes en las disputas de incumplimiento arbitrario. \u2022 Monitorizaci\u00f3n de la marca &#038; detecci\u00f3n &#8211; Monitorizamos en tiempo real a trav\u00e9s de todas las plataformas digitales. Exploramos infracciones de marca a trav\u00e9s de una &hellip; Continue reading Aplicaci\u00f3n y refuerzo de los derechos de la marca digital\" \/>\n<meta property=\"og:url\" content=\"https:\/\/stg.dotnice.com\/es\/servicios\/aplicacion-y-refuerzo-de-los-derechos-de-la-marca-digital\/\" \/>\n<meta property=\"og:site_name\" content=\"dotNice\" \/>\n<meta property=\"article:modified_time\" content=\"2015-12-13T09:46:35+00:00\" \/>\n<meta name=\"twitter:card\" content=\"summary_large_image\" \/>\n<meta name=\"twitter:label1\" content=\"Est. reading time\" \/>\n\t<meta name=\"twitter:data1\" content=\"1 minute\" \/>\n<script type=\"application\/ld+json\" class=\"yoast-schema-graph\">{\"@context\":\"https:\\\/\\\/schema.org\",\"@graph\":[{\"@type\":\"WebPage\",\"@id\":\"https:\\\/\\\/stg.dotnice.com\\\/es\\\/servicios\\\/aplicacion-y-refuerzo-de-los-derechos-de-la-marca-digital\\\/\",\"url\":\"https:\\\/\\\/stg.dotnice.com\\\/es\\\/servicios\\\/aplicacion-y-refuerzo-de-los-derechos-de-la-marca-digital\\\/\",\"name\":\"Aplicaci\u00f3n y refuerzo de los derechos de la marca digital - dotNice\",\"isPartOf\":{\"@id\":\"https:\\\/\\\/stg.dotnice.com\\\/es\\\/#website\"},\"datePublished\":\"2015-02-25T12:10:11+00:00\",\"dateModified\":\"2015-12-13T09:46:35+00:00\",\"breadcrumb\":{\"@id\":\"https:\\\/\\\/stg.dotnice.com\\\/es\\\/servicios\\\/aplicacion-y-refuerzo-de-los-derechos-de-la-marca-digital\\\/#breadcrumb\"},\"inLanguage\":\"es-ES\",\"potentialAction\":[{\"@type\":\"ReadAction\",\"target\":[\"https:\\\/\\\/stg.dotnice.com\\\/es\\\/servicios\\\/aplicacion-y-refuerzo-de-los-derechos-de-la-marca-digital\\\/\"]}]},{\"@type\":\"BreadcrumbList\",\"@id\":\"https:\\\/\\\/stg.dotnice.com\\\/es\\\/servicios\\\/aplicacion-y-refuerzo-de-los-derechos-de-la-marca-digital\\\/#breadcrumb\",\"itemListElement\":[{\"@type\":\"ListItem\",\"position\":1,\"name\":\"Home\",\"item\":\"https:\\\/\\\/www.dotnice.es\\\/\"},{\"@type\":\"ListItem\",\"position\":2,\"name\":\"Servicios\",\"item\":\"https:\\\/\\\/www.dotnice.es\\\/servicios\\\/\"},{\"@type\":\"ListItem\",\"position\":3,\"name\":\"Aplicaci\u00f3n y refuerzo de los derechos de la marca digital\"}]},{\"@type\":\"WebSite\",\"@id\":\"https:\\\/\\\/stg.dotnice.com\\\/es\\\/#website\",\"url\":\"https:\\\/\\\/stg.dotnice.com\\\/es\\\/\",\"name\":\"dotNice\",\"description\":\"digital brand protection\",\"potentialAction\":[{\"@type\":\"SearchAction\",\"target\":{\"@type\":\"EntryPoint\",\"urlTemplate\":\"https:\\\/\\\/stg.dotnice.com\\\/es\\\/?s=%7Bsearch_term_string%7D\"},\"query-input\":{\"@type\":\"PropertyValueSpecification\",\"valueRequired\":true,\"valueName\":\"search_term_string\"}}],\"inLanguage\":\"es-ES\"}]}<\/script>\n<!-- \/ Yoast SEO plugin. -->","yoast_head_json":{"title":"Aplicaci\u00f3n y refuerzo de los derechos de la marca digital - dotNice","robots":{"index":"noindex","follow":"follow","max-snippet":"max-snippet:-1","max-image-preview":"max-image-preview:large","max-video-preview":"max-video-preview:-1"},"og_locale":"es_ES","og_type":"article","og_title":"Aplicaci\u00f3n y refuerzo de los derechos de la marca digital - dotNice","og_description":"Proporcionamos consultor\u00eda especialista en propiedad intelectual sobre c\u00f3mo proteger sus activos digitales de todos los casos de abuso online y representamos clientes en las disputas de incumplimiento arbitrario. \u2022 Monitorizaci\u00f3n de la marca &#038; detecci\u00f3n &#8211; Monitorizamos en tiempo real a trav\u00e9s de todas las plataformas digitales. Exploramos infracciones de marca a trav\u00e9s de una &hellip; Continue reading Aplicaci\u00f3n y refuerzo de los derechos de la marca digital","og_url":"https:\/\/stg.dotnice.com\/es\/servicios\/aplicacion-y-refuerzo-de-los-derechos-de-la-marca-digital\/","og_site_name":"dotNice","article_modified_time":"2015-12-13T09:46:35+00:00","twitter_card":"summary_large_image","twitter_misc":{"Est. reading time":"1 minute"},"schema":{"@context":"https:\/\/schema.org","@graph":[{"@type":"WebPage","@id":"https:\/\/stg.dotnice.com\/es\/servicios\/aplicacion-y-refuerzo-de-los-derechos-de-la-marca-digital\/","url":"https:\/\/stg.dotnice.com\/es\/servicios\/aplicacion-y-refuerzo-de-los-derechos-de-la-marca-digital\/","name":"Aplicaci\u00f3n y refuerzo de los derechos de la marca digital - dotNice","isPartOf":{"@id":"https:\/\/stg.dotnice.com\/es\/#website"},"datePublished":"2015-02-25T12:10:11+00:00","dateModified":"2015-12-13T09:46:35+00:00","breadcrumb":{"@id":"https:\/\/stg.dotnice.com\/es\/servicios\/aplicacion-y-refuerzo-de-los-derechos-de-la-marca-digital\/#breadcrumb"},"inLanguage":"es-ES","potentialAction":[{"@type":"ReadAction","target":["https:\/\/stg.dotnice.com\/es\/servicios\/aplicacion-y-refuerzo-de-los-derechos-de-la-marca-digital\/"]}]},{"@type":"BreadcrumbList","@id":"https:\/\/stg.dotnice.com\/es\/servicios\/aplicacion-y-refuerzo-de-los-derechos-de-la-marca-digital\/#breadcrumb","itemListElement":[{"@type":"ListItem","position":1,"name":"Home","item":"https:\/\/www.dotnice.es\/"},{"@type":"ListItem","position":2,"name":"Servicios","item":"https:\/\/www.dotnice.es\/servicios\/"},{"@type":"ListItem","position":3,"name":"Aplicaci\u00f3n y refuerzo de los derechos de la marca digital"}]},{"@type":"WebSite","@id":"https:\/\/stg.dotnice.com\/es\/#website","url":"https:\/\/stg.dotnice.com\/es\/","name":"dotNice","description":"digital brand protection","potentialAction":[{"@type":"SearchAction","target":{"@type":"EntryPoint","urlTemplate":"https:\/\/stg.dotnice.com\/es\/?s=%7Bsearch_term_string%7D"},"query-input":{"@type":"PropertyValueSpecification","valueRequired":true,"valueName":"search_term_string"}}],"inLanguage":"es-ES"}]}},"_links":{"self":[{"href":"https:\/\/stg.dotnice.com\/es\/wp-json\/wp\/v2\/pages\/2239","targetHints":{"allow":["GET"]}}],"collection":[{"href":"https:\/\/stg.dotnice.com\/es\/wp-json\/wp\/v2\/pages"}],"about":[{"href":"https:\/\/stg.dotnice.com\/es\/wp-json\/wp\/v2\/types\/page"}],"author":[{"embeddable":true,"href":"https:\/\/stg.dotnice.com\/es\/wp-json\/wp\/v2\/users\/6"}],"replies":[{"embeddable":true,"href":"https:\/\/stg.dotnice.com\/es\/wp-json\/wp\/v2\/comments?post=2239"}],"version-history":[{"count":0,"href":"https:\/\/stg.dotnice.com\/es\/wp-json\/wp\/v2\/pages\/2239\/revisions"}],"up":[{"embeddable":true,"href":"https:\/\/stg.dotnice.com\/es\/wp-json\/wp\/v2\/pages\/2241"}],"wp:attachment":[{"href":"https:\/\/stg.dotnice.com\/es\/wp-json\/wp\/v2\/media?parent=2239"}],"curies":[{"name":"wp","href":"https:\/\/api.w.org\/{rel}","templated":true}]}}