{"id":2215,"date":"2014-06-20T11:40:19","date_gmt":"2014-06-20T10:40:19","guid":{"rendered":"http:\/\/www.dotnice.com\/?page_id=2215"},"modified":"2015-12-13T09:46:26","modified_gmt":"2015-12-13T09:46:26","slug":"tlds-genericas","status":"publish","type":"page","link":"https:\/\/stg.dotnice.com\/es\/registro-de-dominio\/tlds-genericas\/","title":{"rendered":"TLDs gen\u00e9ricas"},"content":{"rendered":"<p>Las extensiones de dominio gen\u00e9ricas (gTLD), tambi\u00e9n conocidas como internacionales, no est\u00e1n asignadas a ning\u00fan pa\u00eds en concreto, sino que se refieren a la industria del solicitante (empresa, instituci\u00f3n, etc.), al sitio web asociado o al \u00e1rea geogr\u00e1fica.<\/p>\n<p>El punto fuerte de las extensiones gen\u00e9ricas es su car\u00e1cter internacional que aumenta el atractivo de los nombres de dominio; en consecuencia, en estas extensiones se producen el mayor n\u00famero de abusos. En la mayor parte de las extensiones gen\u00e9ricas los nombres de dominio pueden ser registrados por cualquier persona, sin ning\u00fan tipo de restricci\u00f3n especial.<\/p>\n<p>Las extensiones de dominio gen\u00e9ricas de inter\u00e9s hist\u00f3rico han sido introducidas desde 1985 (.com y .net fueron las primeras). A partir de finales de 2013, cientos de nuevas extensiones gen\u00e9ricas fueron introducidas como consecuencia de la adopci\u00f3n del programa de nuevos gTLD aprobado por ICANN.<\/p>\n<p>Las extensiones gen\u00e9ricas internacionales incluyen un total de 22 gTLD agrupadas en las siguientes categor\u00edas. <\/p>\n<p>Adem\u00e1s, hay una serie de TLDs de segundo nivel com\u00fanmente conocidas como gTLDs alternativas, que se caracterizan por ser extensiones no oficiales que se refieren a diferentes pa\u00edses del mundo y est\u00e1n universalmente reconocidas.<\/p>\n<p>En particular, y en funci\u00f3n de las necesidades y actividades del solicitante, puede ser apropiado evaluar el registro de nombres de dominio con estas extensiones para extender la protecci\u00f3n de las propias marcas.<\/p>\n<div id=\"box-generic\" class=\"sh-box gtld blue col-md-6\"><\/p>\n<h2><i class=\"fa fa-generic\"><\/i> INTERNACIONAL<\/h2>\n<ul>\n<li>.com<\/li>\n<li>.net<\/li>\n<li>.org<\/li>\n<li>.info<\/li>\n<li>.int<\/li>\n<li>.mil<\/li>\n<li>.gov<\/li>\n<li>.edu<\/li>\n<\/ul>\n<p><\/div>\n<div id=\"box-generic\" class=\"sh-box gtld blue col-md-6\"><\/p>\n<h2><i class=\"fa fa-generic\"><\/i> ALTERNATIVOS<\/h2>\n<ul>\n<li>.ae.org<\/li>\n<li>.africa.com<\/li>\n<li>.ar.com<\/li>\n<li>.br.com<\/li>\n<li>.cn.com<\/li>\n<li>.de.com<\/li>\n<li>.eu.com<\/li>\n<li>.gb.com<\/li>\n<li>.gb.net<\/li>\n<li>.gr.com<\/li>\n<li>.hu.com<\/li>\n<li>.hu.net<\/li>\n<li>.in.net<\/li>\n<li>.jp.net<\/li>\n<li>.jpn.com<\/li>\n<li>.kr.com<\/li>\n<li>.no.com<\/li>\n<li>.qc.com<\/li>\n<li>.ru.com<\/li>\n<li>.sa.com<\/li>\n<li>.se.com<\/li>\n<li>.se.net<\/li>\n<li>.uk.com<\/li>\n<li>.uk.net<\/li>\n<li>.us.com<\/li>\n<li>.us.org<\/li>\n<li>.uy.com<\/li>\n<li>.za.com<\/li>\n<\/ul>\n<p><\/div>\n<div id=\"box-generic\" class=\"sh-box gtld blue col-md-6\"><\/p>\n<h2><i class=\"fa fa-generic\"><\/i> PATROCINADOS<\/h2>\n<ul>\n<li><b>.<\/b>aero<\/li>\n<li>.asia<\/li>\n<li>.cat<\/li>\n<li>.coop<\/li>\n<li>.edu<\/li>\n<li>.gov<\/li>\n<li>.int<\/li>\n<li>.jobs<\/li>\n<li>.mil<\/li>\n<li>.mobi<\/li>\n<li>.museum<\/li>\n<li>.tel<\/li>\n<li>.travel<\/li>\n<li>.xxx<\/li>\n<\/ul>\n<p><\/div>\n<div id=\"box-generic\" class=\"sh-box gtld blue col-md-6\"><\/p>\n<h2><i class=\"fa fa-generic\"><\/i> RESTRINGIDOS<\/h2>\n<ul>\n<li>.biz<\/li>\n<li>.name<\/li>\n<li>.pro<\/li>\n<\/ul>\n<p><\/div>\n<div id=\"box-generic\" class=\"sh-box gtld blue col-md-6\"><\/p>\n<h2><i class=\"fa fa-generic\"><\/i> INFRAESTRUCTURAS<\/h2>\n<ul>\n<li><b>.<\/b>arpa<\/li>\n<\/ul>\n<p><\/div>\n<p><script>\/\/ <![CDATA[\n\/\/ DOMAIN BOX LIST\njQuery(function() {\n  jQuery('.gtld h2').click(function(event) {\n    jQuery(this).next('ul').slideToggle();\n  });\n});\n\/\/ ]]><\/script><\/p>\n","protected":false},"excerpt":{"rendered":"<p>Las extensiones de dominio gen\u00e9ricas (gTLD), tambi\u00e9n conocidas como internacionales, no est\u00e1n asignadas a ning\u00fan pa\u00eds en concreto, sino que se refieren a la industria del solicitante (empresa, instituci\u00f3n, etc.), al sitio web asociado o al \u00e1rea geogr\u00e1fica. El punto fuerte de las extensiones gen\u00e9ricas es su car\u00e1cter internacional que aumenta el atractivo de los &hellip; <a href=\"https:\/\/stg.dotnice.com\/es\/registro-de-dominio\/tlds-genericas\/\" class=\"more-link\">Continue reading <span class=\"screen-reader-text\">TLDs gen\u00e9ricas<\/span><\/a><\/p>\n","protected":false},"author":6,"featured_media":0,"parent":2182,"menu_order":0,"comment_status":"closed","ping_status":"closed","template":"","meta":{"footnotes":""},"class_list":["post-2215","page","type-page","status-publish","hentry"],"yoast_head":"<!-- This site is optimized with the Yoast SEO plugin v27.4 - https:\/\/yoast.com\/product\/yoast-seo-wordpress\/ -->\n<title>TLDs gen\u00e9ricas - dotNice<\/title>\n<meta name=\"robots\" content=\"noindex, follow, max-snippet:-1, max-image-preview:large, max-video-preview:-1\" \/>\n<meta property=\"og:locale\" content=\"es_ES\" \/>\n<meta property=\"og:type\" content=\"article\" \/>\n<meta property=\"og:title\" content=\"TLDs gen\u00e9ricas - dotNice\" \/>\n<meta property=\"og:description\" content=\"Las extensiones de dominio gen\u00e9ricas (gTLD), tambi\u00e9n conocidas como internacionales, no est\u00e1n asignadas a ning\u00fan pa\u00eds en concreto, sino que se refieren a la industria del solicitante (empresa, instituci\u00f3n, etc.), al sitio web asociado o al \u00e1rea geogr\u00e1fica. El punto fuerte de las extensiones gen\u00e9ricas es su car\u00e1cter internacional que aumenta el atractivo de los &hellip; Continue reading TLDs gen\u00e9ricas\" \/>\n<meta property=\"og:url\" content=\"https:\/\/stg.dotnice.com\/es\/registro-de-dominio\/tlds-genericas\/\" \/>\n<meta property=\"og:site_name\" content=\"dotNice\" \/>\n<meta property=\"article:modified_time\" content=\"2015-12-13T09:46:26+00:00\" \/>\n<meta name=\"twitter:card\" content=\"summary_large_image\" \/>\n<meta name=\"twitter:label1\" content=\"Est. reading time\" \/>\n\t<meta name=\"twitter:data1\" content=\"2 minutes\" \/>\n<script type=\"application\/ld+json\" class=\"yoast-schema-graph\">{\"@context\":\"https:\\\/\\\/schema.org\",\"@graph\":[{\"@type\":\"WebPage\",\"@id\":\"https:\\\/\\\/stg.dotnice.com\\\/es\\\/registro-de-dominio\\\/tlds-genericas\\\/\",\"url\":\"https:\\\/\\\/stg.dotnice.com\\\/es\\\/registro-de-dominio\\\/tlds-genericas\\\/\",\"name\":\"TLDs gen\u00e9ricas - dotNice\",\"isPartOf\":{\"@id\":\"https:\\\/\\\/stg.dotnice.com\\\/es\\\/#website\"},\"datePublished\":\"2014-06-20T10:40:19+00:00\",\"dateModified\":\"2015-12-13T09:46:26+00:00\",\"breadcrumb\":{\"@id\":\"https:\\\/\\\/stg.dotnice.com\\\/es\\\/registro-de-dominio\\\/tlds-genericas\\\/#breadcrumb\"},\"inLanguage\":\"es-ES\",\"potentialAction\":[{\"@type\":\"ReadAction\",\"target\":[\"https:\\\/\\\/stg.dotnice.com\\\/es\\\/registro-de-dominio\\\/tlds-genericas\\\/\"]}]},{\"@type\":\"BreadcrumbList\",\"@id\":\"https:\\\/\\\/stg.dotnice.com\\\/es\\\/registro-de-dominio\\\/tlds-genericas\\\/#breadcrumb\",\"itemListElement\":[{\"@type\":\"ListItem\",\"position\":1,\"name\":\"Home\",\"item\":\"https:\\\/\\\/www.dotnice.es\\\/\"},{\"@type\":\"ListItem\",\"position\":2,\"name\":\"Registro de Dominio\",\"item\":\"https:\\\/\\\/www.dotnice.es\\\/registro-de-dominio\\\/\"},{\"@type\":\"ListItem\",\"position\":3,\"name\":\"TLDs gen\u00e9ricas\"}]},{\"@type\":\"WebSite\",\"@id\":\"https:\\\/\\\/stg.dotnice.com\\\/es\\\/#website\",\"url\":\"https:\\\/\\\/stg.dotnice.com\\\/es\\\/\",\"name\":\"dotNice\",\"description\":\"digital brand protection\",\"potentialAction\":[{\"@type\":\"SearchAction\",\"target\":{\"@type\":\"EntryPoint\",\"urlTemplate\":\"https:\\\/\\\/stg.dotnice.com\\\/es\\\/?s=%7Bsearch_term_string%7D\"},\"query-input\":{\"@type\":\"PropertyValueSpecification\",\"valueRequired\":true,\"valueName\":\"search_term_string\"}}],\"inLanguage\":\"es-ES\"}]}<\/script>\n<!-- \/ Yoast SEO plugin. -->","yoast_head_json":{"title":"TLDs gen\u00e9ricas - dotNice","robots":{"index":"noindex","follow":"follow","max-snippet":"max-snippet:-1","max-image-preview":"max-image-preview:large","max-video-preview":"max-video-preview:-1"},"og_locale":"es_ES","og_type":"article","og_title":"TLDs gen\u00e9ricas - dotNice","og_description":"Las extensiones de dominio gen\u00e9ricas (gTLD), tambi\u00e9n conocidas como internacionales, no est\u00e1n asignadas a ning\u00fan pa\u00eds en concreto, sino que se refieren a la industria del solicitante (empresa, instituci\u00f3n, etc.), al sitio web asociado o al \u00e1rea geogr\u00e1fica. El punto fuerte de las extensiones gen\u00e9ricas es su car\u00e1cter internacional que aumenta el atractivo de los &hellip; Continue reading TLDs gen\u00e9ricas","og_url":"https:\/\/stg.dotnice.com\/es\/registro-de-dominio\/tlds-genericas\/","og_site_name":"dotNice","article_modified_time":"2015-12-13T09:46:26+00:00","twitter_card":"summary_large_image","twitter_misc":{"Est. reading time":"2 minutes"},"schema":{"@context":"https:\/\/schema.org","@graph":[{"@type":"WebPage","@id":"https:\/\/stg.dotnice.com\/es\/registro-de-dominio\/tlds-genericas\/","url":"https:\/\/stg.dotnice.com\/es\/registro-de-dominio\/tlds-genericas\/","name":"TLDs gen\u00e9ricas - dotNice","isPartOf":{"@id":"https:\/\/stg.dotnice.com\/es\/#website"},"datePublished":"2014-06-20T10:40:19+00:00","dateModified":"2015-12-13T09:46:26+00:00","breadcrumb":{"@id":"https:\/\/stg.dotnice.com\/es\/registro-de-dominio\/tlds-genericas\/#breadcrumb"},"inLanguage":"es-ES","potentialAction":[{"@type":"ReadAction","target":["https:\/\/stg.dotnice.com\/es\/registro-de-dominio\/tlds-genericas\/"]}]},{"@type":"BreadcrumbList","@id":"https:\/\/stg.dotnice.com\/es\/registro-de-dominio\/tlds-genericas\/#breadcrumb","itemListElement":[{"@type":"ListItem","position":1,"name":"Home","item":"https:\/\/www.dotnice.es\/"},{"@type":"ListItem","position":2,"name":"Registro de Dominio","item":"https:\/\/www.dotnice.es\/registro-de-dominio\/"},{"@type":"ListItem","position":3,"name":"TLDs gen\u00e9ricas"}]},{"@type":"WebSite","@id":"https:\/\/stg.dotnice.com\/es\/#website","url":"https:\/\/stg.dotnice.com\/es\/","name":"dotNice","description":"digital brand protection","potentialAction":[{"@type":"SearchAction","target":{"@type":"EntryPoint","urlTemplate":"https:\/\/stg.dotnice.com\/es\/?s=%7Bsearch_term_string%7D"},"query-input":{"@type":"PropertyValueSpecification","valueRequired":true,"valueName":"search_term_string"}}],"inLanguage":"es-ES"}]}},"_links":{"self":[{"href":"https:\/\/stg.dotnice.com\/es\/wp-json\/wp\/v2\/pages\/2215","targetHints":{"allow":["GET"]}}],"collection":[{"href":"https:\/\/stg.dotnice.com\/es\/wp-json\/wp\/v2\/pages"}],"about":[{"href":"https:\/\/stg.dotnice.com\/es\/wp-json\/wp\/v2\/types\/page"}],"author":[{"embeddable":true,"href":"https:\/\/stg.dotnice.com\/es\/wp-json\/wp\/v2\/users\/6"}],"replies":[{"embeddable":true,"href":"https:\/\/stg.dotnice.com\/es\/wp-json\/wp\/v2\/comments?post=2215"}],"version-history":[{"count":0,"href":"https:\/\/stg.dotnice.com\/es\/wp-json\/wp\/v2\/pages\/2215\/revisions"}],"up":[{"embeddable":true,"href":"https:\/\/stg.dotnice.com\/es\/wp-json\/wp\/v2\/pages\/2182"}],"wp:attachment":[{"href":"https:\/\/stg.dotnice.com\/es\/wp-json\/wp\/v2\/media?parent=2215"}],"curies":[{"name":"wp","href":"https:\/\/api.w.org\/{rel}","templated":true}]}}