{"id":2204,"date":"2015-05-21T15:52:43","date_gmt":"2015-05-21T14:52:43","guid":{"rendered":"http:\/\/www.dotnice.com\/?page_id=2204"},"modified":"2015-12-13T09:45:10","modified_gmt":"2015-12-13T09:45:10","slug":"empleos","status":"publish","type":"page","link":"https:\/\/stg.dotnice.com\/es\/empleos\/","title":{"rendered":"Empleos"},"content":{"rendered":"\n<div class=\"wpcf7 no-js\" id=\"wpcf7-f2607-o1\" lang=\"es-ES\" dir=\"ltr\" data-wpcf7-id=\"2607\">\n<div class=\"screen-reader-response\"><p role=\"status\" aria-live=\"polite\" aria-atomic=\"true\"><\/p> <ul><\/ul><\/div>\n<form action=\"\/es\/wp-json\/wp\/v2\/pages\/2204#wpcf7-f2607-o1\" method=\"post\" class=\"wpcf7-form init\" aria-label=\"Contact form\" enctype=\"multipart\/form-data\" novalidate=\"novalidate\" data-status=\"init\">\n<fieldset class=\"hidden-fields-container\"><input type=\"hidden\" name=\"_wpcf7\" value=\"2607\" \/><input type=\"hidden\" name=\"_wpcf7_version\" value=\"6.1.5\" \/><input type=\"hidden\" name=\"_wpcf7_locale\" value=\"es_ES\" \/><input type=\"hidden\" name=\"_wpcf7_unit_tag\" value=\"wpcf7-f2607-o1\" \/><input type=\"hidden\" name=\"_wpcf7_container_post\" value=\"0\" \/><input type=\"hidden\" name=\"_wpcf7_posted_data_hash\" value=\"\" \/><input type=\"hidden\" name=\"_wpcf7_recaptcha_response\" value=\"\" \/>\n<\/fieldset>\n<p>Nombre completo\n<\/p>\n<p><span class=\"wpcf7-form-control-wrap\" data-name=\"your-name\"><input size=\"40\" maxlength=\"400\" class=\"wpcf7-form-control wpcf7-text wpcf7-validates-as-required\" aria-required=\"true\" aria-invalid=\"false\" value=\"\" type=\"text\" name=\"your-name\" \/><\/span>\n<\/p>\n<p>Direcci\u00f3n\n<\/p>\n<p><span class=\"wpcf7-form-control-wrap\" data-name=\"address\"><input size=\"40\" maxlength=\"400\" class=\"wpcf7-form-control wpcf7-text\" aria-invalid=\"false\" value=\"\" type=\"text\" name=\"address\" \/><\/span>\n<\/p>\n<p>Country\n<\/p>\n<p><span class=\"wpcf7-form-control-wrap country\"><select name=\"country\" class=\"wpcf7-form-control wpcf7-geoip_detect2_countries\" aria-invalid=\"false\" autocomplete=\"off\" ><option data-c=\"af\">Afghanistan<\/option><option data-c=\"al\">Albania<\/option><option data-c=\"dz\">Algeria<\/option><option data-c=\"as\">American Samoa<\/option><option data-c=\"ad\">Andorra<\/option><option data-c=\"ao\">Angola<\/option><option data-c=\"ai\">Anguilla<\/option><option data-c=\"aq\">Antarctica<\/option><option data-c=\"ag\">Antigua and Barbuda<\/option><option data-c=\"ar\">Argentina<\/option><option data-c=\"am\">Armenia<\/option><option data-c=\"aw\">Aruba<\/option><option data-c=\"au\">Australia<\/option><option data-c=\"at\">Austria<\/option><option data-c=\"az\">Azerbaijan<\/option><option data-c=\"bs\">Bahamas<\/option><option data-c=\"bh\">Bahrain<\/option><option data-c=\"bd\">Bangladesh<\/option><option data-c=\"bb\">Barbados<\/option><option data-c=\"by\">Belarus<\/option><option data-c=\"be\">Belgium<\/option><option data-c=\"bz\">Belize<\/option><option data-c=\"bj\">Benin<\/option><option data-c=\"bm\">Bermuda<\/option><option data-c=\"bt\">Bhutan<\/option><option data-c=\"bo\">Bolivia<\/option><option data-c=\"bq\">Bonaire, Sint Eustatius, and Saba<\/option><option data-c=\"ba\">Bosnia and Herzegovina<\/option><option data-c=\"bw\">Botswana<\/option><option data-c=\"bv\">Bouvet Island<\/option><option data-c=\"br\">Brazil<\/option><option data-c=\"io\">British Indian Ocean Territory<\/option><option data-c=\"vg\">British Virgin Islands<\/option><option data-c=\"bn\">Brunei<\/option><option data-c=\"bg\">Bulgaria<\/option><option data-c=\"bf\">Burkina Faso<\/option><option data-c=\"bi\">Burundi<\/option><option data-c=\"cv\">Cabo Verde<\/option><option data-c=\"kh\">Cambodia<\/option><option data-c=\"cm\">Cameroon<\/option><option data-c=\"ca\">Canada<\/option><option data-c=\"ky\">Cayman Islands<\/option><option data-c=\"cf\">Central African Republic<\/option><option data-c=\"td\">Chad<\/option><option data-c=\"cl\">Chile<\/option><option data-c=\"cn\">China<\/option><option data-c=\"cx\">Christmas Island<\/option><option data-c=\"cc\">Cocos (Keeling) Islands<\/option><option data-c=\"co\">Colombia<\/option><option data-c=\"km\">Comoros<\/option><option data-c=\"cg\">Congo Republic<\/option><option data-c=\"ck\">Cook Islands<\/option><option data-c=\"cr\">Costa Rica<\/option><option data-c=\"hr\">Croatia<\/option><option data-c=\"cu\">Cuba<\/option><option data-c=\"cw\">Cura\u00e7ao<\/option><option data-c=\"cy\">Cyprus<\/option><option data-c=\"cz\">Czechia<\/option><option data-c=\"cd\">DR Congo<\/option><option data-c=\"dk\">Denmark<\/option><option data-c=\"dj\">Djibouti<\/option><option data-c=\"dm\">Dominica<\/option><option data-c=\"do\">Dominican Republic<\/option><option data-c=\"ec\">Ecuador<\/option><option data-c=\"eg\">Egypt<\/option><option data-c=\"sv\">El Salvador<\/option><option data-c=\"gq\">Equatorial Guinea<\/option><option data-c=\"er\">Eritrea<\/option><option data-c=\"ee\">Estonia<\/option><option data-c=\"sz\">Eswatini<\/option><option data-c=\"et\">Ethiopia<\/option><option data-c=\"fk\">Falkland Islands<\/option><option data-c=\"fo\">Faroe Islands<\/option><option data-c=\"fj\">Fiji<\/option><option data-c=\"fi\">Finland<\/option><option data-c=\"fr\">France<\/option><option data-c=\"gf\">French Guiana<\/option><option data-c=\"pf\">French Polynesia<\/option><option data-c=\"tf\">French Southern Territories<\/option><option data-c=\"ga\">Gabon<\/option><option data-c=\"ge\">Georgia<\/option><option data-c=\"de\">Germany<\/option><option data-c=\"gh\">Ghana<\/option><option data-c=\"gi\">Gibraltar<\/option><option data-c=\"gr\">Greece<\/option><option data-c=\"gl\">Greenland<\/option><option data-c=\"gd\">Grenada<\/option><option data-c=\"gp\">Guadeloupe<\/option><option data-c=\"gu\">Guam<\/option><option data-c=\"gt\">Guatemala<\/option><option data-c=\"gg\">Guernsey<\/option><option data-c=\"gn\">Guinea<\/option><option data-c=\"gw\">Guinea-Bissau<\/option><option data-c=\"gy\">Guyana<\/option><option data-c=\"ht\">Haiti<\/option><option data-c=\"hm\">Heard and McDonald Islands<\/option><option data-c=\"hn\">Honduras<\/option><option data-c=\"hk\">Hong Kong<\/option><option data-c=\"hu\">Hungary<\/option><option data-c=\"is\">Iceland<\/option><option data-c=\"in\">India<\/option><option data-c=\"id\">Indonesia<\/option><option data-c=\"ir\">Iran<\/option><option data-c=\"iq\">Iraq<\/option><option data-c=\"ie\">Ireland<\/option><option data-c=\"im\">Isle of Man<\/option><option data-c=\"il\">Israel<\/option><option data-c=\"it\">Italy<\/option><option data-c=\"ci\">Ivory Coast<\/option><option data-c=\"jm\">Jamaica<\/option><option data-c=\"jp\">Japan<\/option><option data-c=\"je\">Jersey<\/option><option data-c=\"jo\">Jordan<\/option><option data-c=\"kz\">Kazakhstan<\/option><option data-c=\"ke\">Kenya<\/option><option data-c=\"ki\">Kiribati<\/option><option data-c=\"xk\">Kosovo<\/option><option data-c=\"kw\">Kuwait<\/option><option data-c=\"kg\">Kyrgyzstan<\/option><option data-c=\"la\">Laos<\/option><option data-c=\"lv\">Latvia<\/option><option data-c=\"lb\">Lebanon<\/option><option data-c=\"ls\">Lesotho<\/option><option data-c=\"lr\">Liberia<\/option><option data-c=\"ly\">Libya<\/option><option data-c=\"li\">Liechtenstein<\/option><option data-c=\"lt\">Lithuania<\/option><option data-c=\"lu\">Luxembourg<\/option><option data-c=\"mo\">Macao<\/option><option data-c=\"mg\">Madagascar<\/option><option data-c=\"mw\">Malawi<\/option><option data-c=\"my\">Malaysia<\/option><option data-c=\"mv\">Maldives<\/option><option data-c=\"ml\">Mali<\/option><option data-c=\"mt\">Malta<\/option><option data-c=\"mh\">Marshall Islands<\/option><option data-c=\"mq\">Martinique<\/option><option data-c=\"mr\">Mauritania<\/option><option data-c=\"mu\">Mauritius<\/option><option data-c=\"yt\">Mayotte<\/option><option data-c=\"mx\">Mexico<\/option><option data-c=\"fm\">Micronesia<\/option><option data-c=\"md\">Moldova<\/option><option data-c=\"mc\">Monaco<\/option><option data-c=\"mn\">Mongolia<\/option><option data-c=\"me\">Montenegro<\/option><option data-c=\"ms\">Montserrat<\/option><option data-c=\"ma\">Morocco<\/option><option data-c=\"mz\">Mozambique<\/option><option data-c=\"mm\">Myanmar<\/option><option data-c=\"na\">Namibia<\/option><option data-c=\"nr\">Nauru<\/option><option data-c=\"np\">Nepal<\/option><option data-c=\"nc\">New Caledonia<\/option><option data-c=\"nz\">New Zealand<\/option><option data-c=\"ni\">Nicaragua<\/option><option data-c=\"ne\">Niger<\/option><option data-c=\"ng\">Nigeria<\/option><option data-c=\"nu\">Niue<\/option><option data-c=\"nf\">Norfolk Island<\/option><option data-c=\"kp\">North Korea<\/option><option data-c=\"mk\">North Macedonia<\/option><option data-c=\"mp\">Northern Mariana Islands<\/option><option data-c=\"no\">Norway<\/option><option data-c=\"om\">Oman<\/option><option data-c=\"pk\">Pakistan<\/option><option data-c=\"pw\">Palau<\/option><option data-c=\"ps\">Palestine<\/option><option data-c=\"pa\">Panama<\/option><option data-c=\"pg\">Papua New Guinea<\/option><option data-c=\"py\">Paraguay<\/option><option data-c=\"pe\">Peru<\/option><option data-c=\"ph\">Philippines<\/option><option data-c=\"pn\">Pitcairn Islands<\/option><option data-c=\"pl\">Poland<\/option><option data-c=\"pt\">Portugal<\/option><option data-c=\"pr\">Puerto Rico<\/option><option data-c=\"qa\">Qatar<\/option><option data-c=\"ro\">Romania<\/option><option data-c=\"ru\">Russia<\/option><option data-c=\"rw\">Rwanda<\/option><option data-c=\"re\">R\u00e9union<\/option><option data-c=\"bl\">Saint Barth\u00e9lemy<\/option><option data-c=\"sh\">Saint Helena<\/option><option data-c=\"lc\">Saint Lucia<\/option><option data-c=\"mf\">Saint Martin<\/option><option data-c=\"pm\">Saint Pierre and Miquelon<\/option><option data-c=\"ws\">Samoa<\/option><option data-c=\"sm\">San Marino<\/option><option data-c=\"sa\">Saudi Arabia<\/option><option data-c=\"sn\">Senegal<\/option><option data-c=\"rs\">Serbia<\/option><option data-c=\"sc\">Seychelles<\/option><option data-c=\"sl\">Sierra Leone<\/option><option data-c=\"sg\">Singapore<\/option><option data-c=\"sx\">Sint Maarten<\/option><option data-c=\"sk\">Slovakia<\/option><option data-c=\"si\">Slovenia<\/option><option data-c=\"sb\">Solomon Islands<\/option><option data-c=\"so\">Somalia<\/option><option data-c=\"za\">South Africa<\/option><option data-c=\"gs\">South Georgia and South Sandwich Islands<\/option><option data-c=\"kr\">South Korea<\/option><option data-c=\"ss\">South Sudan<\/option><option data-c=\"es\">Spain<\/option><option data-c=\"lk\">Sri Lanka<\/option><option data-c=\"kn\">St Kitts and Nevis<\/option><option data-c=\"vc\">St Vincent and Grenadines<\/option><option data-c=\"sd\">Sudan<\/option><option data-c=\"sr\">Suriname<\/option><option data-c=\"sj\">Svalbard and Jan Mayen<\/option><option data-c=\"se\">Sweden<\/option><option data-c=\"ch\">Switzerland<\/option><option data-c=\"sy\">Syria<\/option><option data-c=\"st\">S\u00e3o Tom\u00e9 and Pr\u00edncipe<\/option><option data-c=\"tw\">Taiwan<\/option><option data-c=\"tj\">Tajikistan<\/option><option data-c=\"tz\">Tanzania<\/option><option data-c=\"th\">Thailand<\/option><option data-c=\"gm\">The Gambia<\/option><option data-c=\"nl\">The Netherlands<\/option><option data-c=\"tl\">Timor-Leste<\/option><option data-c=\"tg\">Togo<\/option><option data-c=\"tk\">Tokelau<\/option><option data-c=\"to\">Tonga<\/option><option data-c=\"tt\">Trinidad and Tobago<\/option><option data-c=\"tn\">Tunisia<\/option><option data-c=\"tm\">Turkmenistan<\/option><option data-c=\"tc\">Turks and Caicos Islands<\/option><option data-c=\"tv\">Tuvalu<\/option><option data-c=\"tr\">T\u00fcrkiye<\/option><option data-c=\"um\">U.S. Outlying Islands<\/option><option data-c=\"vi\">U.S. Virgin Islands<\/option><option data-c=\"ug\">Uganda<\/option><option data-c=\"ua\">Ukraine<\/option><option data-c=\"ae\">United Arab Emirates<\/option><option data-c=\"gb\">United Kingdom<\/option><option data-c=\"us\">United States<\/option><option data-c=\"uy\">Uruguay<\/option><option data-c=\"uz\">Uzbekistan<\/option><option data-c=\"vu\">Vanuatu<\/option><option data-c=\"va\">Vatican City<\/option><option data-c=\"ve\">Venezuela<\/option><option data-c=\"vn\">Vietnam<\/option><option data-c=\"wf\">Wallis and Futuna<\/option><option data-c=\"eh\">Western Sahara<\/option><option data-c=\"ye\">Yemen<\/option><option data-c=\"zm\">Zambia<\/option><option data-c=\"zw\">Zimbabwe<\/option><option data-c=\"ax\">\u00c5land<\/option><\/select> <\/span>\n<\/p>\n<p>Direcci\u00f3n de correo electr\u00f3nico\n<\/p>\n<p><span class=\"wpcf7-form-control-wrap\" data-name=\"your-email\"><input size=\"40\" maxlength=\"400\" class=\"wpcf7-form-control wpcf7-email wpcf7-validates-as-required wpcf7-text wpcf7-validates-as-email\" aria-required=\"true\" aria-invalid=\"false\" value=\"\" type=\"email\" name=\"your-email\" \/><\/span>\n<\/p>\n<p>N\u00famero de contacto casa\/m\u00f3vil\n<\/p>\n<p><span class=\"wpcf7-form-control-wrap\" data-name=\"phone\"><input size=\"40\" maxlength=\"400\" class=\"wpcf7-form-control wpcf7-text wpcf7-validates-as-required\" aria-required=\"true\" aria-invalid=\"false\" value=\"\" type=\"text\" name=\"phone\" \/><\/span>\n<\/p>\n<p>Habilidades requeridas\n<\/p>\n<p><span class=\"wpcf7-form-control-wrap\" data-name=\"skillset\"><input size=\"40\" maxlength=\"400\" class=\"wpcf7-form-control wpcf7-text\" aria-invalid=\"false\" value=\"\" type=\"text\" name=\"skillset\" \/><\/span>\n<\/p>\n<p>Principales \u00e1reas de conocimiento\n<\/p>\n<p><span class=\"wpcf7-form-control-wrap\" data-name=\"area\"><input size=\"40\" maxlength=\"400\" class=\"wpcf7-form-control wpcf7-text\" aria-invalid=\"false\" value=\"\" type=\"text\" name=\"area\" \/><\/span>\n<\/p>\n<p>Subir curriculum:\n<\/p>\n<p><span class=\"wpcf7-form-control-wrap\" data-name=\"file-909\"><input size=\"40\" class=\"wpcf7-form-control wpcf7-file\" id=\"rfile\" accept=\"audio\/*,video\/*,image\/*\" aria-invalid=\"false\" type=\"file\" name=\"file-909\" \/><\/span>\n<\/p>\n<p><input class=\"wpcf7-form-control wpcf7-submit has-spinner\" type=\"submit\" value=\"Enviar\" \/>\n<\/p>\n<input class=\"wpcf7-form-control wpcf7-hidden\" value=\"Job Application\" type=\"hidden\" name=\"your-subject\" \/><div class=\"wpcf7-response-output\" aria-hidden=\"true\"><\/div>\n<\/form>\n<\/div>\n\n","protected":false},"excerpt":{"rendered":"","protected":false},"author":6,"featured_media":0,"parent":0,"menu_order":0,"comment_status":"closed","ping_status":"closed","template":"","meta":{"footnotes":""},"class_list":["post-2204","page","type-page","status-publish","hentry"],"yoast_head":"<!-- This site is optimized with the Yoast SEO plugin v27.4 - https:\/\/yoast.com\/product\/yoast-seo-wordpress\/ -->\n<title>Empleos - dotNice<\/title>\n<meta name=\"robots\" content=\"noindex, follow, max-snippet:-1, max-image-preview:large, max-video-preview:-1\" \/>\n<meta property=\"og:locale\" content=\"es_ES\" \/>\n<meta property=\"og:type\" content=\"article\" \/>\n<meta property=\"og:title\" content=\"Empleos - dotNice\" \/>\n<meta property=\"og:url\" content=\"https:\/\/stg.dotnice.com\/es\/empleos\/\" \/>\n<meta property=\"og:site_name\" content=\"dotNice\" \/>\n<meta property=\"article:modified_time\" content=\"2015-12-13T09:45:10+00:00\" \/>\n<meta name=\"twitter:card\" content=\"summary_large_image\" \/>\n<script type=\"application\/ld+json\" class=\"yoast-schema-graph\">{\"@context\":\"https:\\\/\\\/schema.org\",\"@graph\":[{\"@type\":\"WebPage\",\"@id\":\"https:\\\/\\\/stg.dotnice.com\\\/es\\\/empleos\\\/\",\"url\":\"https:\\\/\\\/stg.dotnice.com\\\/es\\\/empleos\\\/\",\"name\":\"Empleos - dotNice\",\"isPartOf\":{\"@id\":\"https:\\\/\\\/stg.dotnice.com\\\/es\\\/#website\"},\"datePublished\":\"2015-05-21T14:52:43+00:00\",\"dateModified\":\"2015-12-13T09:45:10+00:00\",\"breadcrumb\":{\"@id\":\"https:\\\/\\\/stg.dotnice.com\\\/es\\\/empleos\\\/#breadcrumb\"},\"inLanguage\":\"es-ES\",\"potentialAction\":[{\"@type\":\"ReadAction\",\"target\":[\"https:\\\/\\\/stg.dotnice.com\\\/es\\\/empleos\\\/\"]}]},{\"@type\":\"BreadcrumbList\",\"@id\":\"https:\\\/\\\/stg.dotnice.com\\\/es\\\/empleos\\\/#breadcrumb\",\"itemListElement\":[{\"@type\":\"ListItem\",\"position\":1,\"name\":\"Home\",\"item\":\"https:\\\/\\\/www.dotnice.es\\\/\"},{\"@type\":\"ListItem\",\"position\":2,\"name\":\"Empleos\"}]},{\"@type\":\"WebSite\",\"@id\":\"https:\\\/\\\/stg.dotnice.com\\\/es\\\/#website\",\"url\":\"https:\\\/\\\/stg.dotnice.com\\\/es\\\/\",\"name\":\"dotNice\",\"description\":\"digital brand protection\",\"potentialAction\":[{\"@type\":\"SearchAction\",\"target\":{\"@type\":\"EntryPoint\",\"urlTemplate\":\"https:\\\/\\\/stg.dotnice.com\\\/es\\\/?s=%7Bsearch_term_string%7D\"},\"query-input\":{\"@type\":\"PropertyValueSpecification\",\"valueRequired\":true,\"valueName\":\"search_term_string\"}}],\"inLanguage\":\"es-ES\"}]}<\/script>\n<!-- \/ Yoast SEO plugin. -->","yoast_head_json":{"title":"Empleos - dotNice","robots":{"index":"noindex","follow":"follow","max-snippet":"max-snippet:-1","max-image-preview":"max-image-preview:large","max-video-preview":"max-video-preview:-1"},"og_locale":"es_ES","og_type":"article","og_title":"Empleos - dotNice","og_url":"https:\/\/stg.dotnice.com\/es\/empleos\/","og_site_name":"dotNice","article_modified_time":"2015-12-13T09:45:10+00:00","twitter_card":"summary_large_image","schema":{"@context":"https:\/\/schema.org","@graph":[{"@type":"WebPage","@id":"https:\/\/stg.dotnice.com\/es\/empleos\/","url":"https:\/\/stg.dotnice.com\/es\/empleos\/","name":"Empleos - dotNice","isPartOf":{"@id":"https:\/\/stg.dotnice.com\/es\/#website"},"datePublished":"2015-05-21T14:52:43+00:00","dateModified":"2015-12-13T09:45:10+00:00","breadcrumb":{"@id":"https:\/\/stg.dotnice.com\/es\/empleos\/#breadcrumb"},"inLanguage":"es-ES","potentialAction":[{"@type":"ReadAction","target":["https:\/\/stg.dotnice.com\/es\/empleos\/"]}]},{"@type":"BreadcrumbList","@id":"https:\/\/stg.dotnice.com\/es\/empleos\/#breadcrumb","itemListElement":[{"@type":"ListItem","position":1,"name":"Home","item":"https:\/\/www.dotnice.es\/"},{"@type":"ListItem","position":2,"name":"Empleos"}]},{"@type":"WebSite","@id":"https:\/\/stg.dotnice.com\/es\/#website","url":"https:\/\/stg.dotnice.com\/es\/","name":"dotNice","description":"digital brand protection","potentialAction":[{"@type":"SearchAction","target":{"@type":"EntryPoint","urlTemplate":"https:\/\/stg.dotnice.com\/es\/?s=%7Bsearch_term_string%7D"},"query-input":{"@type":"PropertyValueSpecification","valueRequired":true,"valueName":"search_term_string"}}],"inLanguage":"es-ES"}]}},"_links":{"self":[{"href":"https:\/\/stg.dotnice.com\/es\/wp-json\/wp\/v2\/pages\/2204","targetHints":{"allow":["GET"]}}],"collection":[{"href":"https:\/\/stg.dotnice.com\/es\/wp-json\/wp\/v2\/pages"}],"about":[{"href":"https:\/\/stg.dotnice.com\/es\/wp-json\/wp\/v2\/types\/page"}],"author":[{"embeddable":true,"href":"https:\/\/stg.dotnice.com\/es\/wp-json\/wp\/v2\/users\/6"}],"replies":[{"embeddable":true,"href":"https:\/\/stg.dotnice.com\/es\/wp-json\/wp\/v2\/comments?post=2204"}],"version-history":[{"count":0,"href":"https:\/\/stg.dotnice.com\/es\/wp-json\/wp\/v2\/pages\/2204\/revisions"}],"wp:attachment":[{"href":"https:\/\/stg.dotnice.com\/es\/wp-json\/wp\/v2\/media?parent=2204"}],"curies":[{"name":"wp","href":"https:\/\/api.w.org\/{rel}","templated":true}]}}