{"id":86,"date":"2014-06-10T03:55:42","date_gmt":"2014-06-10T01:55:42","guid":{"rendered":"http:\/\/www.dotnice.com\/old\/?page_id=86"},"modified":"2023-04-23T06:56:47","modified_gmt":"2023-04-23T05:56:47","slug":"contact","status":"publish","type":"page","link":"https:\/\/stg.dotnice.com\/en\/contact\/","title":{"rendered":"Contact"},"content":{"rendered":"<div class=\"contacts_page\">\n<div class=\"row\">\n<div class=\"col-md-6 col-sm-12 col-xs-12\" style=\"width: 30%;\">\n<div class=\"contadrs\" style=\"border: none; font-size: 11px;\">\n<h4 style=\"font-size: 13px;\">dotNice International Limited<\/h4>\n<p>The Digital Depot<br \/>\nThomas Street West<br \/>\nDublin 8<br \/>\nD08 TCV4<br \/>\nRepublic of Ireland<\/p>\n<p style=\"line-height: 2.2;\"><img loading=\"lazy\" decoding=\"async\" class=\"alignnone size-full wp-image-1628\" src=\"\/images\/phone.png\" alt=\"\" width=\"12\" height=\"17\"> +353 (0)1 2308000<\/p>\n<h4 style=\"font-size: 13px;\">dotNice Italia srl<\/h4>\n<p>Via di Pietralata 191<br \/>\n00158 Roma<br \/>\nItalia<\/p>\n<p style=\"line-height: 2.2;\"><img loading=\"lazy\" decoding=\"async\" class=\"alignnone size-full wp-image-1628\" src=\"\/images\/phone.png\" alt=\"\" width=\"12\" height=\"17\"> +39 06 45427296<\/p>\n<h4 style=\"font-size: 13px;\">Global Customer Support<\/h4>\n<p>Email: <a href=\"mailto:%63o&#114;por&#97;&#116;%65%2e&#115;u%70p&#111;%72%74&#64;%64o&#116;&#110;i&#99;&#101;.c%6f%6d\">c&#111;&#114;&#112;o&#114;ate.&#115;&#117;p&#112;or&#116;&#64;&#100;&#111;tni&#99;e&#46;c&#111;&#109;<\/a><\/p>\n<h4 style=\"font-size: 13px;\">Registrar Abuse Contact<\/h4>\n<p>Email: <a href=\"mailto:a%62&#117;&#115;%65&#64;&#100;&#111;tn%69%63&#101;&#46;%63&#111;&#109;\">&#97;bu&#115;&#101;&#64;d&#111;t&#110;&#105;&#99;e.c&#111;m<\/a><\/p>\n<\/div>\n<\/div>\n<div class=\"col-md-6 col-sm-12 col-xs-12\" style=\"width: 70%;\">\n<div class=\"contform\" style=\"border: none; border-left: 1px solid #4a7b98 !important; padding-bottom: 0; padding-left: 25px;\">\n<div class=\"wpcf7 no-js\" id=\"wpcf7-f1468-o1\" lang=\"en-US\" dir=\"ltr\" data-wpcf7-id=\"1468\">\n<div class=\"screen-reader-response\"><p role=\"status\" aria-live=\"polite\" aria-atomic=\"true\"><\/p> <ul><\/ul><\/div>\n<form action=\"\/en\/wp-json\/wp\/v2\/pages\/86#wpcf7-f1468-o1\" method=\"post\" class=\"wpcf7-form init\" aria-label=\"Contact form\" novalidate=\"novalidate\" data-status=\"init\">\n<fieldset class=\"hidden-fields-container\"><input type=\"hidden\" name=\"_wpcf7\" value=\"1468\" \/><input type=\"hidden\" name=\"_wpcf7_version\" value=\"6.1.5\" \/><input type=\"hidden\" name=\"_wpcf7_locale\" value=\"en_US\" \/><input type=\"hidden\" name=\"_wpcf7_unit_tag\" value=\"wpcf7-f1468-o1\" \/><input type=\"hidden\" name=\"_wpcf7_container_post\" value=\"0\" \/><input type=\"hidden\" name=\"_wpcf7_posted_data_hash\" value=\"\" \/><input type=\"hidden\" name=\"_wpcf7_recaptcha_response\" value=\"\" \/>\n<\/fieldset>\n<table cellspacing=0 cellpadding=0 border=0 width=730>\n\t<tr>\n\t\t<td align=left valign=top>\n\t\t\t<div class=\"row\">\n\t\t\t\t<div class=\"col-lg-5 col-md-12 col-sm-12 col-xs-12\">\n\t\t\t\t\t<p><label>Name*<\/label>\n\t\t\t\t\t<\/p>\n\t\t\t\t<\/div>\n\t\t\t\t<div class=\"col-lg-7 col-md-12 col-sm-12 col-xs-12\">\n\t\t\t\t\t<p><span class=\"wpcf7-form-control-wrap\" data-name=\"your-name\"><input size=\"40\" maxlength=\"400\" class=\"wpcf7-form-control wpcf7-text wpcf7-validates-as-required\" aria-required=\"true\" aria-invalid=\"false\" value=\"\" type=\"text\" name=\"your-name\" \/><\/span>\n\t\t\t\t\t<\/p>\n\t\t\t\t<\/div>\n\t\t\t<\/div>\n\t\t\t<div class=\"row\">\n\t\t\t\t<div class=\"col-lg-5 col-md-12 col-sm-12 col-xs-12\">\n\t\t\t\t\t<p><label>Surname*<\/label>\n\t\t\t\t\t<\/p>\n\t\t\t\t<\/div>\n\t\t\t\t<div class=\"col-lg-7 col-md-12 col-sm-12 col-xs-12\">\n\t\t\t\t\t<p><span class=\"wpcf7-form-control-wrap\" data-name=\"surname\"><input size=\"40\" maxlength=\"400\" class=\"wpcf7-form-control wpcf7-text wpcf7-validates-as-required\" aria-required=\"true\" aria-invalid=\"false\" value=\"\" type=\"text\" name=\"surname\" \/><\/span>\n\t\t\t\t\t<\/p>\n\t\t\t\t<\/div>\n\t\t\t<\/div>\n\t\t\t<div class=\"row\">\n\t\t\t\t<div class=\"col-lg-5 col-md-12 col-sm-12 col-xs-12\">\n\t\t\t\t\t<p><label>Business name*<\/label>\n\t\t\t\t\t<\/p>\n\t\t\t\t<\/div>\n\t\t\t\t<div class=\"col-lg-7 col-md-12 col-sm-12 col-xs-12\">\n\t\t\t\t\t<p><span class=\"wpcf7-form-control-wrap\" data-name=\"businessname\"><input size=\"40\" maxlength=\"400\" class=\"wpcf7-form-control wpcf7-text wpcf7-validates-as-required\" aria-required=\"true\" aria-invalid=\"false\" value=\"\" type=\"text\" name=\"businessname\" \/><\/span>\n\t\t\t\t\t<\/p>\n\t\t\t\t<\/div>\n\t\t\t<\/div>\n\t\t\t<div class=\"row\">\n\t\t\t\t<div class=\"col-lg-5 col-md-12 col-sm-12 col-xs-12\">\n\t\t\t\t\t<p><label>Job title<\/label>\n\t\t\t\t\t<\/p>\n\t\t\t\t<\/div>\n\t\t\t\t<div class=\"col-lg-7 col-md-12 col-sm-12 col-xs-12\">\n\t\t\t\t\t<p><span class=\"wpcf7-form-control-wrap\" data-name=\"menu-761\"><select class=\"wpcf7-form-control wpcf7-select\" aria-invalid=\"false\" name=\"menu-761\"><option value=\"\">&#8212;Please choose an option&#8212;<\/option><option value=\"Head of Anti-Counterfeiting\">Head of Anti-Counterfeiting<\/option><option value=\"Head of Brand Security\">Head of Brand Security<\/option><option value=\"Head of Brand Protection\">Head of Brand Protection<\/option><option value=\"Head of Legal\">Head of Legal<\/option><option value=\"Head of Digital\">Head of Digital<\/option><option value=\"Head of Internet Investigations\">Head of Internet Investigations<\/option><option value=\"Head of Intellectual Property\">Head of Intellectual Property<\/option><option value=\"Head of Sterilization\">Head of Sterilization<\/option><option value=\"Online Protection Manager\">Online Protection Manager<\/option><option value=\"Security Manager\">Security Manager<\/option><option value=\"Global Brand Security Manager\">Global Brand Security Manager<\/option><option value=\"IP Specialist\">IP Specialist<\/option><option value=\"Domain Name Manager\">Domain Name Manager<\/option><option value=\"Marketing Manager\">Marketing Manager<\/option><\/select><\/span>\n\t\t\t\t\t<\/p>\n\t\t\t\t<\/div>\n\t\t\t<\/div>\n\t\t\t<div class=\"row\">\n\t\t\t\t<div class=\"col-lg-5 col-md-12 col-sm-12 col-xs-12\">\n\t\t\t\t\t<p><label>I need information on<\/label>\n\t\t\t\t\t<\/p>\n\t\t\t\t<\/div>\n\t\t\t\t<div class=\"col-lg-7 col-md-12 col-sm-12 col-xs-12\">\n\t\t\t\t\t<p><span class=\"wpcf7-form-control-wrap\" data-name=\"your-subject\"><select class=\"wpcf7-form-control wpcf7-select\" aria-invalid=\"false\" name=\"your-subject\"><option value=\"\">&#8212;Please choose an option&#8212;<\/option><option value=\"Domain portfolio management\">Domain portfolio management<\/option><option value=\"Enterprise DNS\">Enterprise DNS<\/option><option value=\"Digital brand surveillance\">Digital brand surveillance<\/option><option value=\"Digital brand enforcement\">Digital brand enforcement<\/option><option value=\"IP consultancy &amp; legal aid\">IP consultancy &amp; legal aid<\/option><option value=\"Brand reputation monitoring\">Brand reputation monitoring<\/option><\/select><\/span>\n\t\t\t\t\t<\/p>\n\t\t\t\t<\/div>\n\t\t\t<\/div>\n\t\t\t<div class=\"row\">\n\t\t\t\t<div class=\"col-lg-5 col-md-12 col-sm-12 col-xs-12\">\n\t\t\t\t\t<p><label>Your E-mail*<\/label>\n\t\t\t\t\t<\/p>\n\t\t\t\t<\/div>\n\t\t\t\t<div class=\"col-lg-7 col-md-12 col-sm-12 col-xs-12\">\n\t\t\t\t\t<p><span class=\"wpcf7-form-control-wrap\" data-name=\"your-email\"><input size=\"40\" maxlength=\"400\" class=\"wpcf7-form-control wpcf7-email wpcf7-validates-as-required wpcf7-text wpcf7-validates-as-email\" aria-required=\"true\" aria-invalid=\"false\" value=\"\" type=\"email\" name=\"your-email\" \/><\/span>\n\t\t\t\t\t<\/p>\n\t\t\t\t<\/div>\n\t\t\t<\/div>\n\t\t\t<div class=\"row\">\n\t\t\t\t<div class=\"col-lg-5 col-md-12 col-sm-12 col-xs-12\">\n\t\t\t\t\t<p><label>Phone Number<\/label>\n\t\t\t\t\t<\/p>\n\t\t\t\t<\/div>\n\t\t\t\t<div class=\"col-lg-7 col-md-12 col-sm-12 col-xs-12\">\n\t\t\t\t\t<p><span class=\"wpcf7-form-control-wrap\" data-name=\"phonenumber\"><input size=\"40\" maxlength=\"400\" class=\"wpcf7-form-control wpcf7-tel wpcf7-text wpcf7-validates-as-tel\" aria-invalid=\"false\" value=\"\" type=\"tel\" name=\"phonenumber\" \/><\/span>\n\t\t\t\t\t<\/p>\n\t\t\t\t<\/div>\n\t\t\t<\/div>\n\t\t\t<div class=\"row\">\n\t\t\t\t<div class=\"col-lg-5 col-md-12 col-sm-12 col-xs-12\">\n\t\t\t\t\t<p><label>Country<\/label>\n\t\t\t\t\t<\/p>\n\t\t\t\t<\/div>\n\t\t\t\t<div class=\"col-lg-7 col-md-12 col-sm-12 col-xs-12\">\n\t\t\t\t\t<p><span class=\"wpcf7-form-control-wrap menu-212\"><select name=\"menu-212\" class=\"wpcf7-form-control wpcf7-geoip_detect2_countries\" aria-invalid=\"false\" autocomplete=\"off\" ><option data-c=\"af\">Afghanistan<\/option><option data-c=\"al\">Albania<\/option><option data-c=\"dz\">Algeria<\/option><option data-c=\"as\">American Samoa<\/option><option data-c=\"ad\">Andorra<\/option><option data-c=\"ao\">Angola<\/option><option data-c=\"ai\">Anguilla<\/option><option data-c=\"aq\">Antarctica<\/option><option data-c=\"ag\">Antigua and Barbuda<\/option><option data-c=\"ar\">Argentina<\/option><option data-c=\"am\">Armenia<\/option><option data-c=\"aw\">Aruba<\/option><option data-c=\"au\">Australia<\/option><option data-c=\"at\">Austria<\/option><option data-c=\"az\">Azerbaijan<\/option><option data-c=\"bs\">Bahamas<\/option><option data-c=\"bh\">Bahrain<\/option><option data-c=\"bd\">Bangladesh<\/option><option data-c=\"bb\">Barbados<\/option><option data-c=\"by\">Belarus<\/option><option data-c=\"be\">Belgium<\/option><option data-c=\"bz\">Belize<\/option><option data-c=\"bj\">Benin<\/option><option data-c=\"bm\">Bermuda<\/option><option data-c=\"bt\">Bhutan<\/option><option data-c=\"bo\">Bolivia<\/option><option data-c=\"bq\">Bonaire, Sint Eustatius, and Saba<\/option><option data-c=\"ba\">Bosnia and Herzegovina<\/option><option data-c=\"bw\">Botswana<\/option><option data-c=\"bv\">Bouvet Island<\/option><option data-c=\"br\">Brazil<\/option><option data-c=\"io\">British Indian Ocean Territory<\/option><option data-c=\"vg\">British Virgin Islands<\/option><option data-c=\"bn\">Brunei<\/option><option data-c=\"bg\">Bulgaria<\/option><option data-c=\"bf\">Burkina Faso<\/option><option data-c=\"bi\">Burundi<\/option><option data-c=\"cv\">Cabo Verde<\/option><option data-c=\"kh\">Cambodia<\/option><option data-c=\"cm\">Cameroon<\/option><option data-c=\"ca\">Canada<\/option><option data-c=\"ky\">Cayman Islands<\/option><option data-c=\"cf\">Central African Republic<\/option><option data-c=\"td\">Chad<\/option><option data-c=\"cl\">Chile<\/option><option data-c=\"cn\">China<\/option><option data-c=\"cx\">Christmas Island<\/option><option data-c=\"cc\">Cocos (Keeling) Islands<\/option><option data-c=\"co\">Colombia<\/option><option data-c=\"km\">Comoros<\/option><option data-c=\"cg\">Congo Republic<\/option><option data-c=\"ck\">Cook Islands<\/option><option data-c=\"cr\">Costa Rica<\/option><option data-c=\"hr\">Croatia<\/option><option data-c=\"cu\">Cuba<\/option><option data-c=\"cw\">Cura\u00e7ao<\/option><option data-c=\"cy\">Cyprus<\/option><option data-c=\"cz\">Czechia<\/option><option data-c=\"cd\">DR Congo<\/option><option data-c=\"dk\">Denmark<\/option><option data-c=\"dj\">Djibouti<\/option><option data-c=\"dm\">Dominica<\/option><option data-c=\"do\">Dominican Republic<\/option><option data-c=\"ec\">Ecuador<\/option><option data-c=\"eg\">Egypt<\/option><option data-c=\"sv\">El Salvador<\/option><option data-c=\"gq\">Equatorial Guinea<\/option><option data-c=\"er\">Eritrea<\/option><option data-c=\"ee\">Estonia<\/option><option data-c=\"sz\">Eswatini<\/option><option data-c=\"et\">Ethiopia<\/option><option data-c=\"fk\">Falkland Islands<\/option><option data-c=\"fo\">Faroe Islands<\/option><option data-c=\"fj\">Fiji<\/option><option data-c=\"fi\">Finland<\/option><option data-c=\"fr\">France<\/option><option data-c=\"gf\">French Guiana<\/option><option data-c=\"pf\">French Polynesia<\/option><option data-c=\"tf\">French Southern Territories<\/option><option data-c=\"ga\">Gabon<\/option><option data-c=\"ge\">Georgia<\/option><option data-c=\"de\">Germany<\/option><option data-c=\"gh\">Ghana<\/option><option data-c=\"gi\">Gibraltar<\/option><option data-c=\"gr\">Greece<\/option><option data-c=\"gl\">Greenland<\/option><option data-c=\"gd\">Grenada<\/option><option data-c=\"gp\">Guadeloupe<\/option><option data-c=\"gu\">Guam<\/option><option data-c=\"gt\">Guatemala<\/option><option data-c=\"gg\">Guernsey<\/option><option data-c=\"gn\">Guinea<\/option><option data-c=\"gw\">Guinea-Bissau<\/option><option data-c=\"gy\">Guyana<\/option><option data-c=\"ht\">Haiti<\/option><option data-c=\"hm\">Heard and McDonald Islands<\/option><option data-c=\"hn\">Honduras<\/option><option data-c=\"hk\">Hong Kong<\/option><option data-c=\"hu\">Hungary<\/option><option data-c=\"is\">Iceland<\/option><option data-c=\"in\">India<\/option><option data-c=\"id\">Indonesia<\/option><option data-c=\"ir\">Iran<\/option><option data-c=\"iq\">Iraq<\/option><option data-c=\"ie\">Ireland<\/option><option data-c=\"im\">Isle of Man<\/option><option data-c=\"il\">Israel<\/option><option data-c=\"it\">Italy<\/option><option data-c=\"ci\">Ivory Coast<\/option><option data-c=\"jm\">Jamaica<\/option><option data-c=\"jp\">Japan<\/option><option data-c=\"je\">Jersey<\/option><option data-c=\"jo\">Jordan<\/option><option data-c=\"kz\">Kazakhstan<\/option><option data-c=\"ke\">Kenya<\/option><option data-c=\"ki\">Kiribati<\/option><option data-c=\"xk\">Kosovo<\/option><option data-c=\"kw\">Kuwait<\/option><option data-c=\"kg\">Kyrgyzstan<\/option><option data-c=\"la\">Laos<\/option><option data-c=\"lv\">Latvia<\/option><option data-c=\"lb\">Lebanon<\/option><option data-c=\"ls\">Lesotho<\/option><option data-c=\"lr\">Liberia<\/option><option data-c=\"ly\">Libya<\/option><option data-c=\"li\">Liechtenstein<\/option><option data-c=\"lt\">Lithuania<\/option><option data-c=\"lu\">Luxembourg<\/option><option data-c=\"mo\">Macao<\/option><option data-c=\"mg\">Madagascar<\/option><option data-c=\"mw\">Malawi<\/option><option data-c=\"my\">Malaysia<\/option><option data-c=\"mv\">Maldives<\/option><option data-c=\"ml\">Mali<\/option><option data-c=\"mt\">Malta<\/option><option data-c=\"mh\">Marshall Islands<\/option><option data-c=\"mq\">Martinique<\/option><option data-c=\"mr\">Mauritania<\/option><option data-c=\"mu\">Mauritius<\/option><option data-c=\"yt\">Mayotte<\/option><option data-c=\"mx\">Mexico<\/option><option data-c=\"fm\">Micronesia<\/option><option data-c=\"md\">Moldova<\/option><option data-c=\"mc\">Monaco<\/option><option data-c=\"mn\">Mongolia<\/option><option data-c=\"me\">Montenegro<\/option><option data-c=\"ms\">Montserrat<\/option><option data-c=\"ma\">Morocco<\/option><option data-c=\"mz\">Mozambique<\/option><option data-c=\"mm\">Myanmar<\/option><option data-c=\"na\">Namibia<\/option><option data-c=\"nr\">Nauru<\/option><option data-c=\"np\">Nepal<\/option><option data-c=\"nc\">New Caledonia<\/option><option data-c=\"nz\">New Zealand<\/option><option data-c=\"ni\">Nicaragua<\/option><option data-c=\"ne\">Niger<\/option><option data-c=\"ng\">Nigeria<\/option><option data-c=\"nu\">Niue<\/option><option data-c=\"nf\">Norfolk Island<\/option><option data-c=\"kp\">North Korea<\/option><option data-c=\"mk\">North Macedonia<\/option><option data-c=\"mp\">Northern Mariana Islands<\/option><option data-c=\"no\">Norway<\/option><option data-c=\"om\">Oman<\/option><option data-c=\"pk\">Pakistan<\/option><option data-c=\"pw\">Palau<\/option><option data-c=\"ps\">Palestine<\/option><option data-c=\"pa\">Panama<\/option><option data-c=\"pg\">Papua New Guinea<\/option><option data-c=\"py\">Paraguay<\/option><option data-c=\"pe\">Peru<\/option><option data-c=\"ph\">Philippines<\/option><option data-c=\"pn\">Pitcairn Islands<\/option><option data-c=\"pl\">Poland<\/option><option data-c=\"pt\">Portugal<\/option><option data-c=\"pr\">Puerto Rico<\/option><option data-c=\"qa\">Qatar<\/option><option data-c=\"ro\">Romania<\/option><option data-c=\"ru\">Russia<\/option><option data-c=\"rw\">Rwanda<\/option><option data-c=\"re\">R\u00e9union<\/option><option data-c=\"bl\">Saint Barth\u00e9lemy<\/option><option data-c=\"sh\">Saint Helena<\/option><option data-c=\"lc\">Saint Lucia<\/option><option data-c=\"mf\">Saint Martin<\/option><option data-c=\"pm\">Saint Pierre and Miquelon<\/option><option data-c=\"ws\">Samoa<\/option><option data-c=\"sm\">San Marino<\/option><option data-c=\"sa\">Saudi Arabia<\/option><option data-c=\"sn\">Senegal<\/option><option data-c=\"rs\">Serbia<\/option><option data-c=\"sc\">Seychelles<\/option><option data-c=\"sl\">Sierra Leone<\/option><option data-c=\"sg\">Singapore<\/option><option data-c=\"sx\">Sint Maarten<\/option><option data-c=\"sk\">Slovakia<\/option><option data-c=\"si\">Slovenia<\/option><option data-c=\"sb\">Solomon Islands<\/option><option data-c=\"so\">Somalia<\/option><option data-c=\"za\">South Africa<\/option><option data-c=\"gs\">South Georgia and South Sandwich Islands<\/option><option data-c=\"kr\">South Korea<\/option><option data-c=\"ss\">South Sudan<\/option><option data-c=\"es\">Spain<\/option><option data-c=\"lk\">Sri Lanka<\/option><option data-c=\"kn\">St Kitts and Nevis<\/option><option data-c=\"vc\">St Vincent and Grenadines<\/option><option data-c=\"sd\">Sudan<\/option><option data-c=\"sr\">Suriname<\/option><option data-c=\"sj\">Svalbard and Jan Mayen<\/option><option data-c=\"se\">Sweden<\/option><option data-c=\"ch\">Switzerland<\/option><option data-c=\"sy\">Syria<\/option><option data-c=\"st\">S\u00e3o Tom\u00e9 and Pr\u00edncipe<\/option><option data-c=\"tw\">Taiwan<\/option><option data-c=\"tj\">Tajikistan<\/option><option data-c=\"tz\">Tanzania<\/option><option data-c=\"th\">Thailand<\/option><option data-c=\"gm\">The Gambia<\/option><option data-c=\"nl\">The Netherlands<\/option><option data-c=\"tl\">Timor-Leste<\/option><option data-c=\"tg\">Togo<\/option><option data-c=\"tk\">Tokelau<\/option><option data-c=\"to\">Tonga<\/option><option data-c=\"tt\">Trinidad and Tobago<\/option><option data-c=\"tn\">Tunisia<\/option><option data-c=\"tm\">Turkmenistan<\/option><option data-c=\"tc\">Turks and Caicos Islands<\/option><option data-c=\"tv\">Tuvalu<\/option><option data-c=\"tr\">T\u00fcrkiye<\/option><option data-c=\"um\">U.S. Outlying Islands<\/option><option data-c=\"vi\">U.S. Virgin Islands<\/option><option data-c=\"ug\">Uganda<\/option><option data-c=\"ua\">Ukraine<\/option><option data-c=\"ae\">United Arab Emirates<\/option><option data-c=\"gb\">United Kingdom<\/option><option data-c=\"us\">United States<\/option><option data-c=\"uy\">Uruguay<\/option><option data-c=\"uz\">Uzbekistan<\/option><option data-c=\"vu\">Vanuatu<\/option><option data-c=\"va\">Vatican City<\/option><option data-c=\"ve\">Venezuela<\/option><option data-c=\"vn\">Vietnam<\/option><option data-c=\"wf\">Wallis and Futuna<\/option><option data-c=\"eh\">Western Sahara<\/option><option data-c=\"ye\">Yemen<\/option><option data-c=\"zm\">Zambia<\/option><option data-c=\"zw\">Zimbabwe<\/option><option data-c=\"ax\">\u00c5land<\/option><\/select> <\/span>\n\t\t\t\t\t<\/p>\n\t\t\t\t<\/div>\n\t\t\t<\/div>\n\t\t\t<div class=\"row\">\n\t\t\t\t<div class=\"col-lg-5 col-md-12 col-sm-12 col-xs-12\">\n\t\t\t\t\t<p><label>Subscribe to our newsletter<\/label>\n\t\t\t\t\t<\/p>\n\t\t\t\t<\/div>\n\t\t\t\t<div class=\"col-lg-7 col-md-12 col-sm-12 col-xs-12\">\n\t\t\t\t\t<p><input name=\"checkbox-310\" value=\"yes\" type=\"checkbox\" checked=true style=\"width: 15px;\" \/>\n\t\t\t\t\t<\/p>\n\t\t\t\t<\/div>\n\t\t\t<\/div>\n\t\t<\/td>\n\t\t<td align=left valign=top style=\"padding-left: 20px;\">\n\t\t\t<div class=\"row\">\n\t\t\t\t<div class=\"col-lg-5 col-md-12 col-sm-12 col-xs-12\">\n\t\t\t\t\t<p><label>Message*<\/label>\n\t\t\t\t\t<\/p>\n\t\t\t\t<\/div>\n\t\t\t<\/div>\n\t\t\t<div class=\"row\">\n\t\t\t\t<div class=\"col-lg-7 col-md-12 col-sm-12 col-xs-12\">\n\t\t\t\t\t<p><span class=\"wpcf7-form-control-wrap\" data-name=\"textarea-346\"><textarea cols=\"40\" rows=\"10\" maxlength=\"2000\" class=\"wpcf7-form-control wpcf7-textarea wpcf7-validates-as-required\" aria-required=\"true\" aria-invalid=\"false\" name=\"textarea-346\"><\/textarea><\/span>\n\t\t\t\t\t<\/p>\n\t\t\t\t<\/div>\n\t\t\t<\/div>\n\t\t<\/td>\n\t<\/tr>\n<\/table>\n<div class=\"row\">\n\t<div class=\"col-lg-12 col-md-12 col-sm-12 col-xs-12\">\n\t\t<p><span style=\"font-size: 10px; color: #717171;\">By clicking submit you are agreeing to our Terms and Conditions and Privacy Policy<\/span><input class=\"wpcf7-form-control wpcf7-submit has-spinner\" type=\"submit\" value=\"Submit\" \/>\n\t\t<\/p>\n\t<\/div>\n<\/div>\n<input class=\"wpcf7-form-control wpcf7-hidden\" value=\"Web Site\" type=\"hidden\" name=\"lead-source\" \/><div class=\"wpcf7-response-output\" aria-hidden=\"true\"><\/div>\n<\/form>\n<\/div>\n<\/div>\n<\/div>\n<\/div>\n<\/div>\n","protected":false},"excerpt":{"rendered":"<p>dotNice International Limited The Digital Depot Thomas Street West Dublin 8 D08 TCV4 Republic of Ireland +353 (0)1 2308000 dotNice Italia srl Via di Pietralata 191 00158 Roma Italia +39 06 45427296 Global Customer Support Email: Registrar Abuse Contact Email:<\/p>\n","protected":false},"author":6,"featured_media":0,"parent":0,"menu_order":0,"comment_status":"closed","ping_status":"closed","template":"","meta":{"footnotes":""},"class_list":["post-86","page","type-page","status-publish","hentry"],"yoast_head":"<!-- This site is optimized with the Yoast SEO plugin v27.4 - https:\/\/yoast.com\/product\/yoast-seo-wordpress\/ -->\n<title>Contact - dotNice<\/title>\n<meta name=\"description\" content=\"dotNice contact details, EMEA headquarter, Dublin and Italy offices, how to reach us for all your brand protection needs, brand protection companies\" \/>\n<meta name=\"robots\" content=\"index, follow, max-snippet:-1, max-image-preview:large, max-video-preview:-1\" \/>\n<meta property=\"og:locale\" content=\"en_US\" \/>\n<meta property=\"og:type\" content=\"article\" \/>\n<meta property=\"og:title\" content=\"Contact - dotNice\" \/>\n<meta property=\"og:description\" content=\"dotNice contact details, EMEA headquarter, Dublin and Italy offices, how to reach us for all your brand protection needs, brand protection companies\" \/>\n<meta property=\"og:url\" content=\"https:\/\/stg.dotnice.com\/en\/contact\/\" \/>\n<meta property=\"og:site_name\" content=\"dotNice\" \/>\n<meta property=\"article:modified_time\" content=\"2023-04-23T05:56:47+00:00\" \/>\n<meta name=\"twitter:card\" content=\"summary_large_image\" \/>\n<meta name=\"twitter:label1\" content=\"Est. reading time\" \/>\n\t<meta name=\"twitter:data1\" content=\"1 minute\" \/>\n<script type=\"application\/ld+json\" class=\"yoast-schema-graph\">{\"@context\":\"https:\\\/\\\/schema.org\",\"@graph\":[{\"@type\":\"WebPage\",\"@id\":\"https:\\\/\\\/stg.dotnice.com\\\/en\\\/contact\\\/\",\"url\":\"https:\\\/\\\/stg.dotnice.com\\\/en\\\/contact\\\/\",\"name\":\"Contact - dotNice\",\"isPartOf\":{\"@id\":\"https:\\\/\\\/stg.dotnice.com\\\/en\\\/#website\"},\"datePublished\":\"2014-06-10T01:55:42+00:00\",\"dateModified\":\"2023-04-23T05:56:47+00:00\",\"description\":\"dotNice contact details, EMEA headquarter, Dublin and Italy offices, how to reach us for all your brand protection needs, brand protection companies\",\"breadcrumb\":{\"@id\":\"https:\\\/\\\/stg.dotnice.com\\\/en\\\/contact\\\/#breadcrumb\"},\"inLanguage\":\"en-US\",\"potentialAction\":[{\"@type\":\"ReadAction\",\"target\":[\"https:\\\/\\\/stg.dotnice.com\\\/en\\\/contact\\\/\"]}]},{\"@type\":\"BreadcrumbList\",\"@id\":\"https:\\\/\\\/stg.dotnice.com\\\/en\\\/contact\\\/#breadcrumb\",\"itemListElement\":[{\"@type\":\"ListItem\",\"position\":1,\"name\":\"Home\",\"item\":\"https:\\\/\\\/stg.dotnice.com\\\/en\\\/\"},{\"@type\":\"ListItem\",\"position\":2,\"name\":\"Contact\"}]},{\"@type\":\"WebSite\",\"@id\":\"https:\\\/\\\/stg.dotnice.com\\\/en\\\/#website\",\"url\":\"https:\\\/\\\/stg.dotnice.com\\\/en\\\/\",\"name\":\"dotNice\",\"description\":\"digital brand protection\",\"potentialAction\":[{\"@type\":\"SearchAction\",\"target\":{\"@type\":\"EntryPoint\",\"urlTemplate\":\"https:\\\/\\\/stg.dotnice.com\\\/en\\\/?s={search_term_string}\"},\"query-input\":{\"@type\":\"PropertyValueSpecification\",\"valueRequired\":true,\"valueName\":\"search_term_string\"}}],\"inLanguage\":\"en-US\"}]}<\/script>\n<!-- \/ Yoast SEO plugin. -->","yoast_head_json":{"title":"Contact - dotNice","description":"dotNice contact details, EMEA headquarter, Dublin and Italy offices, how to reach us for all your brand protection needs, brand protection companies","robots":{"index":"index","follow":"follow","max-snippet":"max-snippet:-1","max-image-preview":"max-image-preview:large","max-video-preview":"max-video-preview:-1"},"og_locale":"en_US","og_type":"article","og_title":"Contact - dotNice","og_description":"dotNice contact details, EMEA headquarter, Dublin and Italy offices, how to reach us for all your brand protection needs, brand protection companies","og_url":"https:\/\/stg.dotnice.com\/en\/contact\/","og_site_name":"dotNice","article_modified_time":"2023-04-23T05:56:47+00:00","twitter_card":"summary_large_image","twitter_misc":{"Est. reading time":"1 minute"},"schema":{"@context":"https:\/\/schema.org","@graph":[{"@type":"WebPage","@id":"https:\/\/stg.dotnice.com\/en\/contact\/","url":"https:\/\/stg.dotnice.com\/en\/contact\/","name":"Contact - dotNice","isPartOf":{"@id":"https:\/\/stg.dotnice.com\/en\/#website"},"datePublished":"2014-06-10T01:55:42+00:00","dateModified":"2023-04-23T05:56:47+00:00","description":"dotNice contact details, EMEA headquarter, Dublin and Italy offices, how to reach us for all your brand protection needs, brand protection companies","breadcrumb":{"@id":"https:\/\/stg.dotnice.com\/en\/contact\/#breadcrumb"},"inLanguage":"en-US","potentialAction":[{"@type":"ReadAction","target":["https:\/\/stg.dotnice.com\/en\/contact\/"]}]},{"@type":"BreadcrumbList","@id":"https:\/\/stg.dotnice.com\/en\/contact\/#breadcrumb","itemListElement":[{"@type":"ListItem","position":1,"name":"Home","item":"https:\/\/stg.dotnice.com\/en\/"},{"@type":"ListItem","position":2,"name":"Contact"}]},{"@type":"WebSite","@id":"https:\/\/stg.dotnice.com\/en\/#website","url":"https:\/\/stg.dotnice.com\/en\/","name":"dotNice","description":"digital brand protection","potentialAction":[{"@type":"SearchAction","target":{"@type":"EntryPoint","urlTemplate":"https:\/\/stg.dotnice.com\/en\/?s={search_term_string}"},"query-input":{"@type":"PropertyValueSpecification","valueRequired":true,"valueName":"search_term_string"}}],"inLanguage":"en-US"}]}},"_links":{"self":[{"href":"https:\/\/stg.dotnice.com\/en\/wp-json\/wp\/v2\/pages\/86","targetHints":{"allow":["GET"]}}],"collection":[{"href":"https:\/\/stg.dotnice.com\/en\/wp-json\/wp\/v2\/pages"}],"about":[{"href":"https:\/\/stg.dotnice.com\/en\/wp-json\/wp\/v2\/types\/page"}],"author":[{"embeddable":true,"href":"https:\/\/stg.dotnice.com\/en\/wp-json\/wp\/v2\/users\/6"}],"replies":[{"embeddable":true,"href":"https:\/\/stg.dotnice.com\/en\/wp-json\/wp\/v2\/comments?post=86"}],"version-history":[{"count":0,"href":"https:\/\/stg.dotnice.com\/en\/wp-json\/wp\/v2\/pages\/86\/revisions"}],"wp:attachment":[{"href":"https:\/\/stg.dotnice.com\/en\/wp-json\/wp\/v2\/media?parent=86"}],"curies":[{"name":"wp","href":"https:\/\/api.w.org\/{rel}","templated":true}]}}